{"id":132120,"date":"2023-05-09T14:41:38","date_gmt":"2023-05-09T14:41:38","guid":{"rendered":"https:\/\/hgh-infrared.com\/privacy-policy\/\/\/"},"modified":"2024-03-15T15:54:53","modified_gmt":"2024-03-15T15:54:53","slug":"privacy-policy","status":"publish","type":"page","link":"https:\/\/hgh-infrared.com\/fr\/privacy-policy\/","title":{"rendered":"Politique de confidentialit\u00e9"},"content":{"rendered":"<p>HGH Syst\u00e8mes Infrarouges s&rsquo;engage \u00e0 s\u00e9curiser et \u00e0 prot\u00e9ger vos donn\u00e9es personnelles collect\u00e9es sur le site web XXXX. Cet avis de confidentialit\u00e9 vise \u00e0 vous donner des informations sur la fa\u00e7on dont HGH Syst\u00e8mes Infrarouges collecte et traite vos donn\u00e9es personnelles.<br \/>\nToutes les op\u00e9rations sur vos donn\u00e9es personnelles sont effectu\u00e9es dans le respect du R\u00e8glement G\u00e9n\u00e9ral sur la Protection des Donn\u00e9es (RGPD) et de la loi n\u00b0 78-17 du 6 janvier 1978 relative \u00e0 l&rsquo;informatique, aux fichiers et aux libert\u00e9s. L&rsquo;utilisateur du site reconna\u00eet avoir pris connaissance et accept\u00e9 la pr\u00e9sente politique relative au traitement des donn\u00e9es personnelles. Si l&rsquo;utilisateur n&rsquo;est pas d&rsquo;accord avec ces termes, il est libre de ne pas utiliser les sites web de HGH Syst\u00e8mes Infrarouges et ne fournit aucune donn\u00e9e personnelle.<\/p>\n<p><strong>1 &#8211; Qui sommes-nous<\/strong><br \/>\nVos donn\u00e9es personnelles sont collect\u00e9es par HGH Syst\u00e8mes Infrarouges SAS, au capital de 1 000 000 \u20ac, 10 rue Maryse Basti\u00e9, 91430 Igny, France.<\/p>\n<p><strong>2 &#8211; Les donn\u00e9es que nous collectons \u00e0 votre sujet<\/strong><br \/>\nVous pouvez choisir de naviguer sur nos sites web sans divulguer vos donn\u00e9es personnelles.<br \/>\nLa collecte de vos donn\u00e9es personnelles est effectu\u00e9e de mani\u00e8re transparente gr\u00e2ce \u00e0 la pr\u00e9sence d&rsquo;avis de confidentialit\u00e9 ou de r\u00e9f\u00e9rence \u00e0 cette politique.<br \/>\nLes donn\u00e9es personnelles sont des informations vous concernant telles que le titre, le pr\u00e9nom, le nom, l&rsquo;adresse postale, l&rsquo;adresse \u00e9lectronique, le num\u00e9ro de t\u00e9l\u00e9phone, le login\/mot de passe de votre compte personnel sur notre site web ainsi que vos centres d&rsquo;int\u00e9r\u00eat en mati\u00e8re de produits.<\/p>\n<p><strong>3 &#8211; Finalit\u00e9s pour lesquelles nous utiliserons vos donn\u00e9es personnelles<\/strong><br \/>\nHGH Syst\u00e8mes Infrarouges s&rsquo;engage \u00e0 ne collecter des donn\u00e9es personnelles que pour des finalit\u00e9s d\u00e9termin\u00e9es et explicites et \u00e0 ne pas traiter ces donn\u00e9es d&rsquo;une mani\u00e8re incompatible avec ces finalit\u00e9s.<br \/>\nHGH Syst\u00e8mes Infrarouges s&rsquo;engage \u00e0 ne traiter que les donn\u00e9es personnelles pertinentes au regard de la finalit\u00e9 de la collecte.<br \/>\nVos donn\u00e9es personnelles sont collect\u00e9es et utilis\u00e9es pour acc\u00e9der aux fonctionnalit\u00e9s et services propos\u00e9s sur nos sites web aux fins suivantes :<br \/>\n&#8211; Vous fournir des informations sur nos produits, services et toute information que vous pourriez nous demander<br \/>\n&#8211; Cr\u00e9er un compte personnel sur notre site web<br \/>\n&#8211; Vous fournir un support apr\u00e8s-vente, une maintenance, un service et des r\u00e9parations<br \/>\n&#8211; Ex\u00e9cuter nos obligations d\u00e9coulant de tout contrat conclu entre vous et nous.<\/p>\n<p><strong>4 &#8211; Destinataires des donn\u00e9es personnelles<\/strong><br \/>\nVos donn\u00e9es personnelles seront conserv\u00e9es par HGH Syst\u00e8mes Infrarouges. Cependant, HGH Syst\u00e8mes Infrarouges vend ses produits et services dans le monde entier \u00e0 travers un r\u00e9seau commercial d&rsquo;affili\u00e9s, de distributeurs, d&rsquo;agents et d&rsquo;int\u00e9grateurs. Dans ce contexte, HGH Syst\u00e8mes Infrarouges peut partager vos donn\u00e9es personnelles avec les membres de son r\u00e9seau de vente qui peuvent \u00eatre bas\u00e9s en dehors de l&rsquo;Espace Economique Europ\u00e9en.<br \/>\nNous pouvons \u00e9galement divulguer vos donn\u00e9es \u00e0 des soci\u00e9t\u00e9s tierces soigneusement s\u00e9lectionn\u00e9es, telles que des prestataires de services, des fournisseurs ou des sous-traitants, pour ex\u00e9cuter des services au nom des instructions donn\u00e9es par HGH Syst\u00e8mes Infrarouges.<\/p>\n<p><strong>5 &#8211; Conservation des donn\u00e9es<\/strong><br \/>\nHGH Syst\u00e8mes Infrarouges conservera vos donn\u00e9es personnelles dans un environnement s\u00e9curis\u00e9 aussi longtemps que n\u00e9cessaire pour atteindre les objectifs pour lesquels nous les avons collect\u00e9es, y compris pour satisfaire aux exigences l\u00e9gales ou r\u00e9glementaires.<\/p>\n<p><strong>6 &#8211; S\u00e9curit\u00e9 des donn\u00e9es<\/strong><br \/>\nHGH Syst\u00e8mes Infrarouges a mis en place des mesures techniques et de s\u00e9curit\u00e9 appropri\u00e9es pour \u00e9viter que vos donn\u00e9es personnelles ne soient accidentellement perdues, d\u00e9truites, falsifi\u00e9es ou divulgu\u00e9es \u00e0 des tiers.<\/p>\n<p><strong>7 &#8211; Vos droits l\u00e9gaux<\/strong><br \/>\nConform\u00e9ment au r\u00e8glement g\u00e9n\u00e9ral sur la protection des donn\u00e9es, vous pouvez demander l&rsquo;acc\u00e8s, la rectification, la mise \u00e0 jour ou l&rsquo;effacement de vos donn\u00e9es \u00e0 caract\u00e8re personnel, ainsi que vous opposer \u00e0 notre traitement de vos donn\u00e9es \u00e0 caract\u00e8re personnel. Si vous souhaitez exercer l&rsquo;un de ces droits, veuillez adresser votre demande \u00e0 : hgh@hgh-infrared.com.<\/p>\n<p><strong>8 &#8211; Liens avec des tiers<\/strong><br \/>\nLes sites web de HGH Syst\u00e8mes Infrarouges peuvent inclure des liens vers des sites web de tiers. HGH Syst\u00e8mes Infrarouges ne contr\u00f4le pas ces sites tiers et n&rsquo;est pas responsable de leurs d\u00e9clarations de confidentialit\u00e9. Lorsque vous quittez les sites web de HGH, nous vous encourageons \u00e0 lire l&rsquo;avis de confidentialit\u00e9 de chaque site web que vous visitez.<\/p>\n<p><strong>9 &#8211; Modifications de la pr\u00e9sente d\u00e9claration de confidentialit\u00e9 en ligne<\/strong><br \/>\nToute modification que nous pourrions apporter \u00e0 l&rsquo;avenir \u00e0 notre politique de confidentialit\u00e9 sera publi\u00e9e sur cette page. Nous vous recommandons de consulter r\u00e9guli\u00e8rement la pr\u00e9sente d\u00e9claration de confidentialit\u00e9 en ligne pour prendre connaissance des \u00e9ventuelles modifications.<\/p>\n<p><strong>10 &#8211; Coordonn\u00e9es<\/strong><br \/>\nLes questions, commentaires et demandes concernant vos donn\u00e9es personnelles en possession de HGH Syst\u00e8mes Infrarouges sont les bienvenus, veuillez nous contacter \u00e0 l&rsquo;une des adresses suivantes :<\/p>\n<p><strong>Email<\/strong> : hgh@hgh-infrared.com<\/p>\n<p><strong>Adresse postale HGH Syst\u00e8mes Infrarouges :<\/strong><br \/>\n10 rue Maryse Basti\u00e9<br \/>\n91430 Igny &#8211; France<\/p>\n<p><strong>T\u00e9l\u00e9phone<\/strong> : + 33 1 69 35 47 70<br \/>\n<strong>Fax<\/strong> : +33 1 69 35 47 80<\/p>\n","protected":false},"excerpt":{"rendered":"<p>HGH Syst\u00e8mes Infrarouges s&rsquo;engage \u00e0 s\u00e9curiser et \u00e0 prot\u00e9ger vos donn\u00e9es personnelles collect\u00e9es sur le site web XXXX. Cet avis [&hellip;]<\/p>\n","protected":false},"author":8,"featured_media":0,"parent":0,"menu_order":0,"comment_status":"closed","ping_status":"closed","template":"","meta":{"footnotes":""},"class_list":["post-132120","page","type-page","status-publish","hentry"],"_links":{"self":[{"href":"https:\/\/hgh-infrared.com\/fr\/wp-json\/wp\/v2\/pages\/132120","targetHints":{"allow":["GET"]}}],"collection":[{"href":"https:\/\/hgh-infrared.com\/fr\/wp-json\/wp\/v2\/pages"}],"about":[{"href":"https:\/\/hgh-infrared.com\/fr\/wp-json\/wp\/v2\/types\/page"}],"author":[{"embeddable":true,"href":"https:\/\/hgh-infrared.com\/fr\/wp-json\/wp\/v2\/users\/8"}],"replies":[{"embeddable":true,"href":"https:\/\/hgh-infrared.com\/fr\/wp-json\/wp\/v2\/comments?post=132120"}],"version-history":[{"count":1,"href":"https:\/\/hgh-infrared.com\/fr\/wp-json\/wp\/v2\/pages\/132120\/revisions"}],"predecessor-version":[{"id":132121,"href":"https:\/\/hgh-infrared.com\/fr\/wp-json\/wp\/v2\/pages\/132120\/revisions\/132121"}],"wp:attachment":[{"href":"https:\/\/hgh-infrared.com\/fr\/wp-json\/wp\/v2\/media?parent=132120"}],"curies":[{"name":"wp","href":"https:\/\/api.w.org\/{rel}","templated":true}]}}