{"id":139450,"date":"2025-04-10T23:09:17","date_gmt":"2025-04-10T23:09:17","guid":{"rendered":"https:\/\/hgh-infrared.com\/applications-principales-ith\/"},"modified":"2026-02-11T13:58:42","modified_gmt":"2026-02-11T13:58:42","slug":"applications","status":"publish","type":"page","link":"https:\/\/hgh-infrared.com\/fr\/ith\/applications\/","title":{"rendered":"Applications"},"content":{"rendered":"<div class=\"wpb-content-wrapper\"><p>[vc_row unlock_row_content=\u00a0\u00bbyes\u00a0\u00bb row_height_percent=\u00a0\u00bb0&Prime; override_padding=\u00a0\u00bbyes\u00a0\u00bb h_padding=\u00a0\u00bb2&Prime; top_padding=\u00a0\u00bb3&Prime; bottom_padding=\u00a0\u00bb3&Prime; back_color=\u00a0\u00bbcolor-jevc\u00a0\u00bb back_image=\u00a0\u00bb139727&Prime; back_repeat=\u00a0\u00bbno-repeat\u00a0\u00bb overlay_alpha=\u00a0\u00bb50&Prime; gutter_size=\u00a0\u00bb3&Prime; column_width_percent=\u00a0\u00bb100&Prime; shift_y=\u00a0\u00bb0&Prime; z_index=\u00a0\u00bb0&Prime; mobile_visibility=\u00a0\u00bbyes\u00a0\u00bb content_parallax=\u00a0\u00bb0&Prime; uncode_shortcode_id=\u00a0\u00bb193359&Prime; back_color_type=\u00a0\u00bbuncode-palette\u00a0\u00bb][vc_column column_width_percent=\u00a0\u00bb100&Prime; position_horizontal=\u00a0\u00bbleft\u00a0\u00bb position_vertical=\u00a0\u00bbmiddle\u00a0\u00bb gutter_size=\u00a0\u00bb1&Prime; style=\u00a0\u00bbdark\u00a0\u00bb overlay_alpha=\u00a0\u00bb50&Prime; shift_x=\u00a0\u00bb0&Prime; shift_y=\u00a0\u00bb0&Prime; shift_y_down=\u00a0\u00bb0&Prime; z_index=\u00a0\u00bb0&Prime; medium_width=\u00a0\u00bb0&Prime; mobile_width=\u00a0\u00bb0&Prime; width=\u00a0\u00bb1\/1&Prime; uncode_shortcode_id=\u00a0\u00bb747725&Prime;][uncode_breadcrumbs el_class=\u00a0\u00bbbreadcrumbs-ith\u00a0\u00bb][vc_empty_space empty_h=\u00a0\u00bb1&Prime;][vc_empty_space empty_h=\u00a0\u00bb0&Prime;][vc_row_inner row_inner_height_percent=\u00a0\u00bb0&Prime; overlay_alpha=\u00a0\u00bb50&Prime; gutter_size=\u00a0\u00bb3&Prime; shift_y=\u00a0\u00bb0&Prime; z_index=\u00a0\u00bb0&Prime; uncode_shortcode_id=\u00a0\u00bb854912&Prime; css=\u00a0\u00bb.vc_custom_1746179399547{padding-left: 36px !important;}\u00a0\u00bb][vc_column_inner column_width_percent=\u00a0\u00bb100&Prime; gutter_size=\u00a0\u00bb0&Prime; overlay_alpha=\u00a0\u00bb50&Prime; shift_x=\u00a0\u00bb0&Prime; shift_y=\u00a0\u00bb0&Prime; shift_y_down=\u00a0\u00bb0&Prime; z_index=\u00a0\u00bb0&Prime; medium_width=\u00a0\u00bb0&Prime; mobile_width=\u00a0\u00bb0&Prime; width=\u00a0\u00bb1\/1&Prime; uncode_shortcode_id=\u00a0\u00bb127049&Prime;][vc_custom_heading text_color=\u00a0\u00bbcolor-xsdn\u00a0\u00bb heading_semantic=\u00a0\u00bbh1&Prime; text_size=\u00a0\u00bbh1&Prime; text_weight=\u00a0\u00bb800&Prime; uncode_shortcode_id=\u00a0\u00bb487348&Prime; text_color_type=\u00a0\u00bbuncode-palette\u00a0\u00bb]Applications de thermographie industrielle[\/vc_custom_heading][vc_column_text text_lead=\u00a0\u00bbyes\u00a0\u00bb text_color=\u00a0\u00bbcolor-xsdn\u00a0\u00bb uncode_shortcode_id=\u00a0\u00bb703204&Prime; text_color_type=\u00a0\u00bbuncode-palette\u00a0\u00bb css=\u00a0\u00bb.vc_custom_1751616606193{margin-top: -8px !important;}\u00a0\u00bb]Mesure de la temp\u00e9rature pour les fours rotatifs, chaudi\u00e8res et chambres de combustion[\/vc_column_text][\/vc_column_inner][\/vc_row_inner][vc_row_inner row_inner_height_percent=\u00a0\u00bb0&Prime; overlay_alpha=\u00a0\u00bb50&Prime; gutter_size=\u00a0\u00bb3&Prime; shift_y=\u00a0\u00bb0&Prime; z_index=\u00a0\u00bb0&Prime; uncode_shortcode_id=\u00a0\u00bb854912&Prime; css=\u00a0\u00bb.vc_custom_1746179399547{padding-left: 36px !important;}\u00a0\u00bb][vc_column_inner column_width_percent=\u00a0\u00bb100&Prime; gutter_size=\u00a0\u00bb0&Prime; overlay_alpha=\u00a0\u00bb50&Prime; shift_x=\u00a0\u00bb0&Prime; shift_y=\u00a0\u00bb0&Prime; shift_y_down=\u00a0\u00bb0&Prime; z_index=\u00a0\u00bb0&Prime; medium_width=\u00a0\u00bb0&Prime; mobile_width=\u00a0\u00bb0&Prime; width=\u00a0\u00bb1\/2&Prime; uncode_shortcode_id=\u00a0\u00bb127049&Prime;][vc_empty_space empty_h=\u00a0\u00bb1&Prime;][vc_empty_space empty_h=\u00a0\u00bb0&Prime;][vc_column_text text_color=\u00a0\u00bbcolor-xsdn\u00a0\u00bb uncode_shortcode_id=\u00a0\u00bb158938&Prime; text_color_type=\u00a0\u00bbuncode-palette\u00a0\u00bb]Dans la plupart des industries lourdes, atteindre un niveau de profit \u00e9lev\u00e9 \u00e9quivaut \u00e0 maintenir l&rsquo;efficacit\u00e9 des \u00e9quipements et la fiabilit\u00e9 \u00e0 long terme. Ciment, incin\u00e9ration des d\u00e9chets \u00e0 valorisation \u00e9nerg\u00e9tique, m\u00e9tallurgie&#8230; HGH propose des solutions de contr\u00f4le avanc\u00e9es pour les industries utilisant des fours rotatifs et des chaudi\u00e8res dans leurs processus, contribuant ainsi \u00e0 am\u00e9liorer le processus de combustion, augmenter les taux de production, r\u00e9duire les co\u00fbts op\u00e9rationnels et r\u00e9aliser des \u00e9conomies d&rsquo;\u00e9nergie.[\/vc_column_text][\/vc_column_inner][vc_column_inner width=\u00a0\u00bb1\/2&Prime;][\/vc_column_inner][\/vc_row_inner][\/vc_column][\/vc_row][vc_row unlock_row_content=\u00a0\u00bbyes\u00a0\u00bb row_height_percent=\u00a0\u00bb0&Prime; override_padding=\u00a0\u00bbyes\u00a0\u00bb h_padding=\u00a0\u00bb2&Prime; top_padding=\u00a0\u00bb3&Prime; bottom_padding=\u00a0\u00bb3&Prime; back_color=\u00a0\u00bbcolor-jevc\u00a0\u00bb back_image=\u00a0\u00bb137480&Prime; back_repeat=\u00a0\u00bbno-repeat\u00a0\u00bb back_position=\u00a0\u00bbright center\u00a0\u00bb overlay_alpha=\u00a0\u00bb50&Prime; gutter_size=\u00a0\u00bb3&Prime; column_width_percent=\u00a0\u00bb100&Prime; shift_y=\u00a0\u00bb0&Prime; z_index=\u00a0\u00bb0&Prime; desktop_visibility=\u00a0\u00bbyes\u00a0\u00bb medium_visibility=\u00a0\u00bbyes\u00a0\u00bb content_parallax=\u00a0\u00bb0&Prime; uncode_shortcode_id=\u00a0\u00bb213033&Prime; back_color_type=\u00a0\u00bbuncode-palette\u00a0\u00bb][vc_column column_width_percent=\u00a0\u00bb100&Prime; position_horizontal=\u00a0\u00bbleft\u00a0\u00bb position_vertical=\u00a0\u00bbmiddle\u00a0\u00bb gutter_size=\u00a0\u00bb1&Prime; style=\u00a0\u00bbdark\u00a0\u00bb overlay_alpha=\u00a0\u00bb50&Prime; shift_x=\u00a0\u00bb0&Prime; shift_y=\u00a0\u00bb0&Prime; shift_y_down=\u00a0\u00bb0&Prime; z_index=\u00a0\u00bb0&Prime; medium_width=\u00a0\u00bb0&Prime; mobile_width=\u00a0\u00bb0&Prime; width=\u00a0\u00bb1\/1&Prime; uncode_shortcode_id=\u00a0\u00bb747725&Prime;][uncode_breadcrumbs el_class=\u00a0\u00bbbreadcrumbs-ith\u00a0\u00bb][vc_empty_space empty_h=\u00a0\u00bb1&Prime;][vc_empty_space empty_h=\u00a0\u00bb0&Prime;][vc_row_inner row_inner_height_percent=\u00a0\u00bb0&Prime; overlay_alpha=\u00a0\u00bb50&Prime; gutter_size=\u00a0\u00bb3&Prime; shift_y=\u00a0\u00bb0&Prime; z_index=\u00a0\u00bb0&Prime; uncode_shortcode_id=\u00a0\u00bb854912&Prime; css=\u00a0\u00bb.vc_custom_1746179399547{padding-left: 36px !important;}\u00a0\u00bb][vc_column_inner column_width_percent=\u00a0\u00bb100&Prime; gutter_size=\u00a0\u00bb0&Prime; overlay_alpha=\u00a0\u00bb50&Prime; shift_x=\u00a0\u00bb0&Prime; shift_y=\u00a0\u00bb0&Prime; shift_y_down=\u00a0\u00bb0&Prime; z_index=\u00a0\u00bb0&Prime; medium_width=\u00a0\u00bb0&Prime; mobile_width=\u00a0\u00bb0&Prime; width=\u00a0\u00bb1\/2&Prime; uncode_shortcode_id=\u00a0\u00bb127049&Prime;][vc_custom_heading text_color=\u00a0\u00bbcolor-xsdn\u00a0\u00bb heading_semantic=\u00a0\u00bbh1&Prime; text_size=\u00a0\u00bbh1&Prime; text_weight=\u00a0\u00bb800&Prime; uncode_shortcode_id=\u00a0\u00bb487348&Prime; text_color_type=\u00a0\u00bbuncode-palette\u00a0\u00bb]Applications de thermographie industrielle[\/vc_custom_heading][vc_empty_space empty_h=\u00a0\u00bb1&Prime;][vc_empty_space empty_h=\u00a0\u00bb0&Prime;][vc_column_text text_color=\u00a0\u00bbcolor-xsdn\u00a0\u00bb uncode_shortcode_id=\u00a0\u00bb158938&Prime; text_color_type=\u00a0\u00bbuncode-palette\u00a0\u00bb]Dans la plupart des industries lourdes, atteindre un niveau de profit \u00e9lev\u00e9 \u00e9quivaut \u00e0 maintenir l&rsquo;efficacit\u00e9 des \u00e9quipements et la fiabilit\u00e9 \u00e0 long terme. Ciment, incin\u00e9ration des d\u00e9chets \u00e0 valorisation \u00e9nerg\u00e9tique, m\u00e9tallurgie&#8230; HGH propose des solutions de contr\u00f4le avanc\u00e9es pour les industries utilisant des fours rotatifs et des chaudi\u00e8res dans leurs processus, contribuant ainsi \u00e0 am\u00e9liorer le processus de combustion, augmenter les taux de production, r\u00e9duire les co\u00fbts op\u00e9rationnels et r\u00e9aliser des \u00e9conomies d&rsquo;\u00e9nergie.[\/vc_column_text][\/vc_column_inner][vc_column_inner width=\u00a0\u00bb1\/2&Prime;][\/vc_column_inner][\/vc_row_inner][\/vc_column][\/vc_row][vc_row unlock_row_content=\u00a0\u00bbyes\u00a0\u00bb row_height_percent=\u00a0\u00bb0&Prime; override_padding=\u00a0\u00bbyes\u00a0\u00bb h_padding=\u00a0\u00bb2&Prime; top_padding=\u00a0\u00bb0&Prime; bottom_padding=\u00a0\u00bb0&Prime; overlay_alpha=\u00a0\u00bb50&Prime; gutter_size=\u00a0\u00bb3&Prime; column_width_percent=\u00a0\u00bb100&Prime; shift_y=\u00a0\u00bb0&Prime; z_index=\u00a0\u00bb0&Prime; content_parallax=\u00a0\u00bb0&Prime; uncode_shortcode_id=\u00a0\u00bb152551&Prime; css=\u00a0\u00bb.vc_custom_1744124197650{padding-top: 30px !important;padding-bottom: 18px !important;}\u00a0\u00bb][vc_column column_width_percent=\u00a0\u00bb100&Prime; align_horizontal=\u00a0\u00bbalign_center\u00a0\u00bb gutter_size=\u00a0\u00bb3&Prime; overlay_alpha=\u00a0\u00bb50&Prime; shift_x=\u00a0\u00bb0&Prime; shift_y=\u00a0\u00bb0&Prime; shift_y_down=\u00a0\u00bb0&Prime; z_index=\u00a0\u00bb0&Prime; medium_width=\u00a0\u00bb0&Prime; mobile_width=\u00a0\u00bb0&Prime; width=\u00a0\u00bb1\/1&Prime; uncode_shortcode_id=\u00a0\u00bb686273&Prime;][vc_custom_heading text_color=\u00a0\u00bbcolor-154821&Prime; text_weight=\u00a0\u00bb800&Prime; uncode_shortcode_id=\u00a0\u00bb762254&Prime; text_color_type=\u00a0\u00bbuncode-palette\u00a0\u00bb el_class=\u00a0\u00bbunderline-orange\u00a0\u00bb]CIMENT[\/vc_custom_heading][\/vc_column][\/vc_row][vc_row unlock_row_content=\u00a0\u00bbyes\u00a0\u00bb row_height_percent=\u00a0\u00bb0&Prime; override_padding=\u00a0\u00bbyes\u00a0\u00bb h_padding=\u00a0\u00bb0&Prime; top_padding=\u00a0\u00bb1&Prime; bottom_padding=\u00a0\u00bb0&Prime; overlay_alpha=\u00a0\u00bb50&Prime; equal_height=\u00a0\u00bbyes\u00a0\u00bb gutter_size=\u00a0\u00bb2&Prime; column_width_percent=\u00a0\u00bb100&Prime; border_color=\u00a0\u00bbcolor-xsdn\u00a0\u00bb border_style=\u00a0\u00bbsolid\u00a0\u00bb shift_y=\u00a0\u00bb0&Prime; z_index=\u00a0\u00bb0&Prime; content_parallax=\u00a0\u00bb0&Prime; uncode_shortcode_id=\u00a0\u00bb154898&Prime; css=\u00a0\u00bb.vc_custom_1744124266329{border-top-width: 16px !important;}\u00a0\u00bb border_color_type=\u00a0\u00bbuncode-palette\u00a0\u00bb row_height_pixel=\u00a0\u00bb300px\u00a0\u00bb][vc_column column_width_percent=\u00a0\u00bb100&Prime; position_vertical=\u00a0\u00bbmiddle\u00a0\u00bb gutter_size=\u00a0\u00bb1&Prime; override_padding=\u00a0\u00bbyes\u00a0\u00bb column_padding=\u00a0\u00bb3&Prime; back_image=\u00a0\u00bb139232&Prime; overlay_color=\u00a0\u00bbcolor-jevc\u00a0\u00bb overlay_alpha=\u00a0\u00bb30&Prime; shift_x=\u00a0\u00bb0&Prime; shift_y=\u00a0\u00bb0&Prime; shift_y_down=\u00a0\u00bb0&Prime; z_index=\u00a0\u00bb0&Prime; medium_width=\u00a0\u00bb0&Prime; mobile_width=\u00a0\u00bb0&Prime; width=\u00a0\u00bb1\/2&Prime; uncode_shortcode_id=\u00a0\u00bb801423&Prime; overlay_color_type=\u00a0\u00bbuncode-palette\u00a0\u00bb link_to=\u00a0\u00bburl:https%3A%2F%2Fhgh-infrared.com%2Ffr%2Fith%2Fapplications%2Ffour-rotatif%2F|title:Four%20rotatif|target:_blank|\u00a0\u00bb][vc_custom_heading text_color=\u00a0\u00bbcolor-xsdn\u00a0\u00bb heading_semantic=\u00a0\u00bbh3&Prime; text_size=\u00a0\u00bbh3&Prime; text_weight=\u00a0\u00bb800&Prime; uncode_shortcode_id=\u00a0\u00bb144335&Prime; text_color_type=\u00a0\u00bbuncode-palette\u00a0\u00bb]SURVEILLANCE THERMIQUE DES FOURS ROTATIFS[\/vc_custom_heading][vc_empty_space empty_h=\u00a0\u00bb1&Prime;][vc_column_text text_color=\u00a0\u00bbcolor-xsdn\u00a0\u00bb uncode_shortcode_id=\u00a0\u00bb202846&Prime; text_color_type=\u00a0\u00bbuncode-palette\u00a0\u00bb]La surveillance continue de la temp\u00e9rature de la virole et le suivi pr\u00e9cis de la zone de combustion jouent un r\u00f4le crucial dans la ligne de production des usines de ciment.[\/vc_column_text][vc_button button_color=\u00a0\u00bbcolor-978739&Prime; size=\u00a0\u00bblink\u00a0\u00bb icon_position=\u00a0\u00bbright\u00a0\u00bb button_color_type=\u00a0\u00bbuncode-palette\u00a0\u00bb icon=\u00a0\u00bbfa fa-chevron-right\u00a0\u00bb uncode_shortcode_id=\u00a0\u00bb111691&Prime; el_class=\u00a0\u00bbstrong-text\u00a0\u00bb link=\u00a0\u00bburl:https%3A%2F%2Fhgh-infrared.com%2Ffr%2Fith%2Fapplications%2Ffour-rotatif%2F|title:Four%20rotatif|target:_blank|\u00a0\u00bb]En savoir plus[\/vc_button][\/vc_column][vc_column column_width_percent=\u00a0\u00bb100&Prime; position_vertical=\u00a0\u00bbmiddle\u00a0\u00bb gutter_size=\u00a0\u00bb1&Prime; override_padding=\u00a0\u00bbyes\u00a0\u00bb column_padding=\u00a0\u00bb3&Prime; back_image=\u00a0\u00bb139231&Prime; overlay_color=\u00a0\u00bbcolor-jevc\u00a0\u00bb overlay_alpha=\u00a0\u00bb30&Prime; shift_x=\u00a0\u00bb0&Prime; shift_y=\u00a0\u00bb0&Prime; shift_y_down=\u00a0\u00bb0&Prime; z_index=\u00a0\u00bb0&Prime; medium_width=\u00a0\u00bb0&Prime; mobile_width=\u00a0\u00bb0&Prime; width=\u00a0\u00bb1\/2&Prime; uncode_shortcode_id=\u00a0\u00bb175939&Prime; overlay_color_type=\u00a0\u00bbuncode-palette\u00a0\u00bb link_to=\u00a0\u00bburl:https%3A%2F%2Fhgh-infrared.com%2Ffr%2Fith%2Fapplications%2Frefroidisseur-clinker%2F|title:Refroidisseur%20Clinker|target:_blank|\u00a0\u00bb][vc_custom_heading text_color=\u00a0\u00bbcolor-xsdn\u00a0\u00bb heading_semantic=\u00a0\u00bbh3&Prime; text_size=\u00a0\u00bbh3&Prime; text_weight=\u00a0\u00bb800&Prime; uncode_shortcode_id=\u00a0\u00bb118484&Prime; text_color_type=\u00a0\u00bbuncode-palette\u00a0\u00bb]SURVEILLANCE DE REFROIDISSEMENT DE CLINKER[\/vc_custom_heading][vc_empty_space empty_h=\u00a0\u00bb1&Prime;][vc_column_text text_color=\u00a0\u00bbcolor-xsdn\u00a0\u00bb uncode_shortcode_id=\u00a0\u00bb372075&Prime; text_color_type=\u00a0\u00bbuncode-palette\u00a0\u00bb]Le contr\u00f4le de la temp\u00e9rature du clinker et la d\u00e9tection pr\u00e9coce des probl\u00e8mes tels que les chandelles et les \u00ab\u00a0rivi\u00e8res rouges\u00a0\u00bb sont des d\u00e9fis qui n\u00e9cessitent des outils fiables et de haute qualit\u00e9.[\/vc_column_text][vc_button button_color=\u00a0\u00bbcolor-978739&Prime; size=\u00a0\u00bblink\u00a0\u00bb icon_position=\u00a0\u00bbright\u00a0\u00bb button_color_type=\u00a0\u00bbuncode-palette\u00a0\u00bb icon=\u00a0\u00bbfa fa-chevron-right\u00a0\u00bb uncode_shortcode_id=\u00a0\u00bb123562&Prime; el_class=\u00a0\u00bbstrong-text\u00a0\u00bb link=\u00a0\u00bburl:https%3A%2F%2Fhgh-infrared.com%2Ffr%2Fith%2Fapplications%2Frefroidisseur-clinker%2F|title:Refroidisseur%20Clinker|target:_blank|\u00a0\u00bb]En savoir plus[\/vc_button][\/vc_column][\/vc_row][vc_row unlock_row_content=\u00a0\u00bbyes\u00a0\u00bb row_height_percent=\u00a0\u00bb0&Prime; override_padding=\u00a0\u00bbyes\u00a0\u00bb h_padding=\u00a0\u00bb2&Prime; top_padding=\u00a0\u00bb0&Prime; bottom_padding=\u00a0\u00bb0&Prime; overlay_alpha=\u00a0\u00bb50&Prime; gutter_size=\u00a0\u00bb3&Prime; column_width_percent=\u00a0\u00bb100&Prime; shift_y=\u00a0\u00bb0&Prime; z_index=\u00a0\u00bb0&Prime; content_parallax=\u00a0\u00bb0&Prime; uncode_shortcode_id=\u00a0\u00bb188641&Prime; css=\u00a0\u00bb.vc_custom_1751455919240{padding-top: 30px !important;padding-bottom: 18px !important;}\u00a0\u00bb][vc_column column_width_percent=\u00a0\u00bb100&Prime; align_horizontal=\u00a0\u00bbalign_center\u00a0\u00bb gutter_size=\u00a0\u00bb3&Prime; overlay_alpha=\u00a0\u00bb50&Prime; shift_x=\u00a0\u00bb0&Prime; shift_y=\u00a0\u00bb0&Prime; shift_y_down=\u00a0\u00bb0&Prime; z_index=\u00a0\u00bb0&Prime; medium_width=\u00a0\u00bb0&Prime; mobile_width=\u00a0\u00bb0&Prime; width=\u00a0\u00bb1\/1&Prime; uncode_shortcode_id=\u00a0\u00bb686273&Prime;][vc_custom_heading text_color=\u00a0\u00bbcolor-154821&Prime; text_weight=\u00a0\u00bb800&Prime; uncode_shortcode_id=\u00a0\u00bb207560&Prime; text_color_type=\u00a0\u00bbuncode-palette\u00a0\u00bb el_class=\u00a0\u00bbunderline-orange\u00a0\u00bb]AUTRES INDUSTRIES[\/vc_custom_heading][\/vc_column][\/vc_row][vc_row unlock_row_content=\u00a0\u00bbyes\u00a0\u00bb row_height_percent=\u00a0\u00bb0&Prime; override_padding=\u00a0\u00bbyes\u00a0\u00bb h_padding=\u00a0\u00bb0&Prime; top_padding=\u00a0\u00bb1&Prime; bottom_padding=\u00a0\u00bb0&Prime; back_image=\u00a0\u00bb136887&Prime; overlay_color=\u00a0\u00bbcolor-jevc\u00a0\u00bb overlay_alpha=\u00a0\u00bb30&Prime; equal_height=\u00a0\u00bbyes\u00a0\u00bb gutter_size=\u00a0\u00bb2&Prime; column_width_percent=\u00a0\u00bb100&Prime; border_color=\u00a0\u00bbcolor-xsdn\u00a0\u00bb border_style=\u00a0\u00bbsolid\u00a0\u00bb shift_y=\u00a0\u00bb0&Prime; z_index=\u00a0\u00bb0&Prime; row_custom_slug_check=\u00a0\u00bbyes\u00a0\u00bb content_parallax=\u00a0\u00bb0&Prime; uncode_shortcode_id=\u00a0\u00bb202593&Prime; css=\u00a0\u00bb.vc_custom_1751455450914{border-top-width: 16px !important;}\u00a0\u00bb border_color_type=\u00a0\u00bbuncode-palette\u00a0\u00bb row_height_pixel=\u00a0\u00bb300px\u00a0\u00bb overlay_color_type=\u00a0\u00bbuncode-palette\u00a0\u00bb][vc_column column_width_percent=\u00a0\u00bb100&Prime; position_vertical=\u00a0\u00bbmiddle\u00a0\u00bb gutter_size=\u00a0\u00bb1&Prime; override_padding=\u00a0\u00bbyes\u00a0\u00bb column_padding=\u00a0\u00bb3&Prime; overlay_color=\u00a0\u00bbcolor-jevc\u00a0\u00bb overlay_alpha=\u00a0\u00bb50&Prime; shift_x=\u00a0\u00bb0&Prime; shift_y=\u00a0\u00bb0&Prime; shift_y_down=\u00a0\u00bb0&Prime; z_index=\u00a0\u00bb0&Prime; medium_width=\u00a0\u00bb0&Prime; mobile_width=\u00a0\u00bb0&Prime; width=\u00a0\u00bb1\/1&Prime; uncode_shortcode_id=\u00a0\u00bb181102&Prime; link_to=\u00a0\u00bburl:https%3A%2F%2Fhgh-infrared.com%2Ffr%2Fith%2Fapplications%2Fwaste-to-energy%2F|title:Incin%C3%A9ration%20des%20d%C3%A9chets%20%C3%A0%20valorisation%20%C3%A9nerg%C3%A9tique|target:_blank\u00a0\u00bb overlay_color_type=\u00a0\u00bbuncode-palette\u00a0\u00bb][vc_custom_heading text_color=\u00a0\u00bbcolor-xsdn\u00a0\u00bb heading_semantic=\u00a0\u00bbh3&Prime; text_size=\u00a0\u00bbh3&Prime; text_weight=\u00a0\u00bb800&Prime; uncode_shortcode_id=\u00a0\u00bb240851&Prime; text_color_type=\u00a0\u00bbuncode-palette\u00a0\u00bb]INCINERATION DES DECHETS[\/vc_custom_heading][vc_empty_space empty_h=\u00a0\u00bb1&Prime;][vc_column_text text_color=\u00a0\u00bbcolor-xsdn\u00a0\u00bb uncode_shortcode_id=\u00a0\u00bb285153&Prime; text_color_type=\u00a0\u00bbuncode-palette\u00a0\u00bb]La conversion des d\u00e9chets en \u00e9nergie est un processus innovant qui r\u00e9duit l&rsquo;impact environnemental. La surveillance thermique fiable du processus d&rsquo;incin\u00e9ration garantit une optimisation du processus de combustion pour une meilleure efficacit\u00e9.[\/vc_column_text][vc_button button_color=\u00a0\u00bbcolor-978739&Prime; size=\u00a0\u00bblink\u00a0\u00bb icon_position=\u00a0\u00bbright\u00a0\u00bb button_color_type=\u00a0\u00bbuncode-palette\u00a0\u00bb icon=\u00a0\u00bbfa fa-chevron-right\u00a0\u00bb uncode_shortcode_id=\u00a0\u00bb236363&Prime; el_class=\u00a0\u00bbstrong-text\u00a0\u00bb link=\u00a0\u00bburl:https%3A%2F%2Fhgh-infrared.com%2Ffr%2Fith%2Fapplications%2Fwaste-to-energy%2F|title:Incin%C3%A9ration%20des%20d%C3%A9chets%20%C3%A0%20valorisation%20%C3%A9nerg%C3%A9tique|target:_blank\u00a0\u00bb]En savoir plus[\/vc_button][\/vc_column][\/vc_row][vc_row unlock_row_content=\u00a0\u00bbyes\u00a0\u00bb row_height_percent=\u00a0\u00bb0&Prime; override_padding=\u00a0\u00bbyes\u00a0\u00bb h_padding=\u00a0\u00bb0&Prime; top_padding=\u00a0\u00bb1&Prime; bottom_padding=\u00a0\u00bb0&Prime; overlay_alpha=\u00a0\u00bb50&Prime; equal_height=\u00a0\u00bbyes\u00a0\u00bb gutter_size=\u00a0\u00bb2&Prime; column_width_percent=\u00a0\u00bb100&Prime; border_color=\u00a0\u00bbcolor-xsdn\u00a0\u00bb border_style=\u00a0\u00bbsolid\u00a0\u00bb shift_y=\u00a0\u00bb0&Prime; z_index=\u00a0\u00bb0&Prime; content_parallax=\u00a0\u00bb0&Prime; uncode_shortcode_id=\u00a0\u00bb209364&Prime; css=\u00a0\u00bb.vc_custom_1747657238830{border-top-width: 16px !important;border-bottom-width: 16px !important;}\u00a0\u00bb border_color_type=\u00a0\u00bbuncode-palette\u00a0\u00bb row_height_pixel=\u00a0\u00bb300px\u00a0\u00bb][vc_column column_width_percent=\u00a0\u00bb100&Prime; position_vertical=\u00a0\u00bbmiddle\u00a0\u00bb gutter_size=\u00a0\u00bb1&Prime; override_padding=\u00a0\u00bbyes\u00a0\u00bb column_padding=\u00a0\u00bb3&Prime; back_image=\u00a0\u00bb139228&Prime; overlay_color=\u00a0\u00bbcolor-jevc\u00a0\u00bb overlay_alpha=\u00a0\u00bb30&Prime; shift_x=\u00a0\u00bb0&Prime; shift_y=\u00a0\u00bb0&Prime; shift_y_down=\u00a0\u00bb0&Prime; z_index=\u00a0\u00bb0&Prime; medium_width=\u00a0\u00bb0&Prime; mobile_width=\u00a0\u00bb0&Prime; width=\u00a0\u00bb1\/2&Prime; uncode_shortcode_id=\u00a0\u00bb193747&Prime; link_to=\u00a0\u00bburl:https%3A%2F%2Fhgh-infrared.com%2Ffr%2Fith%2Fcontact%2F|title:Contact%20WAS|target:_blank|\u00a0\u00bb overlay_color_type=\u00a0\u00bbuncode-palette\u00a0\u00bb][vc_custom_heading text_color=\u00a0\u00bbcolor-xsdn\u00a0\u00bb heading_semantic=\u00a0\u00bbh3&Prime; text_size=\u00a0\u00bbh3&Prime; text_weight=\u00a0\u00bb800&Prime; uncode_shortcode_id=\u00a0\u00bb844350&Prime; text_color_type=\u00a0\u00bbuncode-palette\u00a0\u00bb]CHAUX &amp; MINERAUX[\/vc_custom_heading][vc_empty_space empty_h=\u00a0\u00bb1&Prime;][vc_column_text text_color=\u00a0\u00bbcolor-xsdn\u00a0\u00bb uncode_shortcode_id=\u00a0\u00bb145682&Prime; text_color_type=\u00a0\u00bbuncode-palette\u00a0\u00bb]En utilisant un suivi avanc\u00e9 des processus et en d\u00e9tectant les d\u00e9faillances des \u00e9quipements, les usines de traitement des min\u00e9raux et de calcination de la chaux peuvent am\u00e9liorer leur efficacit\u00e9, r\u00e9duire leurs co\u00fbts et augmenter leur rentabilit\u00e9.[\/vc_column_text][vc_button button_color=\u00a0\u00bbcolor-978739&Prime; size=\u00a0\u00bblink\u00a0\u00bb icon_position=\u00a0\u00bbright\u00a0\u00bb button_color_type=\u00a0\u00bbuncode-palette\u00a0\u00bb icon=\u00a0\u00bbfa fa-chevron-right\u00a0\u00bb uncode_shortcode_id=\u00a0\u00bb178514&Prime; el_class=\u00a0\u00bbstrong-text\u00a0\u00bb link=\u00a0\u00bburl:https%3A%2F%2Fhgh-infrared.com%2Ffr%2Fith%2Fcontact%2F|title:Contact%20WAS|target:_blank|\u00a0\u00bb]Contactez nous[\/vc_button][\/vc_column][vc_column column_width_percent=\u00a0\u00bb100&Prime; position_vertical=\u00a0\u00bbmiddle\u00a0\u00bb gutter_size=\u00a0\u00bb1&Prime; override_padding=\u00a0\u00bbyes\u00a0\u00bb column_padding=\u00a0\u00bb3&Prime; back_image=\u00a0\u00bb139388&Prime; overlay_color=\u00a0\u00bbcolor-jevc\u00a0\u00bb overlay_alpha=\u00a0\u00bb50&Prime; shift_x=\u00a0\u00bb0&Prime; shift_y=\u00a0\u00bb0&Prime; shift_y_down=\u00a0\u00bb0&Prime; z_index=\u00a0\u00bb0&Prime; medium_width=\u00a0\u00bb0&Prime; mobile_width=\u00a0\u00bb0&Prime; width=\u00a0\u00bb1\/2&Prime; uncode_shortcode_id=\u00a0\u00bb387987&Prime; overlay_color_type=\u00a0\u00bbuncode-palette\u00a0\u00bb link_to=\u00a0\u00bburl:https%3A%2F%2Fhgh-infrared.com%2Ffr%2Fith%2Fcontact%2F|title:Contact%20WAS|target:_blank|\u00a0\u00bb][vc_custom_heading text_color=\u00a0\u00bbcolor-xsdn\u00a0\u00bb heading_semantic=\u00a0\u00bbh3&Prime; text_size=\u00a0\u00bbh3&Prime; text_weight=\u00a0\u00bb800&Prime; uncode_shortcode_id=\u00a0\u00bb173959&Prime; text_color_type=\u00a0\u00bbuncode-palette\u00a0\u00bb]ACIER &amp; MINERAIS[\/vc_custom_heading][vc_empty_space empty_h=\u00a0\u00bb1&Prime;][vc_column_text text_color=\u00a0\u00bbcolor-xsdn\u00a0\u00bb uncode_shortcode_id=\u00a0\u00bb209030&Prime; text_color_type=\u00a0\u00bbuncode-palette\u00a0\u00bb]Un suivi pr\u00e9cis et des mesures thermiques permettent d&rsquo;\u00e9viter les arr\u00eats de cycle et les red\u00e9marrages stressants des fours de r\u00e9chauffe, four \u00e0 arc \u00e9lectrique ou hauts fourneaux, pellets de minerai de fer et coke de p\u00e9trole \u2026 quel que soit le processus, HGH propose des solutions d&rsquo;imagerie pyrom\u00e9trique d\u00e9di\u00e9es et compl\u00e8tes pour un contr\u00f4le de processus pr\u00e9cis et fiable.[\/vc_column_text][vc_button button_color=\u00a0\u00bbcolor-978739&Prime; size=\u00a0\u00bblink\u00a0\u00bb icon_position=\u00a0\u00bbright\u00a0\u00bb button_color_type=\u00a0\u00bbuncode-palette\u00a0\u00bb icon=\u00a0\u00bbfa fa-chevron-right\u00a0\u00bb uncode_shortcode_id=\u00a0\u00bb155533&Prime; el_class=\u00a0\u00bbstrong-text\u00a0\u00bb link=\u00a0\u00bburl:https%3A%2F%2Fhgh-infrared.com%2Ffr%2Fith%2Fcontact%2F|title:Contact%20WAS|target:_blank|\u00a0\u00bb]Contactez nous[\/vc_button][\/vc_column][\/vc_row][vc_row][vc_column width=\u00a0\u00bb1\/1&Prime;][uncode_block id=\u00a0\u00bb136146&Prime;][\/vc_column][\/vc_row]<\/p>\n<\/div>","protected":false},"excerpt":{"rendered":"<p>[vc_row unlock_row_content=\u00a0\u00bbyes\u00a0\u00bb row_height_percent=\u00a0\u00bb0&Prime; override_padding=\u00a0\u00bbyes\u00a0\u00bb h_padding=\u00a0\u00bb2&Prime; top_padding=\u00a0\u00bb3&Prime; bottom_padding=\u00a0\u00bb3&Prime; back_color=\u00a0\u00bbcolor-jevc\u00a0\u00bb back_image=\u00a0\u00bb139727&Prime; back_repeat=\u00a0\u00bbno-repeat\u00a0\u00bb overlay_alpha=\u00a0\u00bb50&Prime; gutter_size=\u00a0\u00bb3&Prime; column_width_percent=\u00a0\u00bb100&Prime; shift_y=\u00a0\u00bb0&Prime; z_index=\u00a0\u00bb0&Prime; mobile_visibility=\u00a0\u00bbyes\u00a0\u00bb content_parallax=\u00a0\u00bb0&Prime; uncode_shortcode_id=\u00a0\u00bb193359&Prime; back_color_type=\u00a0\u00bbuncode-palette\u00a0\u00bb][vc_column column_width_percent=\u00a0\u00bb100&Prime; [&hellip;]<\/p>\n","protected":false},"author":8,"featured_media":0,"parent":167788,"menu_order":0,"comment_status":"closed","ping_status":"closed","template":"","meta":{"footnotes":""},"class_list":["post-139450","page","type-page","status-publish","hentry"],"_links":{"self":[{"href":"https:\/\/hgh-infrared.com\/fr\/wp-json\/wp\/v2\/pages\/139450","targetHints":{"allow":["GET"]}}],"collection":[{"href":"https:\/\/hgh-infrared.com\/fr\/wp-json\/wp\/v2\/pages"}],"about":[{"href":"https:\/\/hgh-infrared.com\/fr\/wp-json\/wp\/v2\/types\/page"}],"author":[{"embeddable":true,"href":"https:\/\/hgh-infrared.com\/fr\/wp-json\/wp\/v2\/users\/8"}],"replies":[{"embeddable":true,"href":"https:\/\/hgh-infrared.com\/fr\/wp-json\/wp\/v2\/comments?post=139450"}],"version-history":[{"count":30,"href":"https:\/\/hgh-infrared.com\/fr\/wp-json\/wp\/v2\/pages\/139450\/revisions"}],"predecessor-version":[{"id":170370,"href":"https:\/\/hgh-infrared.com\/fr\/wp-json\/wp\/v2\/pages\/139450\/revisions\/170370"}],"up":[{"embeddable":true,"href":"https:\/\/hgh-infrared.com\/fr\/wp-json\/wp\/v2\/pages\/167788"}],"wp:attachment":[{"href":"https:\/\/hgh-infrared.com\/fr\/wp-json\/wp\/v2\/media?parent=139450"}],"curies":[{"name":"wp","href":"https:\/\/api.w.org\/{rel}","templated":true}]}}