{"id":139826,"date":"2025-06-06T10:12:57","date_gmt":"2025-06-06T10:12:57","guid":{"rendered":"https:\/\/hgh-infrared.com\/ith\/telechargements-videos\/"},"modified":"2025-11-13T12:02:35","modified_gmt":"2025-11-13T12:02:35","slug":"telechargements-videos","status":"publish","type":"page","link":"https:\/\/hgh-infrared.com\/fr\/ith\/telechargements-videos\/","title":{"rendered":"T\u00e9l\u00e9chargements &amp; Vid\u00e9os"},"content":{"rendered":"<div class=\"wpb-content-wrapper\"><p>[vc_row row_height_percent=\u00a0\u00bb0&Prime; override_padding=\u00a0\u00bbyes\u00a0\u00bb h_padding=\u00a0\u00bb2&Prime; top_padding=\u00a0\u00bb3&Prime; bottom_padding=\u00a0\u00bb3&Prime; back_image=\u00a0\u00bb136816&Prime; overlay_alpha=\u00a0\u00bb50&Prime; gutter_size=\u00a0\u00bb3&Prime; column_width_percent=\u00a0\u00bb100&Prime; shift_y=\u00a0\u00bb0&Prime; z_index=\u00a0\u00bb0&Prime; content_parallax=\u00a0\u00bb0&Prime; uncode_shortcode_id=\u00a0\u00bb128782&Prime; css=\u00a0\u00bb.vc_custom_1761838890839{padding-top: 18px !important;padding-bottom: 18px !important;}\u00a0\u00bb][vc_column column_width_percent=\u00a0\u00bb100&Prime; position_horizontal=\u00a0\u00bbleft\u00a0\u00bb position_vertical=\u00a0\u00bbmiddle\u00a0\u00bb gutter_size=\u00a0\u00bb1&Prime; style=\u00a0\u00bbdark\u00a0\u00bb overlay_alpha=\u00a0\u00bb50&Prime; shift_x=\u00a0\u00bb0&Prime; shift_y=\u00a0\u00bb0&Prime; shift_y_down=\u00a0\u00bb0&Prime; z_index=\u00a0\u00bb0&Prime; medium_width=\u00a0\u00bb0&Prime; mobile_width=\u00a0\u00bb0&Prime; width=\u00a0\u00bb1\/1&Prime; uncode_shortcode_id=\u00a0\u00bb747725&Prime;][uncode_breadcrumbs el_class=\u00a0\u00bbbreadcrumbs-ith\u00a0\u00bb][vc_empty_space empty_h=\u00a0\u00bb1&Prime;][vc_empty_space empty_h=\u00a0\u00bb0&Prime;][vc_custom_heading text_color=\u00a0\u00bbcolor-xsdn\u00a0\u00bb heading_semantic=\u00a0\u00bbh1&Prime; text_size=\u00a0\u00bbh1&Prime; text_weight=\u00a0\u00bb800&Prime; uncode_shortcode_id=\u00a0\u00bb567623&Prime; text_color_type=\u00a0\u00bbuncode-palette\u00a0\u00bb]T\u00e9l\u00e9chargements &amp; Vid\u00e9os[\/vc_custom_heading][vc_empty_space empty_h=\u00a0\u00bb0&Prime;][\/vc_column][\/vc_row][vc_row][vc_column width=\u00a0\u00bb1\/1&Prime;][vc_custom_heading heading_semantic=\u00a0\u00bbh3&Prime; text_size=\u00a0\u00bbh4&Prime; uncode_shortcode_id=\u00a0\u00bb488894&Prime;]D\u00e9couvrez l&rsquo;expertise en thermographie industrielle HGH \u00e0 travers des articles, des brochures, des documents techniques et des vid\u00e9os.[\/vc_custom_heading][\/vc_column][\/vc_row][vc_row][vc_column width=\u00a0\u00bb1\/2&Prime;][vc_custom_heading text_color=\u00a0\u00bbcolor-jevc\u00a0\u00bb text_weight=\u00a0\u00bb800&Prime; text_transform=\u00a0\u00bbuppercase\u00a0\u00bb uncode_shortcode_id=\u00a0\u00bb365190&Prime; text_color_type=\u00a0\u00bbuncode-palette\u00a0\u00bb]Brochures[\/vc_custom_heading][uncode_list icon=\u00a0\u00bbfa fa-file-pdf-o\u00a0\u00bb icon_color=\u00a0\u00bbcolor-184630&Prime; uncode_shortcode_id=\u00a0\u00bb213711&Prime; icon_color_type=\u00a0\u00bbuncode-palette\u00a0\u00bb el_class=\u00a0\u00bbith-hover-list\u00a0\u00bb]<\/p>\n<div class=\"ith-hover-list\">\n<div style=\"margin-bottom: 10px;\"><i class=\"fa fa-table text-accent-color\" style=\"margin-right: 8px;\"><\/i> <a href=\"https:\/\/hgh-infrared.com\/wp-content\/uploads\/2025\/10\/Catalogue_Rotary_Kilns_2025.pdf\" target=\"_blank\" rel=\"noopener\">Rotary Kilns Thermography : Improve your Pyro-process reliability and reduce the maintenance costs<\/a><\/div>\n<div style=\"margin-bottom: 10px;\"><i class=\"fa fa-table text-accent-color\" style=\"margin-right: 8px;\"><\/i> <a href=\"https:\/\/hgh-infrared.com\/wp-content\/uploads\/2025\/11\/Leaflet-Waste-to-energy_HGH_AK1_fr_LR.pdf\" target=\"_blank\" rel=\"noopener\">Valorisation \u00e9nerg\u00e9tique des d\u00e9chets<\/a><\/div>\n<\/div>\n<p>[\/uncode_list][\/vc_column][vc_column width=\u00a0\u00bb1\/2&Prime;][vc_custom_heading text_color=\u00a0\u00bbcolor-jevc\u00a0\u00bb text_weight=\u00a0\u00bb800&Prime; text_transform=\u00a0\u00bbuppercase\u00a0\u00bb uncode_shortcode_id=\u00a0\u00bb300131&Prime; text_color_type=\u00a0\u00bbuncode-palette\u00a0\u00bb]Etudes de cas[\/vc_custom_heading][uncode_list icon=\u00a0\u00bbfa fa-document\u00a0\u00bb icon_color=\u00a0\u00bbaccent\u00a0\u00bb uncode_shortcode_id=\u00a0\u00bb150102&Prime; icon_color_type=\u00a0\u00bbuncode-palette\u00a0\u00bb]<\/p>\n<div class=\"ith-hover-list\">\n<div style=\"margin-bottom: 10px;\"><i class=\"fa fa-document text-accent-color\" style=\"margin-right: 8px;\"><\/i><a href=\"https:\/\/hgh-infrared.com\/wp-content\/uploads\/2025\/06\/Tasek-Cement-plant-kiln-shell-temperature-monitoring_Case-Study_HGH.pdf\" target=\"_blank\" rel=\"noopener\">KILNSCAN for ARM Cement Ltd<\/a><\/div>\n<div style=\"margin-bottom: 10px;\"><i class=\"fa fa-document text-accent-color\" style=\"margin-right: 8px;\"><\/i><a href=\"https:\/\/hgh-infrared.com\/wp-content\/uploads\/2025\/06\/EOI_CaseStudy_Kilnscan_Magnesita.pdf\" target=\"_blank\" rel=\"noopener\">KILNSCAN for Magnesita<\/a><\/div>\n<div style=\"margin-bottom: 10px;\"><i class=\"fa fa-document text-accent-color\" style=\"margin-right: 8px;\"><\/i><a href=\"https:\/\/hgh-infrared.com\/wp-content\/uploads\/2025\/06\/HGH_CaseStudy_Kilnscan_Xingyang.pdf\" target=\"_blank\" rel=\"noopener\">KILNSCAN for the Tianrui Group<\/a><\/div>\n<div style=\"margin-bottom: 10px;\"><i class=\"fa fa-document text-accent-color\" style=\"margin-right: 8px;\"><\/i><a href=\"https:\/\/hgh-infrared.com\/wp-content\/uploads\/2025\/06\/Case_study_monitoring_rotary_kiln_shell_temperatures.pdf\" target=\"_blank\" rel=\"noopener\">Advanced kiln shell temperature monitoring in complex Malaysian cement plant<\/a><\/div>\n<\/div>\n<p>[\/uncode_list][\/vc_column][\/vc_row][vc_row][vc_column column_width_percent=\u00a0\u00bb100&Prime; gutter_size=\u00a0\u00bb3&Prime; overlay_alpha=\u00a0\u00bb50&Prime; shift_x=\u00a0\u00bb0&Prime; shift_y=\u00a0\u00bb0&Prime; shift_y_down=\u00a0\u00bb0&Prime; z_index=\u00a0\u00bb0&Prime; medium_width=\u00a0\u00bb0&Prime; mobile_width=\u00a0\u00bb0&Prime; width=\u00a0\u00bb1\/2&Prime; uncode_shortcode_id=\u00a0\u00bb125318&Prime;][vc_custom_heading text_color=\u00a0\u00bbcolor-jevc\u00a0\u00bb text_weight=\u00a0\u00bb800&Prime; text_transform=\u00a0\u00bbuppercase\u00a0\u00bb uncode_shortcode_id=\u00a0\u00bb901137&Prime; text_color_type=\u00a0\u00bbuncode-palette\u00a0\u00bb]Articles[\/vc_custom_heading][uncode_list icon=\u00a0\u00bbfa fa-file-text-o\u00a0\u00bb icon_color=\u00a0\u00bbcolor-184630&Prime; uncode_shortcode_id=\u00a0\u00bb450926&Prime; icon_color_type=\u00a0\u00bbuncode-palette\u00a0\u00bb]<\/p>\n<div class=\"ith-hover-list\">\n<div style=\"margin-bottom: 10px;\"><i class=\"fa fa-file-text-o text-accent-color\" style=\"margin-right: 8px;\"><\/i><a href=\"https:\/\/hgh-infrared.com\/wp-content\/uploads\/2025\/06\/ICR-REPRINT-2021-07-HGH-Kilnscan-2p-LR.pdf\" target=\"_blank\" rel=\"noopener\">Digital tools for Kiln Burning, International Cement Review, July 2021<\/a><\/div>\n<div style=\"margin-bottom: 10px;\"><i class=\"fa fa-file-text-o text-accent-color\" style=\"margin-right: 8px;\"><\/i><a href=\"https:\/\/hgh-infrared.com\/wp-content\/uploads\/2025\/06\/Lafarge_Morocco_Worldcement_revisionHC_032022.pdf\" target=\"_blank\" rel=\"noopener\">24\/7 Kiln shell temperature monitoring and Process Optimisation at Lafarge Holcim Bouskoura plant, Morocco, using HGH thermography solutions, World Cement<\/a><\/div>\n<div style=\"margin-bottom: 10px;\"><i class=\"fa fa-file-text-o text-accent-color\" style=\"margin-right: 8px;\"><\/i><a href=\"https:\/\/hgh-infrared.com\/wp-content\/uploads\/2025\/09\/REPRINT-2025-09-LR-HGH-Temperature-monitoring-1.5p-MB-RH.pdf\" target=\"_blank\" rel=\"noopener\">Temperature Monitoring &#8211; International Cement Review, September 2025<\/a><\/div>\n<\/div>\n<p>[\/uncode_list][\/vc_column][vc_column width=\u00a0\u00bb1\/2&Prime;][vc_custom_heading text_color=\u00a0\u00bbcolor-jevc\u00a0\u00bb text_weight=\u00a0\u00bb800&Prime; text_transform=\u00a0\u00bbuppercase\u00a0\u00bb uncode_shortcode_id=\u00a0\u00bb810339&Prime; text_color_type=\u00a0\u00bbuncode-palette\u00a0\u00bb]Vid\u00e9os[\/vc_custom_heading][uncode_list icon=\u00a0\u00bbfa fa-film-play\u00a0\u00bb icon_color=\u00a0\u00bbcolor-184630&Prime; uncode_shortcode_id=\u00a0\u00bb102758&Prime; icon_color_type=\u00a0\u00bbuncode-palette\u00a0\u00bb]<\/p>\n<div class=\"ith-hover-list\">\n<div style=\"margin-bottom: 10px;\"><i class=\"fa fa-youtube-play text-accent-color\" style=\"margin-right: 8px;\"><\/i><a href=\"https:\/\/www.youtube.com\/watch?v=vkXh8vwvTVA\" target=\"_blank\" rel=\"noopener\">HGH Industrial Thermography Cameras &amp; Shell scanners<\/a><\/div>\n<div style=\"margin-bottom: 10px;\"><i class=\"fa fa-youtube-play text-accent-color\" style=\"margin-right: 8px;\"><\/i><a href=\"https:\/\/www.youtube.com\/watch?v=NxMZ-GxtSqc\" target=\"_blank\" rel=\"noopener\">Webinar &#8211; Complete shell temperature monitoring for any kiln configuration<\/a><\/div>\n<\/div>\n<p>[\/uncode_list][\/vc_column][\/vc_row]<\/p>\n<\/div>","protected":false},"excerpt":{"rendered":"<p>[vc_row row_height_percent=\u00a0\u00bb0&Prime; override_padding=\u00a0\u00bbyes\u00a0\u00bb h_padding=\u00a0\u00bb2&Prime; top_padding=\u00a0\u00bb3&Prime; bottom_padding=\u00a0\u00bb3&Prime; back_image=\u00a0\u00bb136816&Prime; overlay_alpha=\u00a0\u00bb50&Prime; gutter_size=\u00a0\u00bb3&Prime; column_width_percent=\u00a0\u00bb100&Prime; shift_y=\u00a0\u00bb0&Prime; z_index=\u00a0\u00bb0&Prime; content_parallax=\u00a0\u00bb0&Prime; uncode_shortcode_id=\u00a0\u00bb128782&Prime; css=\u00a0\u00bb.vc_custom_1761838890839{padding-top: 18px !important;padding-bottom: 18px !important;}\u00a0\u00bb][vc_column column_width_percent=\u00a0\u00bb100&Prime; [&hellip;]<\/p>\n","protected":false},"author":13,"featured_media":0,"parent":167788,"menu_order":0,"comment_status":"closed","ping_status":"closed","template":"","meta":{"footnotes":""},"class_list":["post-139826","page","type-page","status-publish","hentry"],"_links":{"self":[{"href":"https:\/\/hgh-infrared.com\/fr\/wp-json\/wp\/v2\/pages\/139826","targetHints":{"allow":["GET"]}}],"collection":[{"href":"https:\/\/hgh-infrared.com\/fr\/wp-json\/wp\/v2\/pages"}],"about":[{"href":"https:\/\/hgh-infrared.com\/fr\/wp-json\/wp\/v2\/types\/page"}],"author":[{"embeddable":true,"href":"https:\/\/hgh-infrared.com\/fr\/wp-json\/wp\/v2\/users\/13"}],"replies":[{"embeddable":true,"href":"https:\/\/hgh-infrared.com\/fr\/wp-json\/wp\/v2\/comments?post=139826"}],"version-history":[{"count":16,"href":"https:\/\/hgh-infrared.com\/fr\/wp-json\/wp\/v2\/pages\/139826\/revisions"}],"predecessor-version":[{"id":166959,"href":"https:\/\/hgh-infrared.com\/fr\/wp-json\/wp\/v2\/pages\/139826\/revisions\/166959"}],"up":[{"embeddable":true,"href":"https:\/\/hgh-infrared.com\/fr\/wp-json\/wp\/v2\/pages\/167788"}],"wp:attachment":[{"href":"https:\/\/hgh-infrared.com\/fr\/wp-json\/wp\/v2\/media?parent=139826"}],"curies":[{"name":"wp","href":"https:\/\/api.w.org\/{rel}","templated":true}]}}