{"id":139944,"date":"2025-06-06T10:59:39","date_gmt":"2025-06-06T10:59:39","guid":{"rendered":"https:\/\/hgh-infrared.com\/ith\/faq\/"},"modified":"2025-11-12T09:42:35","modified_gmt":"2025-11-12T09:42:35","slug":"faq","status":"publish","type":"page","link":"https:\/\/hgh-infrared.com\/fr\/ith\/faq\/","title":{"rendered":"FAQ"},"content":{"rendered":"<div class=\"wpb-content-wrapper\"><p>[vc_row row_height_percent=\u00a0\u00bb0&Prime; override_padding=\u00a0\u00bbyes\u00a0\u00bb h_padding=\u00a0\u00bb2&Prime; top_padding=\u00a0\u00bb3&Prime; bottom_padding=\u00a0\u00bb3&Prime; back_image=\u00a0\u00bb136816&Prime; overlay_alpha=\u00a0\u00bb50&Prime; gutter_size=\u00a0\u00bb3&Prime; column_width_percent=\u00a0\u00bb100&Prime; shift_y=\u00a0\u00bb0&Prime; z_index=\u00a0\u00bb0&Prime; content_parallax=\u00a0\u00bb0&Prime; uncode_shortcode_id=\u00a0\u00bb680925&Prime; css=\u00a0\u00bb.vc_custom_1748826783474{padding-top: 18px !important;padding-bottom: 18px !important;}\u00a0\u00bb][vc_column column_width_percent=\u00a0\u00bb100&Prime; position_horizontal=\u00a0\u00bbleft\u00a0\u00bb position_vertical=\u00a0\u00bbmiddle\u00a0\u00bb gutter_size=\u00a0\u00bb1&Prime; style=\u00a0\u00bbdark\u00a0\u00bb overlay_alpha=\u00a0\u00bb50&Prime; shift_x=\u00a0\u00bb0&Prime; shift_y=\u00a0\u00bb0&Prime; shift_y_down=\u00a0\u00bb0&Prime; z_index=\u00a0\u00bb0&Prime; medium_width=\u00a0\u00bb0&Prime; mobile_width=\u00a0\u00bb0&Prime; width=\u00a0\u00bb1\/1&Prime; uncode_shortcode_id=\u00a0\u00bb747725&Prime;][uncode_breadcrumbs el_class=\u00a0\u00bbbreadcrumbs-ith\u00a0\u00bb][vc_empty_space empty_h=\u00a0\u00bb1&Prime;][vc_empty_space empty_h=\u00a0\u00bb0&Prime;][vc_custom_heading text_color=\u00a0\u00bbcolor-xsdn\u00a0\u00bb heading_semantic=\u00a0\u00bbh1&Prime; text_size=\u00a0\u00bbh1&Prime; text_weight=\u00a0\u00bb800&Prime; uncode_shortcode_id=\u00a0\u00bb245843&Prime; text_color_type=\u00a0\u00bbuncode-palette\u00a0\u00bb]Foire Aux Questions[\/vc_custom_heading][vc_empty_space empty_h=\u00a0\u00bb0&Prime;][\/vc_column][\/vc_row][vc_row row_height_percent=\u00a0\u00bb0&Prime; overlay_alpha=\u00a0\u00bb50&Prime; gutter_size=\u00a0\u00bb3&Prime; column_width_percent=\u00a0\u00bb100&Prime; shift_y=\u00a0\u00bb0&Prime; z_index=\u00a0\u00bb0&Prime; content_parallax=\u00a0\u00bb0&Prime; uncode_shortcode_id=\u00a0\u00bb556538&Prime;][vc_column width=\u00a0\u00bb1\/1&Prime;][vc_custom_heading uncode_shortcode_id=\u00a0\u00bb205457&Prime;]R\u00e9ponses \u00e0 vos questions sur nos solutions de thermographie industrielle[\/vc_custom_heading][vc_accordion history=\u00a0\u00bbyes\u00a0\u00bb no_toggle=\u00a0\u00bbyes\u00a0\u00bb sign=\u00a0\u00bbplus\u00a0\u00bb gutter_simple=\u00a0\u00bb0&Prime; uncode_shortcode_id=\u00a0\u00bb322767&Prime; active_tab=\u00a0\u00bb0&Prime;][vc_accordion_tab gutter_size=\u00a0\u00bb2&Prime; column_padding=\u00a0\u00bb2&Prime; title=\u00a0\u00bbQu&rsquo;est-ce que la thermographie industrielle et comment fonctionne-t-elle pour surveiller un four rotatif ?\u00a0\u00bb tab_id=\u00a0\u00bb1706445699-1-91&Prime;][vc_column_text uncode_shortcode_id=\u00a0\u00bb581097&Prime;]La thermographie industrielle fait appel \u00e0 des cam\u00e9ras et des scanners infrarouges pour d\u00e9tecter les variations de temp\u00e9rature \u00e0 la surface d\u2019un four rotatif. En capturant ces donn\u00e9es thermiques, des syst\u00e8mes comme <strong>Kilnscan <\/strong>permettent de visualiser les points chauds ou froids, d\u2019identifier des anomalies telles que la surchauffe ou les pertes thermiques, et de d\u00e9tecter les probl\u00e8mes avant qu\u2019ils ne deviennent critiques. Cette technologie assure une surveillance en temps r\u00e9el, renfor\u00e7ant ainsi la s\u00e9curit\u00e9 et l\u2019efficacit\u00e9 de l\u2019\u00e9quipement.[\/vc_column_text][\/vc_accordion_tab][vc_accordion_tab gutter_size=\u00a0\u00bb2&Prime; column_padding=\u00a0\u00bb2&Prime; title=\u00a0\u00bbQuels sont les avantages de l\u2019utilisation de Kilnscan pour la surveillance d\u2019un four rotatif ?\u00a0\u00bb tab_id=\u00a0\u00bb1706445699-2-32&Prime;][vc_column_text uncode_shortcode_id=\u00a0\u00bb203114&Prime;]Kilnscan offre une surveillance thermique sans contact 24h\/24 et 7j\/7 des fours rotatifs. Les principaux avantages incluent :<\/p>\n<ul>\n<li>Cartographie thermique en temps r\u00e9el, avec une r\u00e9solution spatiale pouvant aller jusqu\u2019\u00e0 la taille d\u2019une seule brique<\/li>\n<li>D\u00e9tection pr\u00e9coce des points chauds pour \u00e9viter les dommages<\/li>\n<li>Surveillance de l\u2019usure des r\u00e9fractaires pour prolonger leur dur\u00e9e de vie<\/li>\n<li>Planification pr\u00e9cise et proactive de la maintenance pr\u00e9ventive<\/li>\n<li>Solution adaptable aux installations complexes (zones d\u2019ombre multiples, fours longs, espaces restreints)<\/li>\n<li>Int\u00e9gration fluide avec le syst\u00e8me de contr\u00f4le de l\u2019usine pour une exploitation optimis\u00e9e des donn\u00e9es<\/li>\n<\/ul>\n<p>[\/vc_column_text][\/vc_accordion_tab][vc_accordion_tab gutter_size=\u00a0\u00bb2&Prime; column_padding=\u00a0\u00bb2&Prime; title=\u00a0\u00bbQuels sont les avantages de l\u2019utilisation de Pyroscan pour surveiller un four industriel ?\u00a0\u00bb tab_id=\u00a0\u00bb1706445886670-2-8&Prime;][vc_column_text uncode_shortcode_id=\u00a0\u00bb655175&Prime;]Pyroscan propose une surveillance thermique avanc\u00e9e des fours industriels avec de nombreux avantages :<\/p>\n<ul>\n<li><strong>Mesure pr\u00e9cise de la temp\u00e9rature<\/strong> : de 700 \u00b0C \u00e0 1800 \u00b0C, m\u00eame en pr\u00e9sence de poussi\u00e8re ou de fum\u00e9e<\/li>\n<li><strong>Imagerie haute r\u00e9solution<\/strong> : cam\u00e9ra HDR 1,2 MP pour une visualisation nette des zones de combustion<\/li>\n<li><strong>Surveillance du motif de flamme :<\/strong> suivi de la forme, longueur, largeur et racine noire de la flamme<\/li>\n<li><strong>Outil de r\u00e9glage du br\u00fbleur<\/strong> : optimisation des r\u00e9glages, notamment pour les combustibles alternatifs<\/li>\n<li><strong>Surveillance en temps r\u00e9el :<\/strong> mesures continues et vid\u00e9o IP en direct<\/li>\n<li><strong>Visualisation de la zone de clinker :<\/strong> suivi des chutes et variations thermiques dans la zone de combustion<\/li>\n<li><strong>Filtrage de poussi\u00e8re optimis\u00e9 <\/strong>: algorithmes robustes pour conditions s\u00e9v\u00e8res<\/li>\n<li><strong>Base de donn\u00e9es compl\u00e8te :<\/strong> historique des vid\u00e9os et mesures de temp\u00e9rature<\/li>\n<li><strong>Mesures personnalis\u00e9es<\/strong> : zones de mesure d\u00e9finies par l\u2019utilisateur et illimit\u00e9es pour une analyse fine<\/li>\n<\/ul>\n<p>[\/vc_column_text][\/vc_accordion_tab][vc_accordion_tab gutter_size=\u00a0\u00bb2&Prime; column_padding=\u00a0\u00bb2&Prime; title=\u00a0\u00bbQuel r\u00f4le joue la thermographie dans la maintenance pr\u00e9dictive des refroidisseurs de clinker ?\u00a0\u00bb tab_id=\u00a0\u00bb1706445921283-3-6&Prime;][vc_column_text uncode_shortcode_id=\u00a0\u00bb105983&Prime;]La thermographie permet de surveiller la chute de clinker, les \u00ab rivi\u00e8res rouges \u00bb et les variations thermiques pouvant signaler des blocages, d\u00e9faillances de ventilateurs ou d\u00e9gradations. Cela favorise une intervention pr\u00e9ventive avant les d\u00e9faillances co\u00fbteuses, assurant ainsi une production continue et durable.[\/vc_column_text][\/vc_accordion_tab][vc_accordion_tab gutter_size=\u00a0\u00bb2&Prime; column_padding=\u00a0\u00bb2&Prime; title=\u00a0\u00bbComment les donn\u00e9es thermiques sont-elles analys\u00e9es et interpr\u00e9t\u00e9es ?\u00a0\u00bb tab_id=\u00a0\u00bb1706445944479-4-9&Prime;][vc_column_text uncode_shortcode_id=\u00a0\u00bb175854&Prime;]Les donn\u00e9es issues des syst\u00e8mes comme <strong>Kilnscan <\/strong>et <strong>Pyroscan<\/strong> sont trait\u00e9es via des logiciels sp\u00e9cialis\u00e9s qui produisent des cartes thermiques claires et interpr\u00e9tables. Ces outils permettent : .<br \/>\nUne identification rapide des zones critiques<br \/>\nUne analyse des tendances thermiques dans le temps<br \/>\nLa g\u00e9n\u00e9ration de rapports automatiques facilitant les d\u00e9cisions de maintenance et d\u2019optimisation[\/vc_column_text][\/vc_accordion_tab][vc_accordion_tab gutter_size=\u00a0\u00bb2&Prime; column_padding=\u00a0\u00bb2&Prime; title=\u00a0\u00bbQuel type de maintenance est requis pour les syst\u00e8mes Kilnscan ou Pyroscan ?\u00a0\u00bb tab_id=\u00a0\u00bb1706445986945-5-6&Prime;][vc_column_text uncode_shortcode_id=\u00a0\u00bb205602&Prime;]<\/p>\n<ul>\n<li>Ces \u00e9quipements ne n\u00e9cessitent quasiment aucun entretien :<\/li>\n<li>Kilnscan : nettoyage et v\u00e9rification de la e infrarouge<\/li>\n<li>Pyroscan : contr\u00f4le p\u00e9riodique des filtres \u00e0 air ou du refroidisseur \u00e0 eau<br \/>\nLa maintenance l\u00e9g\u00e8re garantit une utilisation simple et une stabilit\u00e9 op\u00e9rationnelle \u00e9lev\u00e9e.<\/li>\n<\/ul>\n<p>[\/vc_column_text][\/vc_accordion_tab][vc_accordion_tab gutter_size=\u00a0\u00bb2&Prime; column_padding=\u00a0\u00bb2&Prime; title=\u00a0\u00bbLes solutions de surveillance thermique sont-elles adapt\u00e9es aux environnements industriels extr\u00eames ?\u00a0\u00bb tab_id=\u00a0\u00bb1706446064620-6-2&Prime;][vc_column_text uncode_shortcode_id=\u00a0\u00bb719065&Prime;]Oui. Les syst\u00e8mes <strong>Kilnscan <\/strong>et <strong>Pyroscan <\/strong>sont con\u00e7us pour les conditions industrielles s\u00e9v\u00e8res. Ils r\u00e9sistent aux temp\u00e9ratures \u00e9lev\u00e9es, \u00e0 la poussi\u00e8re, aux vibrations et autres contraintes extr\u00eames. Les cam\u00e9ras infrarouges sont prot\u00e9g\u00e9es pour assurer leur fiabilit\u00e9 et leur long\u00e9vit\u00e9, m\u00eame dans les environnements les plus exigeants.[\/vc_column_text][\/vc_accordion_tab][vc_accordion_tab gutter_size=\u00a0\u00bb2&Prime; column_padding=\u00a0\u00bb2&Prime; title=\u00a0\u00bbComment la surveillance thermique am\u00e9liore-t-elle la s\u00e9curit\u00e9 de l\u2019installation ?\u00a0\u00bb tab_id=\u00a0\u00bb1706446097036-7-2&Prime;][vc_column_text uncode_shortcode_id=\u00a0\u00bb130381&Prime;]La surveillance continue permet une d\u00e9tection pr\u00e9coce des anomalies thermiques, r\u00e9duisant les risques d\u2019incendie ou de panne. En d\u00e9tectant les probl\u00e8mes avant qu\u2019ils ne deviennent critiques, <strong>Kilnscan <\/strong>et <strong>Pyroscan <\/strong>contribuent \u00e0 renforcer la s\u00e9curit\u00e9 industrielle gr\u00e2ce \u00e0 une gestion proactive des risques.[\/vc_column_text][\/vc_accordion_tab][vc_accordion_tab gutter_size=\u00a0\u00bb2&Prime; column_padding=\u00a0\u00bb2&Prime; title=\u00a0\u00bbQu\u2019est-ce que la \u00ab d\u00e9formation thermique \u00bb et comment affecte-t-elle les performances du four ?\u00a0\u00bb tab_id=\u00a0\u00bb1706446123979-8-7&Prime;][vc_column_text uncode_shortcode_id=\u00a0\u00bb922236&Prime;]La surveillance de la d\u00e9formation thermique permet de suivre l&rsquo;\u00e9volution \u00e0 moyen et long terme des donn\u00e9es de d\u00e9formation thermique, fournissant des informations pr\u00e9cieuses sur le d\u00e9veloppement du proc\u00e9d\u00e9 \u00e0 l\u2019int\u00e9rieur du four. Cela inclut la surveillance de la formation des rev\u00eatements, la pouss\u00e9e du four sur le mat\u00e9riau non br\u00fbl\u00e9 et le r\u00e9glage de la flamme. Elle sert \u00e9galement d\u2019indicateur des contraintes m\u00e9caniques et thermiques exerc\u00e9es sur la virole et les galets, ainsi que des fluctuations de charge support\u00e9es par chaque pilier.<br \/>\nAssoci\u00e9e \u00e0 la surveillance du glissement des galets (\u00ab Tire Slip Monitoring \u00bb), qui mesure le jeu entre la virole du four et les galets de support, la surveillance de la d\u00e9formation thermique permet d\u2019\u00e9valuer la g\u00e9om\u00e9trie de la virole, le degr\u00e9 de d\u00e9viation (comme l\u2019ovalisation), l\u2019excentricit\u00e9 et le d\u00e9salignement. Cette surveillance compl\u00e8te favorise un fonctionnement optimal du four et prolonge la dur\u00e9e de vie des \u00e9quipements.[\/vc_column_text][\/vc_accordion_tab][vc_accordion_tab gutter_size=\u00a0\u00bb2&Prime; column_padding=\u00a0\u00bb2&Prime; title=\u00a0\u00bbQu\u2019est-ce que la surveillance de la d\u00e9formation thermique (\u00ab Thermal Warp Monitoring \u00bb) et \u00e0 quoi sert-elle ?\u00a0\u00bb tab_id=\u00a0\u00bb1706446123979-8-75&Prime;][vc_column_text uncode_shortcode_id=\u00a0\u00bb322838&Prime;]La surveillance de la d\u00e9formation thermique permet de suivre l&rsquo;\u00e9volution \u00e0 moyen et long terme des donn\u00e9es de d\u00e9formation thermique, fournissant des informations pr\u00e9cieuses sur le d\u00e9veloppement du proc\u00e9d\u00e9 \u00e0 l\u2019int\u00e9rieur du four. Cela inclut la surveillance de la formation des rev\u00eatements, la pouss\u00e9e du four sur le mat\u00e9riau non br\u00fbl\u00e9 et le r\u00e9glage de la flamme. Elle sert \u00e9galement d\u2019indicateur des contraintes m\u00e9caniques et thermiques exerc\u00e9es sur la virole et les galets, ainsi que des fluctuations de charge support\u00e9es par chaque pilier.<\/p>\n<p>Associ\u00e9e \u00e0 la surveillance du glissement des galets (\u00ab Tire Slip Monitoring \u00bb), qui mesure le jeu entre la virole du four et les galets de support, la surveillance de la d\u00e9formation thermique permet d\u2019\u00e9valuer la g\u00e9om\u00e9trie de la virole, le degr\u00e9 de d\u00e9viation (comme l\u2019ovalisation), l\u2019excentricit\u00e9 et le d\u00e9salignement. Cette surveillance compl\u00e8te favorise un fonctionnement optimal du four et prolonge la dur\u00e9e de vie des \u00e9quipements.[\/vc_column_text][\/vc_accordion_tab][vc_accordion_tab gutter_size=\u00a0\u00bb2&Prime; column_padding=\u00a0\u00bb2&Prime; title=\u00a0\u00bbQu\u2019est-ce que le ph\u00e9nom\u00e8ne du \u00ab Rhino Horn \u00bb et comment la cam\u00e9ra Pyroscan permet-elle de le d\u00e9tecter ?\u00a0\u00bb tab_id=\u00a0\u00bb1706446123979-8-755&Prime;][vc_column_text uncode_shortcode_id=\u00a0\u00bb916606&Prime;]Le \u00ab Rhino Horn \u00bb ( \u00ab Chandelles \u00bb) d\u00e9signe l&rsquo;accumulation de poussi\u00e8re de clinker \u00e0 l&rsquo;extr\u00e9mit\u00e9 du br\u00fbleur \u00e0 l\u2019int\u00e9rieur du four. Cette accumulation peut entra\u00eener une baisse de performance, une inefficacit\u00e9 du br\u00fbleur et des dommages potentiels si elle n\u2019est pas trait\u00e9e rapidement.<\/p>\n<p>Une d\u00e9tection pr\u00e9coce est essentielle pour \u00e9viter que le probl\u00e8me ne s\u2019aggrave. La cam\u00e9ra Pyroscan permet une surveillance visuelle \u00e0 haute temp\u00e9rature de la zone du br\u00fbleur. Gr\u00e2ce \u00e0 Pyroscan, les op\u00e9rateurs peuvent identifier les premiers signes de formation d\u2019un \u00ab Rhino Horn \u00bb et intervenir rapidement avant que cela n&rsquo;affecte la production.[\/vc_column_text][\/vc_accordion_tab][vc_accordion_tab gutter_size=\u00a0\u00bb2&Prime; column_padding=\u00a0\u00bb2&Prime; title=\u00a0\u00bbQu\u2019est-ce que le ph\u00e9nom\u00e8ne des \u00ab chandelles \u00bb ( \u00ab Snowman \u00bb) dans les refroidisseurs de clinker, et comment la cam\u00e9ra Pyroscan aide-t-elle \u00e0 le d\u00e9tecter ?\u00a0\u00bb tab_id=\u00a0\u00bb1706446123979-8-7553&Prime;][vc_column_text uncode_shortcode_id=\u00a0\u00bb206647&Prime;]La \u00ab chandelle \u00bb d\u00e9signe l\u2019accumulation soudaine et rapide de mat\u00e9riau \u2014 souvent au niveau de la grille fixe \u2014 dans les refroidisseurs de clinker. Cette accumulation peut fortement perturber le flux d\u2019air et l\u2019efficacit\u00e9 du refroidissement, entra\u00eenant des probl\u00e8mes majeurs de proc\u00e9d\u00e9 si elle n\u2019est pas trait\u00e9e rapidement.<\/p>\n<p>La cam\u00e9ra Pyroscan permet une surveillance visuelle et thermique continue de la zone du refroidisseur, permettant aux op\u00e9rateurs de suivre de pr\u00e8s les variations de temp\u00e9rature. Elle peut \u00eatre configur\u00e9e pour d\u00e9clencher des alarmes en cas de chute de temp\u00e9rature \u2014 un indicateur pr\u00e9coce de formation d\u2019une \u00ab chandelle \u00bb.<\/p>\n<p>Gr\u00e2ce \u00e0 des alertes en temps r\u00e9el, les op\u00e9rateurs peuvent intervenir rapidement, par exemple en ajustant les s\u00e9quences de nettoyage par air comprim\u00e9, pour \u00e9viter toute aggravation et limiter l\u2019impact sur les op\u00e9rations.[\/vc_column_text][\/vc_accordion_tab][vc_accordion_tab gutter_size=\u00a0\u00bb2&Prime; column_padding=\u00a0\u00bb2&Prime; title=\u00a0\u00bbQu\u2019est-ce que la vue polaire de Kilnscan (\u00ab Kilnscan Polar View \u00bb) et comment aide-t-elle \u00e0 surveiller l\u2019\u00e9tat du four ?\u00a0\u00bb tab_id=\u00a0\u00bb1706446123979-8-75533&Prime;][vc_column_text uncode_shortcode_id=\u00a0\u00bb132431&Prime;]La vue polaire de Kilnscan est une fonctionnalit\u00e9 du logiciel de scanner de virole d\u00e9velopp\u00e9 par HGH. Elle offre une visualisation unique du four rotatif sous forme de coupe transversale \u00ab polaire \u00bb. Elle permet aux op\u00e9rateurs de visualiser l\u2019\u00e9paisseur du rev\u00eatement et la r\u00e9partition des temp\u00e9ratures sur toute la longueur du four.<br \/>\n\u00c0 l\u2019aide d\u2019un simple curseur, les op\u00e9rateurs peuvent virtuellement \u00ab voyager \u00bb \u00e0 l\u2019int\u00e9rieur du four pour observer en temps r\u00e9el les variations de rev\u00eatement et de comportement thermique. Cette visualisation facilite la d\u00e9tection pr\u00e9coce de probl\u00e8mes potentiels et permet de prendre de meilleures d\u00e9cisions en mati\u00e8re de maintenance et de contr\u00f4le du proc\u00e9d\u00e9.[\/vc_column_text][\/vc_accordion_tab][\/vc_accordion][\/vc_column][\/vc_row]<\/p>\n<\/div>","protected":false},"excerpt":{"rendered":"<p>[vc_row row_height_percent=\u00a0\u00bb0&Prime; override_padding=\u00a0\u00bbyes\u00a0\u00bb h_padding=\u00a0\u00bb2&Prime; top_padding=\u00a0\u00bb3&Prime; bottom_padding=\u00a0\u00bb3&Prime; back_image=\u00a0\u00bb136816&Prime; overlay_alpha=\u00a0\u00bb50&Prime; gutter_size=\u00a0\u00bb3&Prime; column_width_percent=\u00a0\u00bb100&Prime; shift_y=\u00a0\u00bb0&Prime; z_index=\u00a0\u00bb0&Prime; content_parallax=\u00a0\u00bb0&Prime; uncode_shortcode_id=\u00a0\u00bb680925&Prime; css=\u00a0\u00bb.vc_custom_1748826783474{padding-top: 18px !important;padding-bottom: 18px !important;}\u00a0\u00bb][vc_column column_width_percent=\u00a0\u00bb100&Prime; [&hellip;]<\/p>\n","protected":false},"author":13,"featured_media":0,"parent":167788,"menu_order":0,"comment_status":"closed","ping_status":"closed","template":"","meta":{"footnotes":""},"class_list":["post-139944","page","type-page","status-publish","hentry"],"_links":{"self":[{"href":"https:\/\/hgh-infrared.com\/fr\/wp-json\/wp\/v2\/pages\/139944","targetHints":{"allow":["GET"]}}],"collection":[{"href":"https:\/\/hgh-infrared.com\/fr\/wp-json\/wp\/v2\/pages"}],"about":[{"href":"https:\/\/hgh-infrared.com\/fr\/wp-json\/wp\/v2\/types\/page"}],"author":[{"embeddable":true,"href":"https:\/\/hgh-infrared.com\/fr\/wp-json\/wp\/v2\/users\/13"}],"replies":[{"embeddable":true,"href":"https:\/\/hgh-infrared.com\/fr\/wp-json\/wp\/v2\/comments?post=139944"}],"version-history":[{"count":8,"href":"https:\/\/hgh-infrared.com\/fr\/wp-json\/wp\/v2\/pages\/139944\/revisions"}],"predecessor-version":[{"id":166524,"href":"https:\/\/hgh-infrared.com\/fr\/wp-json\/wp\/v2\/pages\/139944\/revisions\/166524"}],"up":[{"embeddable":true,"href":"https:\/\/hgh-infrared.com\/fr\/wp-json\/wp\/v2\/pages\/167788"}],"wp:attachment":[{"href":"https:\/\/hgh-infrared.com\/fr\/wp-json\/wp\/v2\/media?parent=139944"}],"curies":[{"name":"wp","href":"https:\/\/api.w.org\/{rel}","templated":true}]}}