{"id":139964,"date":"2025-06-19T13:46:30","date_gmt":"2025-06-19T13:46:30","guid":{"rendered":"https:\/\/hgh-infrared.com\/?page_id=139964"},"modified":"2026-01-23T16:23:01","modified_gmt":"2026-01-23T16:23:01","slug":"conditions-generales-dutilisation","status":"publish","type":"page","link":"https:\/\/hgh-infrared.com\/fr\/conditions-generales-dutilisation\/","title":{"rendered":"Conditions g\u00e9n\u00e9rales d\u2019utilisation"},"content":{"rendered":"<div class=\"wpb-content-wrapper\"><p>[vc_row row_height_percent=\u00a0\u00bb0&Prime; override_padding=\u00a0\u00bbyes\u00a0\u00bb h_padding=\u00a0\u00bb2&Prime; top_padding=\u00a0\u00bb3&Prime; bottom_padding=\u00a0\u00bb3&Prime; back_image=\u00a0\u00bb163112&Prime; overlay_alpha=\u00a0\u00bb50&Prime; gutter_size=\u00a0\u00bb3&Prime; column_width_percent=\u00a0\u00bb100&Prime; shift_y=\u00a0\u00bb0&Prime; z_index=\u00a0\u00bb0&Prime; content_parallax=\u00a0\u00bb0&Prime; uncode_shortcode_id=\u00a0\u00bb213721&Prime; css=\u00a0\u00bb.vc_custom_1762159122834{padding-top: 18px !important;padding-bottom: 18px !important;}\u00a0\u00bb][vc_column column_width_percent=\u00a0\u00bb100&Prime; position_horizontal=\u00a0\u00bbleft\u00a0\u00bb position_vertical=\u00a0\u00bbmiddle\u00a0\u00bb gutter_size=\u00a0\u00bb1&Prime; style=\u00a0\u00bbdark\u00a0\u00bb overlay_alpha=\u00a0\u00bb50&Prime; shift_x=\u00a0\u00bb0&Prime; shift_y=\u00a0\u00bb0&Prime; shift_y_down=\u00a0\u00bb0&Prime; z_index=\u00a0\u00bb0&Prime; medium_width=\u00a0\u00bb0&Prime; mobile_width=\u00a0\u00bb0&Prime; width=\u00a0\u00bb1\/1&Prime; uncode_shortcode_id=\u00a0\u00bb747725&Prime;][uncode_breadcrumbs][vc_empty_space empty_h=\u00a0\u00bb1&Prime;][vc_empty_space empty_h=\u00a0\u00bb0&Prime;][vc_custom_heading text_color=\u00a0\u00bbcolor-xsdn\u00a0\u00bb heading_semantic=\u00a0\u00bbh1&Prime; text_size=\u00a0\u00bbh1&Prime; text_weight=\u00a0\u00bb800&Prime; uncode_shortcode_id=\u00a0\u00bb881345&Prime; text_color_type=\u00a0\u00bbuncode-palette\u00a0\u00bb]Conditions g\u00e9n\u00e9rales d\u2019utilisation[\/vc_custom_heading][vc_empty_space empty_h=\u00a0\u00bb0&Prime;][vc_column_text text_color=\u00a0\u00bbcolor-xsdn\u00a0\u00bb uncode_shortcode_id=\u00a0\u00bb198017&Prime; text_color_type=\u00a0\u00bbuncode-palette\u00a0\u00bb]Lorsque vous vous connectez \u00e0 ce site Web ou y acc\u00e9dez, vous acceptez les conditions g\u00e9n\u00e9rales d&rsquo;utilisation d\u00e9finies ci-apr\u00e8s, ainsi que les conditions sp\u00e9cifiques mentionn\u00e9es sur certaines pages dudit site, et pouvant faire l&rsquo;objet de modifications en temps utile. Si vous n&rsquo;acceptez pas ces conditions, ne visitez pas ce site.[\/vc_column_text][\/vc_column][\/vc_row][vc_row row_height_percent=\u00a0\u00bb0&Prime; override_padding=\u00a0\u00bbyes\u00a0\u00bb h_padding=\u00a0\u00bb2&Prime; top_padding=\u00a0\u00bb2&Prime; bottom_padding=\u00a0\u00bb2&Prime; back_color=\u00a0\u00bbcolor-xsdn\u00a0\u00bb overlay_alpha=\u00a0\u00bb50&Prime; gutter_size=\u00a0\u00bb3&Prime; column_width_percent=\u00a0\u00bb100&Prime; shift_y=\u00a0\u00bb0&Prime; z_index=\u00a0\u00bb0&Prime; content_parallax=\u00a0\u00bb0&Prime; uncode_shortcode_id=\u00a0\u00bb180681&Prime; back_color_type=\u00a0\u00bbuncode-palette\u00a0\u00bb][vc_column column_width_percent=\u00a0\u00bb100&Prime; gutter_size=\u00a0\u00bb2&Prime; overlay_alpha=\u00a0\u00bb50&Prime; shift_x=\u00a0\u00bb0&Prime; shift_y=\u00a0\u00bb0&Prime; shift_y_down=\u00a0\u00bb0&Prime; z_index=\u00a0\u00bb0&Prime; medium_width=\u00a0\u00bb0&Prime; mobile_width=\u00a0\u00bb0&Prime; width=\u00a0\u00bb1\/1&Prime; uncode_shortcode_id=\u00a0\u00bb844691&Prime;][vc_column_text uncode_shortcode_id=\u00a0\u00bb151388&Prime;]Sauf mention contraire, le pr\u00e9sent site Web, son contenu, son nom de domaine et son adresse URL :<a href=\"https:\/\/hgh-infrared.com\/\">https:\/\/hgh-infrared.com\/<\/a> est l&rsquo;unique propri\u00e9t\u00e9 de : HGH Syst\u00e8mes Infrarouges SAS au capital de 1 000 000 euros Num\u00e9ro de TVA: 325 486 454 &#8211; Si\u00e8ge social : 10 rue Maryse Basti\u00e9 91430 Igny \u2013 France &#8211; \u00a0<a href=\"mailto:hgh@hgh-infrared.com\">hgh@hgh-infrared.com<\/a><\/p>\n<p>Directeur de la publication :<\/p>\n<p>Le Pr\u00e9sident, HGH Syst\u00e8mes Infrarouges SAS Si\u00e8ge social : 10 rue Maryse Basti\u00e9 91430 Igny \u2013 France +33 (0)1 69 35 47 70 &#8211;\u00a0 <a href=\"mailto:hgh@hgh-infrared.com\">hgh@hgh-infrared.com<\/a><\/p>\n<p>H\u00e9bergeur :<\/p>\n<p>Synopsis \u2013 262 rue Faubourg Saint Honor\u00e9 75008 Paris &#8211; SIRET 91029985800019 &#8211; +33 (0)1 83 64 10 27, email\u00a0: contact@synopsis.fr[\/vc_column_text][vc_empty_space empty_h=\u00a0\u00bb2&Prime;][vc_custom_heading text_size=\u00a0\u00bbh3&Prime; text_weight=\u00a0\u00bb800&Prime; uncode_shortcode_id=\u00a0\u00bb544006&Prime;]1. Objet du site Web[\/vc_custom_heading][vc_column_text uncode_shortcode_id=\u00a0\u00bb198663&Prime;]Le pr\u00e9sent site Web ainsi que tous ses contenus, notamment l&rsquo;ensemble des informations, textes, graphismes, images, hyperliens et autres mat\u00e9riels, ont une vocation d&rsquo;information g\u00e9n\u00e9rale sur HGH.[\/vc_column_text][\/vc_column][\/vc_row][vc_row row_height_percent=\u00a0\u00bb0&Prime; override_padding=\u00a0\u00bbyes\u00a0\u00bb h_padding=\u00a0\u00bb2&Prime; top_padding=\u00a0\u00bb2&Prime; bottom_padding=\u00a0\u00bb2&Prime; back_color=\u00a0\u00bbcolor-xsdn\u00a0\u00bb overlay_alpha=\u00a0\u00bb50&Prime; gutter_size=\u00a0\u00bb3&Prime; column_width_percent=\u00a0\u00bb100&Prime; shift_y=\u00a0\u00bb0&Prime; z_index=\u00a0\u00bb0&Prime; content_parallax=\u00a0\u00bb0&Prime; uncode_shortcode_id=\u00a0\u00bb180681&Prime; back_color_type=\u00a0\u00bbuncode-palette\u00a0\u00bb][vc_column column_width_percent=\u00a0\u00bb100&Prime; gutter_size=\u00a0\u00bb2&Prime; overlay_alpha=\u00a0\u00bb50&Prime; shift_x=\u00a0\u00bb0&Prime; shift_y=\u00a0\u00bb0&Prime; shift_y_down=\u00a0\u00bb0&Prime; z_index=\u00a0\u00bb0&Prime; medium_width=\u00a0\u00bb0&Prime; mobile_width=\u00a0\u00bb0&Prime; width=\u00a0\u00bb1\/1&Prime; uncode_shortcode_id=\u00a0\u00bb844691&Prime;][vc_custom_heading text_size=\u00a0\u00bbh3&Prime; text_weight=\u00a0\u00bb800&Prime; uncode_shortcode_id=\u00a0\u00bb716716&Prime;]2. Informations sur les marques commerciales et les droits d&rsquo;auteur[\/vc_custom_heading][vc_column_text uncode_shortcode_id=\u00a0\u00bb200322&Prime;]La marque HGH, ainsi que toutes les marques commerciales d\u00e9pos\u00e9es de HGH Syst\u00e8mes Infrarouges SAS cit\u00e9es sur ce site Web, sont la seule propri\u00e9t\u00e9 de HGH Syst\u00e8mes Infrarouges SAS \u00a0et de ses filiales. Elles ne sauraient \u00eatre utilis\u00e9es \u00e0 quelque fin que ce soit sans la permission \u00e9crite de leur d\u00e9tenteur. Le pr\u00e9sent site Web et ses contenus sont prot\u00e9g\u00e9s, au sens du Code de la propri\u00e9t\u00e9 intellectuelle fran\u00e7ais (ci-apr\u00e8s d\u00e9nomm\u00e9 le \u00ab Code \u00bb), par les lois sur le droit d&rsquo;auteur applicables aux textes, dessins et mod\u00e8les, ainsi que par les lois sur les marques commerciales.<\/p>\n<p>Vous vous engagez \u00e0 ne pas reproduire, pour un usage autre que votre usage personnel et non commercial tel que d\u00e9fini dans le Code, tout ou partie du pr\u00e9sent site Web ou de ses contenus, sur quelque support que ce soit, sans la permission \u00e9crite de HGH.<\/p>\n<p>Vous vous engagez \u00e9galement \u00e0 n&rsquo;\u00e9tablir aucun lien hypertexte vers le pr\u00e9sent site Web ou ses contenus. HGH n&rsquo;accorde aucun droit ni licence pour l&rsquo;utilisation personnelle et non commerciale du pr\u00e9sent site Web ou de ses contenus, \u00e0 l&rsquo;exception d&rsquo;une licence non-exclusive de consultation \u00ab en l&rsquo;\u00e9tat \u00bb et \u00e0 vos propres risques.<\/p>\n<p>Tous les autres droits sont r\u00e9serv\u00e9s.<\/p>\n<p>HGH ne fait aucune d\u00e9claration ou repr\u00e9sentation concernant les marques commerciales tierces, qui sont la propri\u00e9t\u00e9 de leurs d\u00e9tenteurs respectifs.[\/vc_column_text][\/vc_column][\/vc_row][vc_row row_height_percent=\u00a0\u00bb0&Prime; override_padding=\u00a0\u00bbyes\u00a0\u00bb h_padding=\u00a0\u00bb2&Prime; top_padding=\u00a0\u00bb2&Prime; bottom_padding=\u00a0\u00bb2&Prime; back_color=\u00a0\u00bbcolor-xsdn\u00a0\u00bb overlay_alpha=\u00a0\u00bb50&Prime; gutter_size=\u00a0\u00bb3&Prime; column_width_percent=\u00a0\u00bb100&Prime; shift_y=\u00a0\u00bb0&Prime; z_index=\u00a0\u00bb0&Prime; content_parallax=\u00a0\u00bb0&Prime; uncode_shortcode_id=\u00a0\u00bb180681&Prime; back_color_type=\u00a0\u00bbuncode-palette\u00a0\u00bb][vc_column column_width_percent=\u00a0\u00bb100&Prime; gutter_size=\u00a0\u00bb2&Prime; overlay_alpha=\u00a0\u00bb50&Prime; shift_x=\u00a0\u00bb0&Prime; shift_y=\u00a0\u00bb0&Prime; shift_y_down=\u00a0\u00bb0&Prime; z_index=\u00a0\u00bb0&Prime; medium_width=\u00a0\u00bb0&Prime; mobile_width=\u00a0\u00bb0&Prime; width=\u00a0\u00bb1\/1&Prime; uncode_shortcode_id=\u00a0\u00bb844691&Prime;][vc_custom_heading text_size=\u00a0\u00bbh3&Prime; text_weight=\u00a0\u00bb800&Prime; uncode_shortcode_id=\u00a0\u00bb182062&Prime;]3. Liens vers d&rsquo;autres sites Web[\/vc_custom_heading][vc_column_text uncode_shortcode_id=\u00a0\u00bb143471&Prime;]Le pr\u00e9sent site Web peut contenir des liens vers d&rsquo;autres sites Web, qui sont uniquement fournis \u00e0 titre pratique et ne repr\u00e9sentent en aucun cas une approbation par HGH des contenus desdits sites Web. HGH ne saurait \u00eatre tenue responsable des contenus d&rsquo;autres sites Web et ne fait aucune repr\u00e9sentation ni n&rsquo;apporte aucune garantie concernant les autres sites Web, leurs contenus ou leurs mat\u00e9riels.[\/vc_column_text][\/vc_column][\/vc_row][vc_row row_height_percent=\u00a0\u00bb0&Prime; override_padding=\u00a0\u00bbyes\u00a0\u00bb h_padding=\u00a0\u00bb2&Prime; top_padding=\u00a0\u00bb2&Prime; bottom_padding=\u00a0\u00bb2&Prime; back_color=\u00a0\u00bbcolor-xsdn\u00a0\u00bb overlay_alpha=\u00a0\u00bb50&Prime; gutter_size=\u00a0\u00bb3&Prime; column_width_percent=\u00a0\u00bb100&Prime; shift_y=\u00a0\u00bb0&Prime; z_index=\u00a0\u00bb0&Prime; content_parallax=\u00a0\u00bb0&Prime; uncode_shortcode_id=\u00a0\u00bb180681&Prime; back_color_type=\u00a0\u00bbuncode-palette\u00a0\u00bb][vc_column column_width_percent=\u00a0\u00bb100&Prime; gutter_size=\u00a0\u00bb2&Prime; overlay_alpha=\u00a0\u00bb50&Prime; shift_x=\u00a0\u00bb0&Prime; shift_y=\u00a0\u00bb0&Prime; shift_y_down=\u00a0\u00bb0&Prime; z_index=\u00a0\u00bb0&Prime; medium_width=\u00a0\u00bb0&Prime; mobile_width=\u00a0\u00bb0&Prime; width=\u00a0\u00bb1\/1&Prime; uncode_shortcode_id=\u00a0\u00bb844691&Prime;][vc_custom_heading text_size=\u00a0\u00bbh3&Prime; text_weight=\u00a0\u00bb800&Prime; uncode_shortcode_id=\u00a0\u00bb151100&Prime;]4. Mise \u00e0 jour des informations[\/vc_custom_heading][vc_column_text uncode_shortcode_id=\u00a0\u00bb169400&Prime;]HGH d\u00e9ploie tous les efforts raisonnables pour s&rsquo;assurer que le pr\u00e9sent site Web est \u00e0 tout moment accessible. L&rsquo;acc\u00e8s au site pourra cependant \u00eatre d\u00e9sactiv\u00e9 ou faire l&rsquo;objet de perturbations en raison de difficult\u00e9s techniques ou lors de la r\u00e9alisation d&rsquo;op\u00e9rations de maintenance ou de mise \u00e0 jour. Par ailleurs, bien que HGH prenne toutes les mesures raisonnables afin de s&rsquo;assurer que les informations figurant sur le pr\u00e9sent site soient toujours \u00e0 jour, l&rsquo;entreprise ne fait aucune repr\u00e9sentation ni n&rsquo;apporte aucune garantie, expresse ou implicite, quant \u00e0 la pr\u00e9cision et \u00e0 l&rsquo;exhaustivit\u00e9 desdites informations.<\/p>\n<p>Le contenu du pr\u00e9sent site Web et des sites Web accessibles via les liens hypertexte disponibles sur le site pourra \u00e0 tout moment, et sans avis pr\u00e9alable, \u00eatre corrig\u00e9, compl\u00e9t\u00e9 ou mis \u00e0 jour.<\/p>\n<p>HGH ne fait aucune repr\u00e9sentation ni n&rsquo;apporte aucune garantie quant \u00e0 la s\u00e9curisation du pr\u00e9sent site Web et de l&rsquo;acc\u00e8s \u00e0 celui-ci, ni au fait que ce site Web soit exempt de tout virus ou bogue susceptible d&rsquo;entra\u00eener l&rsquo;endommagement ou la perte de donn\u00e9es. Vous \u00eates responsable de la protection de vos donn\u00e9es contre les virus.<\/p>\n<p>HGH d\u00e9cline toute responsabilit\u00e9 pour tout dommage direct, sp\u00e9cifique, indirect ou cons\u00e9cutif de quelque type et de quelque origine que ce soit, d\u00e9coulant de votre utilisation du pr\u00e9sent site Web ou de votre incapacit\u00e9 \u00e0 y acc\u00e9der.[\/vc_column_text][\/vc_column][\/vc_row][vc_row row_height_percent=\u00a0\u00bb0&Prime; override_padding=\u00a0\u00bbyes\u00a0\u00bb h_padding=\u00a0\u00bb2&Prime; top_padding=\u00a0\u00bb2&Prime; bottom_padding=\u00a0\u00bb2&Prime; back_color=\u00a0\u00bbcolor-xsdn\u00a0\u00bb overlay_alpha=\u00a0\u00bb50&Prime; gutter_size=\u00a0\u00bb3&Prime; column_width_percent=\u00a0\u00bb100&Prime; shift_y=\u00a0\u00bb0&Prime; z_index=\u00a0\u00bb0&Prime; content_parallax=\u00a0\u00bb0&Prime; uncode_shortcode_id=\u00a0\u00bb180681&Prime; back_color_type=\u00a0\u00bbuncode-palette\u00a0\u00bb][vc_column column_width_percent=\u00a0\u00bb100&Prime; gutter_size=\u00a0\u00bb2&Prime; overlay_alpha=\u00a0\u00bb50&Prime; shift_x=\u00a0\u00bb0&Prime; shift_y=\u00a0\u00bb0&Prime; shift_y_down=\u00a0\u00bb0&Prime; z_index=\u00a0\u00bb0&Prime; medium_width=\u00a0\u00bb0&Prime; mobile_width=\u00a0\u00bb0&Prime; width=\u00a0\u00bb1\/1&Prime; uncode_shortcode_id=\u00a0\u00bb844691&Prime;][vc_custom_heading text_size=\u00a0\u00bbh3&Prime; text_weight=\u00a0\u00bb800&Prime; uncode_shortcode_id=\u00a0\u00bb176863&Prime;]5. Informations financi\u00e8res[\/vc_custom_heading][vc_column_text uncode_shortcode_id=\u00a0\u00bb379877&Prime;]Les informations fournies par le biais du pr\u00e9sent site Web ne constituent pas et ne sauraient \u00eatre consid\u00e9r\u00e9es comme une offre, une invitation ou une incitation \u00e0 investir dans ou \u00e0 effectuer des transactions portant sur des actions HGH ou tout autre instrument financier quel qu&rsquo;il soit propos\u00e9 par une entreprise HGH. De m\u00eame, elles ne fournissent ni ne constituent des conseils ou recommandations concernant une d\u00e9cision d&rsquo;investissement quelconque.[\/vc_column_text][\/vc_column][\/vc_row][vc_row row_height_percent=\u00a0\u00bb0&Prime; override_padding=\u00a0\u00bbyes\u00a0\u00bb h_padding=\u00a0\u00bb2&Prime; top_padding=\u00a0\u00bb2&Prime; bottom_padding=\u00a0\u00bb2&Prime; back_color=\u00a0\u00bbcolor-xsdn\u00a0\u00bb overlay_alpha=\u00a0\u00bb50&Prime; gutter_size=\u00a0\u00bb3&Prime; column_width_percent=\u00a0\u00bb100&Prime; shift_y=\u00a0\u00bb0&Prime; z_index=\u00a0\u00bb0&Prime; content_parallax=\u00a0\u00bb0&Prime; uncode_shortcode_id=\u00a0\u00bb180681&Prime; back_color_type=\u00a0\u00bbuncode-palette\u00a0\u00bb][vc_column column_width_percent=\u00a0\u00bb100&Prime; gutter_size=\u00a0\u00bb2&Prime; overlay_alpha=\u00a0\u00bb50&Prime; shift_x=\u00a0\u00bb0&Prime; shift_y=\u00a0\u00bb0&Prime; shift_y_down=\u00a0\u00bb0&Prime; z_index=\u00a0\u00bb0&Prime; medium_width=\u00a0\u00bb0&Prime; mobile_width=\u00a0\u00bb0&Prime; width=\u00a0\u00bb1\/1&Prime; uncode_shortcode_id=\u00a0\u00bb844691&Prime;][vc_custom_heading text_size=\u00a0\u00bbh3&Prime; text_weight=\u00a0\u00bb800&Prime; uncode_shortcode_id=\u00a0\u00bb159362&Prime;]6. Limitation de responsabilit\u00e9[\/vc_custom_heading][vc_column_text uncode_shortcode_id=\u00a0\u00bb164793&Prime;]EN AUCUN CAS HGH NE SAURAIT \u00caTRE TENUE RESPONSABLE, ENVERS QUELQUE PARTIE QUE CE SOIT, DE TOUT DOMMAGE DIRECT, INDIRECT, ACCIDENTEL, SP\u00c9CIFIQUE, EXEMPLAIRE OU CONS\u00c9CUTIF, DE QUELQUE NATURE QUE CE SOIT, LI\u00c9 \u00c0 OU D\u00c9COULANT DU PR\u00c9SENT SITE WEB OU DE SON UTILISATION QUELLE QU&rsquo;ELLE SOIT, OU DE TOUT AUTRE SITE OU RESSOURCE LI\u00c9 \u00c0, R\u00c9F\u00c9RENC\u00c9 OU ACCESSIBLE VIA LE PR\u00c9SENT SITE WEB, OU DE L&rsquo;UTILISATION, DU T\u00c9L\u00c9CHARGEMENT OU DE L&rsquo;ACC\u00c8S \u00c0 TOUT MAT\u00c9RIEL, INFORMATION, PRODUIT OU SERVICE, Y COMPRIS, SANS S&rsquo;Y LIMITER, TOUTE PERTE DE PROFIT, INTERRUPTION D&rsquo;ACTIVIT\u00c9, PERTE D&rsquo;\u00c9CONOMIES OU PERTE DE PROGRAMMES OU D&rsquo;AUTRES DONN\u00c9ES, M\u00caME SI HGH EST EXPRESS\u00c9MENT AVIS\u00c9E DE LA POSSIBILIT\u00c9 DE TELS DOMMAGES. CETTE EXCLUSION ET CETTE LIMITATION DE RESPONSABILIT\u00c9 S&rsquo;APPLIQUENT \u00c0 TOUS LES MOTIFS D&rsquo;ACTION, QU&rsquo;ILS REPOSENT SUR UN CONTRAT, UNE GARANTIE, UN D\u00c9LIT OU TOUTE AUTRE TH\u00c9ORIE JURIDIQUE.[\/vc_column_text][\/vc_column][\/vc_row][vc_row row_height_percent=\u00a0\u00bb0&Prime; override_padding=\u00a0\u00bbyes\u00a0\u00bb h_padding=\u00a0\u00bb2&Prime; top_padding=\u00a0\u00bb2&Prime; bottom_padding=\u00a0\u00bb2&Prime; back_color=\u00a0\u00bbcolor-xsdn\u00a0\u00bb overlay_alpha=\u00a0\u00bb50&Prime; gutter_size=\u00a0\u00bb3&Prime; column_width_percent=\u00a0\u00bb100&Prime; shift_y=\u00a0\u00bb0&Prime; z_index=\u00a0\u00bb0&Prime; content_parallax=\u00a0\u00bb0&Prime; uncode_shortcode_id=\u00a0\u00bb180681&Prime; back_color_type=\u00a0\u00bbuncode-palette\u00a0\u00bb][vc_column column_width_percent=\u00a0\u00bb100&Prime; gutter_size=\u00a0\u00bb2&Prime; overlay_alpha=\u00a0\u00bb50&Prime; shift_x=\u00a0\u00bb0&Prime; shift_y=\u00a0\u00bb0&Prime; shift_y_down=\u00a0\u00bb0&Prime; z_index=\u00a0\u00bb0&Prime; medium_width=\u00a0\u00bb0&Prime; mobile_width=\u00a0\u00bb0&Prime; width=\u00a0\u00bb1\/1&Prime; uncode_shortcode_id=\u00a0\u00bb844691&Prime;][vc_custom_heading text_size=\u00a0\u00bbh3&Prime; text_weight=\u00a0\u00bb800&Prime; uncode_shortcode_id=\u00a0\u00bb140196&Prime;]7. Informations confidentielles ou propri\u00e9taires[\/vc_custom_heading][vc_column_text uncode_shortcode_id=\u00a0\u00bb147652&Prime;]HGH ne souhaite recevoir aucune information confidentielle ou propri\u00e9taire de votre part via le pr\u00e9sent site Web. Veuillez noter que toute information ou mat\u00e9riel envoy\u00e9 \u00e0 HGH sera consid\u00e9r\u00e9 comme NON confidentiel. En envoyant \u00e0 HGH des informations ou mat\u00e9riels, vous accordez \u00e0 HGH l&rsquo;autorisation irr\u00e9vocable et illimit\u00e9e d&rsquo;utiliser, de reproduire, d&rsquo;afficher, de modifier, de transmettre et de diffuser lesdits mat\u00e9riels ou informations. Vous acceptez \u00e9galement le fait que HGH soit libre d&rsquo;utiliser toute id\u00e9e, concept, savoir-faire ou technique que vous lui communiquerez \u00e0 quelque fin que ce soit.[\/vc_column_text][\/vc_column][\/vc_row][vc_row row_height_percent=\u00a0\u00bb0&Prime; override_padding=\u00a0\u00bbyes\u00a0\u00bb h_padding=\u00a0\u00bb2&Prime; top_padding=\u00a0\u00bb2&Prime; bottom_padding=\u00a0\u00bb2&Prime; back_color=\u00a0\u00bbcolor-xsdn\u00a0\u00bb overlay_alpha=\u00a0\u00bb50&Prime; gutter_size=\u00a0\u00bb3&Prime; column_width_percent=\u00a0\u00bb100&Prime; shift_y=\u00a0\u00bb0&Prime; z_index=\u00a0\u00bb0&Prime; content_parallax=\u00a0\u00bb0&Prime; uncode_shortcode_id=\u00a0\u00bb180681&Prime; back_color_type=\u00a0\u00bbuncode-palette\u00a0\u00bb][vc_column column_width_percent=\u00a0\u00bb100&Prime; gutter_size=\u00a0\u00bb2&Prime; overlay_alpha=\u00a0\u00bb50&Prime; shift_x=\u00a0\u00bb0&Prime; shift_y=\u00a0\u00bb0&Prime; shift_y_down=\u00a0\u00bb0&Prime; z_index=\u00a0\u00bb0&Prime; medium_width=\u00a0\u00bb0&Prime; mobile_width=\u00a0\u00bb0&Prime; width=\u00a0\u00bb1\/1&Prime; uncode_shortcode_id=\u00a0\u00bb844691&Prime;][vc_custom_heading text_size=\u00a0\u00bbh3&Prime; text_weight=\u00a0\u00bb800&Prime; uncode_shortcode_id=\u00a0\u00bb191181&Prime;]8. Dispositions juridictionnelles[\/vc_custom_heading][vc_column_text uncode_shortcode_id=\u00a0\u00bb350315&Prime;]Sauf mention contraire, les mat\u00e9riels pr\u00e9sent\u00e9s sur ce site Web le sont uniquement dans le but de promouvoir les produits de HGH. HGH ne fait aucune repr\u00e9sentation quant \u00e0 l&rsquo;adaptation ou \u00e0 la disponibilit\u00e9 en tout lieu des mat\u00e9riels ou produits d\u00e9crits sur le site.<\/p>\n<p>Les pr\u00e9sentes Conditions seront r\u00e9gies par la l\u00e9gislation fran\u00e7aise et interpr\u00e9t\u00e9es conform\u00e9ment \u00e0 celle-ci, sans qu&rsquo;il soit tenu compte des r\u00e8gles de conflit de loi. Si l&rsquo;une quelconque des dispositions du pr\u00e9sent accord \u00e9tait jug\u00e9e illicite, nulle ou inapplicable pour quelque raison que ce soit, cette disposition serait alors consid\u00e9r\u00e9e comme distincte des pr\u00e9sentes Conditions et ne saurait affecter la validit\u00e9 et l&rsquo;applicabilit\u00e9 des dispositions restantes. Les pr\u00e9sentes constituent l&rsquo;int\u00e9gralit\u00e9 de l&rsquo;accord entre les parties concernant le sujet ci-abord\u00e9 et ne sauraient \u00eatre modifi\u00e9es, sauf par un document \u00e9crit sign\u00e9 des deux parties.<\/p>\n<p>Derni\u00e8re mise \u00e0 jour : 18 Juin 2025[\/vc_column_text][\/vc_column][\/vc_row]<\/p>\n<\/div>","protected":false},"excerpt":{"rendered":"<p>[vc_row row_height_percent=\u00a0\u00bb0&Prime; override_padding=\u00a0\u00bbyes\u00a0\u00bb h_padding=\u00a0\u00bb2&Prime; top_padding=\u00a0\u00bb3&Prime; bottom_padding=\u00a0\u00bb3&Prime; back_image=\u00a0\u00bb163112&Prime; overlay_alpha=\u00a0\u00bb50&Prime; gutter_size=\u00a0\u00bb3&Prime; column_width_percent=\u00a0\u00bb100&Prime; shift_y=\u00a0\u00bb0&Prime; z_index=\u00a0\u00bb0&Prime; content_parallax=\u00a0\u00bb0&Prime; uncode_shortcode_id=\u00a0\u00bb213721&Prime; css=\u00a0\u00bb.vc_custom_1762159122834{padding-top: 18px !important;padding-bottom: 18px !important;}\u00a0\u00bb][vc_column column_width_percent=\u00a0\u00bb100&Prime; [&hellip;]<\/p>\n","protected":false},"author":13,"featured_media":0,"parent":0,"menu_order":0,"comment_status":"closed","ping_status":"closed","template":"","meta":{"footnotes":""},"class_list":["post-139964","page","type-page","status-publish","hentry"],"_links":{"self":[{"href":"https:\/\/hgh-infrared.com\/fr\/wp-json\/wp\/v2\/pages\/139964","targetHints":{"allow":["GET"]}}],"collection":[{"href":"https:\/\/hgh-infrared.com\/fr\/wp-json\/wp\/v2\/pages"}],"about":[{"href":"https:\/\/hgh-infrared.com\/fr\/wp-json\/wp\/v2\/types\/page"}],"author":[{"embeddable":true,"href":"https:\/\/hgh-infrared.com\/fr\/wp-json\/wp\/v2\/users\/13"}],"replies":[{"embeddable":true,"href":"https:\/\/hgh-infrared.com\/fr\/wp-json\/wp\/v2\/comments?post=139964"}],"version-history":[{"count":6,"href":"https:\/\/hgh-infrared.com\/fr\/wp-json\/wp\/v2\/pages\/139964\/revisions"}],"predecessor-version":[{"id":170384,"href":"https:\/\/hgh-infrared.com\/fr\/wp-json\/wp\/v2\/pages\/139964\/revisions\/170384"}],"wp:attachment":[{"href":"https:\/\/hgh-infrared.com\/fr\/wp-json\/wp\/v2\/media?parent=139964"}],"curies":[{"name":"wp","href":"https:\/\/api.w.org\/{rel}","templated":true}]}}