{"id":159966,"date":"2025-09-02T09:57:44","date_gmt":"2025-09-02T09:57:44","guid":{"rendered":"https:\/\/hgh-infrared.com\/tests-electro-optiques\/applications-principales\/test-des-matrices-plan-focales-et-detecteurs\/"},"modified":"2026-02-11T13:57:29","modified_gmt":"2026-02-11T13:57:29","slug":"test-des-matrices-plan-focales-et-detecteurs","status":"publish","type":"page","link":"https:\/\/hgh-infrared.com\/fr\/eot\/applications\/test-des-matrices-plan-focales-et-detecteurs\/","title":{"rendered":"tests de matrice plans focales (FPA)"},"content":{"rendered":"<div class=\"wpb-content-wrapper\"><p>[vc_row row_height_percent=\u00a0\u00bb0&Prime; override_padding=\u00a0\u00bbyes\u00a0\u00bb h_padding=\u00a0\u00bb2&Prime; top_padding=\u00a0\u00bb3&Prime; bottom_padding=\u00a0\u00bb3&Prime; back_color=\u00a0\u00bbcolor-rgdb\u00a0\u00bb back_image=\u00a0\u00bb160011&Prime; overlay_alpha=\u00a0\u00bb50&Prime; gutter_size=\u00a0\u00bb3&Prime; column_width_percent=\u00a0\u00bb100&Prime; shift_y=\u00a0\u00bb0&Prime; z_index=\u00a0\u00bb0&Prime; content_parallax=\u00a0\u00bb0&Prime; uncode_shortcode_id=\u00a0\u00bb153301&Prime; back_color_type=\u00a0\u00bbuncode-palette\u00a0\u00bb css=\u00a0\u00bb.vc_custom_1760968503060{padding-top: 18px !important;padding-bottom: 18px !important;}\u00a0\u00bb][vc_column column_width_percent=\u00a0\u00bb100&Prime; position_horizontal=\u00a0\u00bbleft\u00a0\u00bb position_vertical=\u00a0\u00bbmiddle\u00a0\u00bb gutter_size=\u00a0\u00bb1&Prime; style=\u00a0\u00bbdark\u00a0\u00bb overlay_alpha=\u00a0\u00bb50&Prime; shift_x=\u00a0\u00bb0&Prime; shift_y=\u00a0\u00bb0&Prime; shift_y_down=\u00a0\u00bb0&Prime; z_index=\u00a0\u00bb0&Prime; medium_width=\u00a0\u00bb0&Prime; mobile_width=\u00a0\u00bb0&Prime; width=\u00a0\u00bb1\/1&Prime; uncode_shortcode_id=\u00a0\u00bb747725&Prime;][uncode_breadcrumbs el_class=\u00a0\u00bbbreadcrumbs-eot\u00a0\u00bb][vc_empty_space empty_h=\u00a0\u00bb1&Prime;][vc_empty_space empty_h=\u00a0\u00bb0&Prime;][vc_custom_heading text_color=\u00a0\u00bbcolor-xsdn\u00a0\u00bb heading_semantic=\u00a0\u00bbh1&Prime; text_size=\u00a0\u00bbh1&Prime; text_weight=\u00a0\u00bb800&Prime; uncode_shortcode_id=\u00a0\u00bb205792&Prime; text_color_type=\u00a0\u00bbuncode-palette\u00a0\u00bb]<span style=\"display: block; font-weight: 800; color: #fff;\">Test des Matrices Plan Focales et D\u00e9tecteurs CMOS <\/span> <span style=\"display: block; font-size: 15px; font-weight: 400 !important; color: #fff; text-transform: none;\">Tests de bruit et r\u00e9solution thermique Am\u00e9lioration de la qualit\u00e9 d\u2019image des d\u00e9tecteurs<\/span>[\/vc_custom_heading][vc_empty_space empty_h=\u00a0\u00bb0&Prime;][\/vc_column][\/vc_row][vc_row row_height_percent=\u00a0\u00bb0&Prime; override_padding=\u00a0\u00bbyes\u00a0\u00bb h_padding=\u00a0\u00bb2&Prime; top_padding=\u00a0\u00bb2&Prime; bottom_padding=\u00a0\u00bb2&Prime; overlay_alpha=\u00a0\u00bb50&Prime; gutter_size=\u00a0\u00bb3&Prime; column_width_percent=\u00a0\u00bb100&Prime; shift_y=\u00a0\u00bb0&Prime; z_index=\u00a0\u00bb0&Prime; content_parallax=\u00a0\u00bb0&Prime; uncode_shortcode_id=\u00a0\u00bb459109&Prime;][vc_column column_width_percent=\u00a0\u00bb100&Prime; gutter_size=\u00a0\u00bb0&Prime; overlay_alpha=\u00a0\u00bb50&Prime; shift_x=\u00a0\u00bb0&Prime; shift_y=\u00a0\u00bb0&Prime; shift_y_down=\u00a0\u00bb0&Prime; z_index=\u00a0\u00bb0&Prime; medium_width=\u00a0\u00bb0&Prime; mobile_width=\u00a0\u00bb0&Prime; width=\u00a0\u00bb1\/1&Prime; uncode_shortcode_id=\u00a0\u00bb582787&Prime;][vc_custom_heading text_weight=\u00a0\u00bb800&Prime; uncode_shortcode_id=\u00a0\u00bb147448&Prime;]<strong>Les d\u00e9fis de la mesure du bruit sur les d\u00e9tecteurs analogiques multi-canaux<\/strong>[\/vc_custom_heading][vc_empty_space empty_h=\u00a0\u00bb2&Prime; mobile_visibility=\u00a0\u00bbyes\u00a0\u00bb][vc_empty_space empty_h=\u00a0\u00bb1&Prime; desktop_visibility=\u00a0\u00bbyes\u00a0\u00bb medium_visibility=\u00a0\u00bbyes\u00a0\u00bb][vc_column_text uncode_shortcode_id=\u00a0\u00bb419698&Prime; el_class=\u00a0\u00bbjustify\u00a0\u00bb]Le niveau de bruit d\u2019un d\u00e9tecteur est un param\u00e8tre essentiel \u00e0 mesurer, mais il est souvent difficile de le dissocier du bruit g\u00e9n\u00e9r\u00e9 par l\u2019\u00e9lectronique de pilotage.<br \/>\nHGH a d\u00e9velopp\u00e9 un ensemble d\u2019unit\u00e9s \u00e9lectroniques \u00e0 ultra-faible bruit compatibles avec tous types de d\u00e9tecteurs CMOS : Bruit temporel, NEP (Puissance \u00e9quivalente au bruit), NETD (Diff\u00e9rence de temp\u00e9rature \u00e9quivalente au bruit), D\u00e9tectivit\u00e9 sp\u00e9cifique (D*), Lin\u00e9arit\u00e9, Responsivit\u00e9[\/vc_column_text][\/vc_column][\/vc_row][vc_row row_height_percent=\u00a0\u00bb0&Prime; override_padding=\u00a0\u00bbyes\u00a0\u00bb h_padding=\u00a0\u00bb2&Prime; top_padding=\u00a0\u00bb0&Prime; bottom_padding=\u00a0\u00bb2&Prime; overlay_alpha=\u00a0\u00bb50&Prime; equal_height=\u00a0\u00bbyes\u00a0\u00bb gutter_size=\u00a0\u00bb3&Prime; column_width_percent=\u00a0\u00bb100&Prime; shift_y=\u00a0\u00bb0&Prime; z_index=\u00a0\u00bb0&Prime; content_parallax=\u00a0\u00bb0&Prime; uncode_shortcode_id=\u00a0\u00bb128678&Prime;][vc_column column_width_percent=\u00a0\u00bb100&Prime; gutter_size=\u00a0\u00bb3&Prime; overlay_alpha=\u00a0\u00bb50&Prime; shift_x=\u00a0\u00bb0&Prime; shift_y=\u00a0\u00bb0&Prime; shift_y_down=\u00a0\u00bb0&Prime; z_index=\u00a0\u00bb0&Prime; medium_width=\u00a0\u00bb0&Prime; mobile_width=\u00a0\u00bb0&Prime; width=\u00a0\u00bb3\/4&Prime; uncode_shortcode_id=\u00a0\u00bb274990&Prime;][vc_column_text uncode_shortcode_id=\u00a0\u00bb237904&Prime;]<\/p>\n<ul>\n<li>G\u00e9n\u00e9rateurs de tensions de polarisation ultra-faible bruit<\/li>\n<li>G\u00e9n\u00e9rateurs de signaux d\u2019horloge \u00e0 forte vitesse de mont\u00e9e (slew rate)<\/li>\n<li>Convertisseur analogique-num\u00e9rique et multiplexeur \u00e0 faible bruit<\/li>\n<\/ul>\n<p>[\/vc_column_text][\/vc_column][vc_column column_width_percent=\u00a0\u00bb100&Prime; align_horizontal=\u00a0\u00bbalign_center\u00a0\u00bb gutter_size=\u00a0\u00bb1&Prime; overlay_alpha=\u00a0\u00bb50&Prime; shift_x=\u00a0\u00bb0&Prime; shift_y=\u00a0\u00bb0&Prime; shift_y_down=\u00a0\u00bb0&Prime; z_index=\u00a0\u00bb0&Prime; medium_width=\u00a0\u00bb0&Prime; mobile_width=\u00a0\u00bb0&Prime; width=\u00a0\u00bb1\/4&Prime; uncode_shortcode_id=\u00a0\u00bb213066&Prime;][vc_button size=\u00a0\u00bbbtn-sm\u00a0\u00bb radius=\u00a0\u00bbbtn-round\u00a0\u00bb hover_fx=\u00a0\u00bboutlined\u00a0\u00bb border_width=\u00a0\u00bb0&Prime; button_color_type=\u00a0\u00bbuncode-solid\u00a0\u00bb uncode_shortcode_id=\u00a0\u00bb119941&Prime; button_color_solid=\u00a0\u00bb#901f80&Prime; link=\u00a0\u00bburl:https%3A%2F%2Fhgh-infrared.com%2Ffr%2Feot%2Fcontact%2F|title:Contact|target:_blank|\u00a0\u00bb width=\u00a0\u00bb235&Prime;]Contactez nous[\/vc_button][vc_button button_color=\u00a0\u00bbcolor-prif\u00a0\u00bb size=\u00a0\u00bbbtn-sm\u00a0\u00bb radius=\u00a0\u00bbbtn-round\u00a0\u00bb hover_fx=\u00a0\u00bboutlined\u00a0\u00bb outline=\u00a0\u00bbyes\u00a0\u00bb custom_typo=\u00a0\u00bbyes\u00a0\u00bb font_family=\u00a0\u00bbfont-555555&Prime; font_weight=\u00a0\u00bb700&Prime; text_transform=\u00a0\u00bbuppercase\u00a0\u00bb border_width=\u00a0\u00bb0&Prime; button_color_type=\u00a0\u00bbuncode-palette\u00a0\u00bb uncode_shortcode_id=\u00a0\u00bb200519&Prime; link=\u00a0\u00bburl:https%3A%2F%2Fhgh-infrared.com%2Ffr%2Feot%2Ftelechargements%2F|title:T%C3%A9l%C3%A9chargements|target:_blank|\u00a0\u00bb el_class=\u00a0\u00bbbtn-outline-purple\u00a0\u00bb width=\u00a0\u00bb235&Prime;]T\u00e9l\u00e9chargements[\/vc_button][\/vc_column][\/vc_row][vc_row row_height_percent=\u00a0\u00bb0&Prime; override_padding=\u00a0\u00bbyes\u00a0\u00bb h_padding=\u00a0\u00bb2&Prime; top_padding=\u00a0\u00bb0&Prime; bottom_padding=\u00a0\u00bb0&Prime; overlay_alpha=\u00a0\u00bb50&Prime; gutter_size=\u00a0\u00bb3&Prime; column_width_percent=\u00a0\u00bb100&Prime; shift_y=\u00a0\u00bb0&Prime; z_index=\u00a0\u00bb0&Prime; mobile_visibility=\u00a0\u00bbyes\u00a0\u00bb content_parallax=\u00a0\u00bb0&Prime; uncode_shortcode_id=\u00a0\u00bb208916&Prime;][vc_column width=\u00a0\u00bb1\/1&Prime;][vc_column_text uncode_shortcode_id=\u00a0\u00bb105458&Prime; el_class=\u00a0\u00bbjustify\u00a0\u00bb]Gr\u00e2ce \u00e0 cet ensemble d\u2019unit\u00e9s \u00e9lectroniques de commande enti\u00e8rement pilot\u00e9es par le logiciel <a class=\"animated_link\" style=\"color: #901f80 !important;\" href=\"https:\/\/hgh-infrared.com\/fr\/eot\/produits\/infratest\/\">INFRATEST<\/a>&#8211;<a class=\"animated_link\" style=\"color: #901f80 !important;\" href=\"https:\/\/hgh-infrared.com\/fr\/eot\/produits\/banc-de-test-bird\/\">BIRD<\/a>, et associ\u00e9 aux sources optiques hautement uniformes et pr\u00e9cises de HGH (telles que le <a class=\"animated_link\" style=\"color: #901f80 !important;\" href=\"https:\/\/hgh-infrared.com\/eot\/products\/dcn1000\/\">DCN1000 <\/a>ou <a class=\"animated_link\" style=\"color: #901f80 !important;\" href=\"https:\/\/hgh-infrared.com\/fr\/eot\/produits\/sources-a-sphere-integrante\/\">l\u2019ISV<\/a>), les principaux param\u00e8tres des matrices plan focales peuvent \u00eatre mesur\u00e9s avec pr\u00e9cision :[\/vc_column_text][vc_empty_space empty_h=\u00a0\u00bb3&Prime;][\/vc_column][\/vc_row][vc_row row_height_percent=\u00a0\u00bb0&Prime; override_padding=\u00a0\u00bbyes\u00a0\u00bb h_padding=\u00a0\u00bb2&Prime; top_padding=\u00a0\u00bb3&Prime; bottom_padding=\u00a0\u00bb0&Prime; back_color=\u00a0\u00bbcolor-103210&Prime; overlay_alpha=\u00a0\u00bb50&Prime; gutter_size=\u00a0\u00bb3&Prime; column_width_percent=\u00a0\u00bb100&Prime; shift_y=\u00a0\u00bb0&Prime; z_index=\u00a0\u00bb0&Prime; content_parallax=\u00a0\u00bb0&Prime; uncode_shortcode_id=\u00a0\u00bb145860&Prime; back_color_type=\u00a0\u00bbuncode-palette\u00a0\u00bb row_name=\u00a0\u00bbmain_challenge\u00a0\u00bb][vc_column column_width_percent=\u00a0\u00bb100&Prime; gutter_size=\u00a0\u00bb1&Prime; overlay_alpha=\u00a0\u00bb50&Prime; shift_x=\u00a0\u00bb0&Prime; shift_y=\u00a0\u00bb0&Prime; shift_y_down=\u00a0\u00bb0&Prime; z_index=\u00a0\u00bb0&Prime; medium_width=\u00a0\u00bb0&Prime; mobile_width=\u00a0\u00bb0&Prime; width=\u00a0\u00bb1\/1&Prime; uncode_shortcode_id=\u00a0\u00bb886842&Prime;][vc_custom_heading heading_semantic=\u00a0\u00bbh3&Prime; text_size=\u00a0\u00bbh3&Prime; text_weight=\u00a0\u00bb800&Prime; uncode_shortcode_id=\u00a0\u00bb134883&Prime; el_id=\u00a0\u00bbmain_challenges\u00a0\u00bb]<strong>G\u00e9n\u00e9ration pr\u00e9cise des tensions de polarisation<\/strong>[\/vc_custom_heading][vc_empty_space empty_h=\u00a0\u00bb1&Prime;][vc_column_text uncode_shortcode_id=\u00a0\u00bb729661&Prime; el_class=\u00a0\u00bbjustify\u00a0\u00bb]Le module de tension de polarisation propose jusqu\u2019\u00e0 20 voies ind\u00e9pendantes, programmables individuellement, avec une tr\u00e8s faible g\u00e9n\u00e9ration de bruit et une grande pr\u00e9cision. L\u2019unit\u00e9 est \u00e9quip\u00e9e d\u2019une fonction exclusive de limitation de courant qui prot\u00e8ge le d\u00e9tecteur pendant les phases de test.[\/vc_column_text][\/vc_column][\/vc_row][vc_row row_height_percent=\u00a0\u00bb0&Prime; override_padding=\u00a0\u00bbyes\u00a0\u00bb h_padding=\u00a0\u00bb2&Prime; top_padding=\u00a0\u00bb3&Prime; bottom_padding=\u00a0\u00bb0&Prime; back_color=\u00a0\u00bbcolor-103210&Prime; overlay_alpha=\u00a0\u00bb50&Prime; gutter_size=\u00a0\u00bb3&Prime; column_width_percent=\u00a0\u00bb100&Prime; shift_y=\u00a0\u00bb0&Prime; z_index=\u00a0\u00bb0&Prime; content_parallax=\u00a0\u00bb0&Prime; uncode_shortcode_id=\u00a0\u00bb744862&Prime; back_color_type=\u00a0\u00bbuncode-palette\u00a0\u00bb row_name=\u00a0\u00bbmain_threats\u00a0\u00bb][vc_column width=\u00a0\u00bb1\/1&Prime;][vc_custom_heading heading_semantic=\u00a0\u00bbh3&Prime; text_size=\u00a0\u00bbh3&Prime; text_weight=\u00a0\u00bb800&Prime; uncode_shortcode_id=\u00a0\u00bb151741&Prime; el_id=\u00a0\u00bbmain_challenges\u00a0\u00bb]<strong>G\u00e9n\u00e9ration de signaux d\u2019horloge \u00e0 haute vitesse<\/strong>[\/vc_custom_heading][\/vc_column][\/vc_row][vc_row row_height_percent=\u00a0\u00bb0&Prime; override_padding=\u00a0\u00bbyes\u00a0\u00bb h_padding=\u00a0\u00bb2&Prime; top_padding=\u00a0\u00bb0&Prime; bottom_padding=\u00a0\u00bb0&Prime; back_color=\u00a0\u00bbcolor-103210&Prime; overlay_alpha=\u00a0\u00bb50&Prime; gutter_size=\u00a0\u00bb3&Prime; column_width_percent=\u00a0\u00bb100&Prime; shift_y=\u00a0\u00bb0&Prime; z_index=\u00a0\u00bb0&Prime; content_parallax=\u00a0\u00bb0&Prime; uncode_shortcode_id=\u00a0\u00bb394655&Prime; back_color_type=\u00a0\u00bbuncode-palette\u00a0\u00bb css=\u00a0\u00bb.vc_custom_1750770083054{padding-top: 26px !important;}\u00a0\u00bb][vc_column column_width_percent=\u00a0\u00bb100&Prime; gutter_size=\u00a0\u00bb1&Prime; overlay_alpha=\u00a0\u00bb50&Prime; shift_x=\u00a0\u00bb0&Prime; shift_y=\u00a0\u00bb0&Prime; shift_y_down=\u00a0\u00bb0&Prime; z_index=\u00a0\u00bb0&Prime; medium_width=\u00a0\u00bb0&Prime; mobile_width=\u00a0\u00bb0&Prime; width=\u00a0\u00bb2\/3&Prime; uncode_shortcode_id=\u00a0\u00bb263055&Prime;][vc_column_text uncode_shortcode_id=\u00a0\u00bb922891&Prime; el_class=\u00a0\u00bb.eot-hover-list\u00a0\u00bb]Le g\u00e9n\u00e9rateur d\u2019horloge HGH permet de cr\u00e9er n\u2019importe quel motif d\u2019horloge bas\u00e9 sur une horloge principale de 100 MHz, avec des niveaux Haut et Bas ajustables par l\u2019utilisateur. La tr\u00e8s forte vitesse de mont\u00e9e (slew rate) de ses signaux minimise le bruit inject\u00e9 dans les signaux du d\u00e9tecteur. Le g\u00e9n\u00e9rateur est associ\u00e9 \u00e0 un logiciel convivial de cr\u00e9ation de motifs, permettant \u00e0 l\u2019op\u00e9rateur de configurer facilement n\u2019importe quelle s\u00e9quence d\u2019horloge.[\/vc_column_text][\/vc_column][\/vc_row][vc_row row_height_percent=\u00a0\u00bb0&Prime; override_padding=\u00a0\u00bbyes\u00a0\u00bb h_padding=\u00a0\u00bb2&Prime; top_padding=\u00a0\u00bb3&Prime; bottom_padding=\u00a0\u00bb2&Prime; back_color=\u00a0\u00bbcolor-103210&Prime; overlay_alpha=\u00a0\u00bb50&Prime; gutter_size=\u00a0\u00bb3&Prime; column_width_percent=\u00a0\u00bb100&Prime; shift_y=\u00a0\u00bb0&Prime; z_index=\u00a0\u00bb0&Prime; content_parallax=\u00a0\u00bb0&Prime; uncode_shortcode_id=\u00a0\u00bb499183&Prime; back_color_type=\u00a0\u00bbuncode-palette\u00a0\u00bb row_name=\u00a0\u00bbrecommanded_product\u00a0\u00bb][vc_column column_width_percent=\u00a0\u00bb100&Prime; gutter_size=\u00a0\u00bb1&Prime; overlay_alpha=\u00a0\u00bb50&Prime; shift_x=\u00a0\u00bb0&Prime; shift_y=\u00a0\u00bb0&Prime; shift_y_down=\u00a0\u00bb0&Prime; z_index=\u00a0\u00bb0&Prime; medium_width=\u00a0\u00bb0&Prime; mobile_width=\u00a0\u00bb0&Prime; width=\u00a0\u00bb1\/1&Prime; uncode_shortcode_id=\u00a0\u00bb886842&Prime;][vc_custom_heading heading_semantic=\u00a0\u00bbh3&Prime; text_size=\u00a0\u00bbh3&Prime; text_weight=\u00a0\u00bb800&Prime; uncode_shortcode_id=\u00a0\u00bb161158&Prime; el_id=\u00a0\u00bbmain_challenges\u00a0\u00bb]<strong>Conversion analogique-num\u00e9rique \u00e0 faible bruit et multiplexage<\/strong>[\/vc_custom_heading][vc_empty_space empty_h=\u00a0\u00bb1&Prime;][vc_column_text uncode_shortcode_id=\u00a0\u00bb775341&Prime; el_class=\u00a0\u00bbjustify\u00a0\u00bb]Un convertisseur analogique-num\u00e9rique \u00e0 faible bruit est indispensable pour une lecture pr\u00e9cise des signaux issus des d\u00e9tecteurs CMOS.<br \/>\nL\u2019 ADC 16-80 d\u2019HGH offre :<\/p>\n<ul>\n<li>Une plage dynamique de 16 bits<\/li>\n<li>Un tr\u00e8s faible bruit d\u2019entr\u00e9e<\/li>\n<li>Un format de sortie vid\u00e9o de type GigE Vision apr\u00e8s multiplexage<\/li>\n<\/ul>\n<p>[\/vc_column_text][\/vc_column][\/vc_row][vc_row row_height_percent=\u00a0\u00bb0&Prime; override_padding=\u00a0\u00bbyes\u00a0\u00bb h_padding=\u00a0\u00bb2&Prime; top_padding=\u00a0\u00bb2&Prime; bottom_padding=\u00a0\u00bb2&Prime; overlay_alpha=\u00a0\u00bb50&Prime; gutter_size=\u00a0\u00bb3&Prime; column_width_percent=\u00a0\u00bb100&Prime; shift_y=\u00a0\u00bb0&Prime; z_index=\u00a0\u00bb0&Prime; content_parallax=\u00a0\u00bb0&Prime; uncode_shortcode_id=\u00a0\u00bb459109&Prime;][vc_column column_width_percent=\u00a0\u00bb100&Prime; gutter_size=\u00a0\u00bb0&Prime; overlay_alpha=\u00a0\u00bb50&Prime; shift_x=\u00a0\u00bb0&Prime; shift_y=\u00a0\u00bb0&Prime; shift_y_down=\u00a0\u00bb0&Prime; z_index=\u00a0\u00bb0&Prime; medium_width=\u00a0\u00bb0&Prime; mobile_width=\u00a0\u00bb0&Prime; width=\u00a0\u00bb1\/1&Prime; uncode_shortcode_id=\u00a0\u00bb582787&Prime;][vc_custom_heading text_weight=\u00a0\u00bb800&Prime; uncode_shortcode_id=\u00a0\u00bb883410&Prime;]<strong>Optimisation de la qualit\u00e9 d\u2019image : NUC et cartographie des pixels morts<\/strong>[\/vc_custom_heading][\/vc_column][\/vc_row][vc_row row_height_percent=\u00a0\u00bb0&Prime; override_padding=\u00a0\u00bbyes\u00a0\u00bb h_padding=\u00a0\u00bb2&Prime; top_padding=\u00a0\u00bb0&Prime; bottom_padding=\u00a0\u00bb0&Prime; overlay_alpha=\u00a0\u00bb50&Prime; gutter_size=\u00a0\u00bb3&Prime; column_width_percent=\u00a0\u00bb100&Prime; shift_y=\u00a0\u00bb0&Prime; z_index=\u00a0\u00bb0&Prime; content_parallax=\u00a0\u00bb0&Prime; uncode_shortcode_id=\u00a0\u00bb161335&Prime; css=\u00a0\u00bb.vc_custom_1756806810251{padding-top: 26px !important;}\u00a0\u00bb][vc_column width=\u00a0\u00bb1\/3&Prime;][vc_single_image media=\u00a0\u00bb160442&Prime; media_width_percent=\u00a0\u00bb100&Prime; alignment=\u00a0\u00bbcenter\u00a0\u00bb uncode_shortcode_id=\u00a0\u00bb123598&Prime;][\/vc_column][vc_column column_width_percent=\u00a0\u00bb100&Prime; gutter_size=\u00a0\u00bb1&Prime; overlay_alpha=\u00a0\u00bb50&Prime; shift_x=\u00a0\u00bb0&Prime; shift_y=\u00a0\u00bb0&Prime; shift_y_down=\u00a0\u00bb0&Prime; z_index=\u00a0\u00bb0&Prime; medium_width=\u00a0\u00bb0&Prime; mobile_width=\u00a0\u00bb0&Prime; width=\u00a0\u00bb2\/3&Prime; uncode_shortcode_id=\u00a0\u00bb263055&Prime;][vc_column_text uncode_shortcode_id=\u00a0\u00bb741361&Prime; el_class=\u00a0\u00bbjustify\u00a0\u00bb]En compl\u00e9ment des mesures de bruit et de r\u00e9solution thermique, la suite logicielle <strong>INFRATEST<\/strong>, d\u00e9di\u00e9e aux tests automatis\u00e9s de capteurs, permet de mesurer les param\u00e8tres suivants afin d\u2019optimiser la qualit\u00e9 d\u2019image en sortie du d\u00e9tecteur :<\/p>\n<ul>\n<li><strong>Correction de non-uniformit\u00e9 (NUC)<\/strong> selon une m\u00e9thode de correction \u00e0 deux points<\/li>\n<li><strong>D\u00e9tection et cartographie des pixels morts et des clusters<\/strong>, selon plusieurs crit\u00e8res (niveau de signal, NETD, responsivit\u00e9)<\/li>\n<\/ul>\n<p>Gr\u00e2ce \u00e0 son interface conviviale et sa compatibilit\u00e9 avec les \u00e9quipements industriels standards, INFRATEST acc\u00e9l\u00e8re les phases de d\u00e9veloppement et de contr\u00f4le qualit\u00e9 tout en garantissant pr\u00e9cision et reproductibilit\u00e9.[\/vc_column_text][\/vc_column][\/vc_row][vc_row row_height_percent=\u00a0\u00bb0&Prime; override_padding=\u00a0\u00bbyes\u00a0\u00bb h_padding=\u00a0\u00bb2&Prime; top_padding=\u00a0\u00bb2&Prime; bottom_padding=\u00a0\u00bb2&Prime; overlay_alpha=\u00a0\u00bb50&Prime; gutter_size=\u00a0\u00bb3&Prime; column_width_percent=\u00a0\u00bb100&Prime; shift_y=\u00a0\u00bb0&Prime; z_index=\u00a0\u00bb0&Prime; content_parallax=\u00a0\u00bb0&Prime; uncode_shortcode_id=\u00a0\u00bb459109&Prime;][vc_column column_width_percent=\u00a0\u00bb100&Prime; gutter_size=\u00a0\u00bb0&Prime; overlay_alpha=\u00a0\u00bb50&Prime; shift_x=\u00a0\u00bb0&Prime; shift_y=\u00a0\u00bb0&Prime; shift_y_down=\u00a0\u00bb0&Prime; z_index=\u00a0\u00bb0&Prime; medium_width=\u00a0\u00bb0&Prime; mobile_width=\u00a0\u00bb0&Prime; width=\u00a0\u00bb1\/1&Prime; uncode_shortcode_id=\u00a0\u00bb582787&Prime;][vc_custom_heading text_weight=\u00a0\u00bb800&Prime; uncode_shortcode_id=\u00a0\u00bb517365&Prime;]<strong>Mesure haute r\u00e9solution de la r\u00e9ponse spectrale<\/strong>[\/vc_custom_heading][vc_empty_space empty_h=\u00a0\u00bb2&Prime; mobile_visibility=\u00a0\u00bbyes\u00a0\u00bb][vc_empty_space empty_h=\u00a0\u00bb1&Prime; desktop_visibility=\u00a0\u00bbyes\u00a0\u00bb medium_visibility=\u00a0\u00bbyes\u00a0\u00bb][vc_column_text uncode_shortcode_id=\u00a0\u00bb155428&Prime; el_class=\u00a0\u00bbjustify\u00a0\u00bb]La mesure de la r\u00e9ponse spectrale d\u2019un d\u00e9tecteur requiert une pr\u00e9cision et une r\u00e9solution particuli\u00e8rement \u00e9lev\u00e9es. HGH a d\u00e9velopp\u00e9 un banc enti\u00e8rement automatis\u00e9 \u2014 pilot\u00e9 par INFRATEST \u2014 qui pr\u00e9sente au d\u00e9tecteur test\u00e9 un signal monochromatique obtenu en s\u00e9lectionnant une portion \u00e9troite du spectre d\u2019un corps noir.<\/p>\n<ul>\n<li><strong>La g\u00e9n\u00e9ration d\u2019une courbe de r\u00e9ponse spectrale<\/strong> avec une r\u00e9solution meilleure que 1% (via le banc de test BIRD)<\/li>\n<li>Une acquisition et un traitement des donn\u00e9es totalement automatis\u00e9s via le logiciel INFRATEST<\/li>\n<\/ul>\n<p>[\/vc_column_text][\/vc_column][\/vc_row][vc_row row_height_percent=\u00a0\u00bb0&Prime; override_padding=\u00a0\u00bbyes\u00a0\u00bb h_padding=\u00a0\u00bb2&Prime; top_padding=\u00a0\u00bb3&Prime; bottom_padding=\u00a0\u00bb3&Prime; back_color=\u00a0\u00bbcolor-103210&Prime; overlay_alpha=\u00a0\u00bb50&Prime; gutter_size=\u00a0\u00bb3&Prime; column_width_percent=\u00a0\u00bb100&Prime; shift_y=\u00a0\u00bb0&Prime; z_index=\u00a0\u00bb0&Prime; content_parallax=\u00a0\u00bb0&Prime; uncode_shortcode_id=\u00a0\u00bb140062&Prime; back_color_type=\u00a0\u00bbuncode-palette\u00a0\u00bb][vc_column column_width_percent=\u00a0\u00bb100&Prime; gutter_size=\u00a0\u00bb1&Prime; overlay_alpha=\u00a0\u00bb50&Prime; shift_x=\u00a0\u00bb0&Prime; shift_y=\u00a0\u00bb0&Prime; shift_y_down=\u00a0\u00bb0&Prime; z_index=\u00a0\u00bb0&Prime; medium_width=\u00a0\u00bb0&Prime; mobile_width=\u00a0\u00bb0&Prime; width=\u00a0\u00bb1\/1&Prime; uncode_shortcode_id=\u00a0\u00bb102481&Prime;][vc_custom_heading text_weight=\u00a0\u00bb800&Prime; uncode_shortcode_id=\u00a0\u00bb899952&Prime;]Contactez-nous pour optimiser les performances de votre d\u00e9tecteur[\/vc_custom_heading][vc_empty_space empty_h=\u00a0\u00bb1&Prime;][vc_column_text uncode_shortcode_id=\u00a0\u00bb129710&Prime; el_class=\u00a0\u00bbstrong-text\u00a0\u00bb]<\/p>\n<p data-start=\"117\" data-end=\"304\">Besoin de r\u00e9duire le bruit de vos d\u00e9tecteurs CMOS ? Vous souhaitez am\u00e9liorer la qualit\u00e9 d&rsquo;image gr\u00e2ce \u00e0 un \u00e9talonnage avanc\u00e9 et \u00e0 un mappage de pixels incorrect ?<\/p>\n<p>[\/vc_column_text][vc_empty_space empty_h=\u00a0\u00bb1&Prime;][vc_button button_color=\u00a0\u00bbcolor-136439&Prime; size=\u00a0\u00bbbtn-sm\u00a0\u00bb radius=\u00a0\u00bbbtn-round\u00a0\u00bb hover_fx=\u00a0\u00bboutlined\u00a0\u00bb custom_typo=\u00a0\u00bbyes\u00a0\u00bb font_family=\u00a0\u00bbfont-555555&Prime; font_weight=\u00a0\u00bb700&Prime; text_transform=\u00a0\u00bbuppercase\u00a0\u00bb border_width=\u00a0\u00bb0&Prime; display=\u00a0\u00bbinline\u00a0\u00bb button_color_type=\u00a0\u00bbuncode-palette\u00a0\u00bb uncode_shortcode_id=\u00a0\u00bb160566&Prime; link=\u00a0\u00bburl:https%3A%2F%2Fhgh-infrared.com%2Ffr%2Feot%2Fcontact%2F|target:_blank|\u00a0\u00bb]Contactez nous[\/vc_button][\/vc_column][\/vc_row][vc_row unlock_row_content=\u00a0\u00bbyes\u00a0\u00bb row_height_percent=\u00a0\u00bb0&Prime; override_padding=\u00a0\u00bbyes\u00a0\u00bb h_padding=\u00a0\u00bb0&Prime; top_padding=\u00a0\u00bb0&Prime; bottom_padding=\u00a0\u00bb0&Prime; back_image=\u00a0\u00bb135230&Prime; overlay_alpha=\u00a0\u00bb50&Prime; gutter_size=\u00a0\u00bb3&Prime; column_width_percent=\u00a0\u00bb100&Prime; shift_y=\u00a0\u00bb0&Prime; z_index=\u00a0\u00bb0&Prime; content_parallax=\u00a0\u00bb0&Prime; uncode_shortcode_id=\u00a0\u00bb155037&Prime;][vc_column column_width_percent=\u00a0\u00bb100&Prime; position_vertical=\u00a0\u00bbmiddle\u00a0\u00bb align_horizontal=\u00a0\u00bbalign_center\u00a0\u00bb gutter_size=\u00a0\u00bb2&Prime; overlay_alpha=\u00a0\u00bb50&Prime; shift_x=\u00a0\u00bb0&Prime; shift_y=\u00a0\u00bb0&Prime; shift_y_down=\u00a0\u00bb0&Prime; z_index=\u00a0\u00bb0&Prime; medium_width=\u00a0\u00bb0&Prime; mobile_width=\u00a0\u00bb0&Prime; width=\u00a0\u00bb1\/1&Prime; uncode_shortcode_id=\u00a0\u00bb197823&Prime; link_to=\u00a0\u00bburl:https%3A%2F%2Fhgh-infrared.com%2Ffr%2Feot%2Fvideos%2F|title:Vid%C3%A9os|target:_blank|\u00a0\u00bb][uncode_block id=\u00a0\u00bb140224&Prime;][\/vc_column][\/vc_row][vc_row][vc_column width=\u00a0\u00bb1\/1&Prime;][vc_empty_space empty_h=\u00a0\u00bb3&Prime;][uncode_block id=\u00a0\u00bb136144&Prime;][\/vc_column][\/vc_row]<\/p>\n<\/div>","protected":false},"excerpt":{"rendered":"<p>[vc_row row_height_percent=\u00a0\u00bb0&Prime; override_padding=\u00a0\u00bbyes\u00a0\u00bb h_padding=\u00a0\u00bb2&Prime; top_padding=\u00a0\u00bb3&Prime; bottom_padding=\u00a0\u00bb3&Prime; back_color=\u00a0\u00bbcolor-rgdb\u00a0\u00bb back_image=\u00a0\u00bb160011&Prime; overlay_alpha=\u00a0\u00bb50&Prime; gutter_size=\u00a0\u00bb3&Prime; column_width_percent=\u00a0\u00bb100&Prime; shift_y=\u00a0\u00bb0&Prime; z_index=\u00a0\u00bb0&Prime; content_parallax=\u00a0\u00bb0&Prime; uncode_shortcode_id=\u00a0\u00bb153301&Prime; back_color_type=\u00a0\u00bbuncode-palette\u00a0\u00bb css=\u00a0\u00bb.vc_custom_1760968503060{padding-top: 18px !important;padding-bottom: 18px [&hellip;]<\/p>\n","protected":false},"author":13,"featured_media":0,"parent":140741,"menu_order":0,"comment_status":"closed","ping_status":"closed","template":"","meta":{"footnotes":""},"class_list":["post-159966","page","type-page","status-publish","hentry"],"_links":{"self":[{"href":"https:\/\/hgh-infrared.com\/fr\/wp-json\/wp\/v2\/pages\/159966","targetHints":{"allow":["GET"]}}],"collection":[{"href":"https:\/\/hgh-infrared.com\/fr\/wp-json\/wp\/v2\/pages"}],"about":[{"href":"https:\/\/hgh-infrared.com\/fr\/wp-json\/wp\/v2\/types\/page"}],"author":[{"embeddable":true,"href":"https:\/\/hgh-infrared.com\/fr\/wp-json\/wp\/v2\/users\/13"}],"replies":[{"embeddable":true,"href":"https:\/\/hgh-infrared.com\/fr\/wp-json\/wp\/v2\/comments?post=159966"}],"version-history":[{"count":63,"href":"https:\/\/hgh-infrared.com\/fr\/wp-json\/wp\/v2\/pages\/159966\/revisions"}],"predecessor-version":[{"id":170774,"href":"https:\/\/hgh-infrared.com\/fr\/wp-json\/wp\/v2\/pages\/159966\/revisions\/170774"}],"up":[{"embeddable":true,"href":"https:\/\/hgh-infrared.com\/fr\/wp-json\/wp\/v2\/pages\/140741"}],"wp:attachment":[{"href":"https:\/\/hgh-infrared.com\/fr\/wp-json\/wp\/v2\/media?parent=159966"}],"curies":[{"name":"wp","href":"https:\/\/api.w.org\/{rel}","templated":true}]}}