{"id":160541,"date":"2025-08-14T08:57:56","date_gmt":"2025-08-14T08:57:56","guid":{"rendered":"https:\/\/hgh-infrared.com\/tests-electro-optiques\/gamme-de-produits\/services-de-formation-infratest\/"},"modified":"2026-02-11T13:10:38","modified_gmt":"2026-02-11T13:10:38","slug":"services-de-formation-infratest","status":"publish","type":"page","link":"https:\/\/hgh-infrared.com\/fr\/eot\/produits\/services-de-formation-infratest\/","title":{"rendered":"Services de formation INFRATEST"},"content":{"rendered":"<div class=\"wpb-content-wrapper\"><p>[vc_row row_height_percent=\u00a0\u00bb0&Prime; override_padding=\u00a0\u00bbyes\u00a0\u00bb h_padding=\u00a0\u00bb2&Prime; top_padding=\u00a0\u00bb2&Prime; bottom_padding=\u00a0\u00bb2&Prime; back_color=\u00a0\u00bbcolor-xsdn\u00a0\u00bb overlay_alpha=\u00a0\u00bb50&Prime; gutter_size=\u00a0\u00bb4&Prime; column_width_percent=\u00a0\u00bb100&Prime; shift_y=\u00a0\u00bb0&Prime; z_index=\u00a0\u00bb0&Prime; content_parallax=\u00a0\u00bb0&Prime; uncode_shortcode_id=\u00a0\u00bb126688&Prime; back_color_type=\u00a0\u00bbuncode-palette\u00a0\u00bb el_class=\u00a0\u00bbnormalise-top-padding-mobile\u00a0\u00bb][vc_column column_width_percent=\u00a0\u00bb100&Prime; align_horizontal=\u00a0\u00bbalign_center\u00a0\u00bb gutter_size=\u00a0\u00bb0&Prime; style=\u00a0\u00bblight\u00a0\u00bb overlay_alpha=\u00a0\u00bb50&Prime; shift_x=\u00a0\u00bb0&Prime; shift_y=\u00a0\u00bb0&Prime; shift_y_down=\u00a0\u00bb0&Prime; z_index=\u00a0\u00bb0&Prime; medium_width=\u00a0\u00bb0&Prime; mobile_width=\u00a0\u00bb0&Prime; width=\u00a0\u00bb2\/3&Prime; uncode_shortcode_id=\u00a0\u00bb166209&Prime;][uncode_breadcrumbs el_class=\u00a0\u00bbwhite-text breadcrumbs-eot\u00a0\u00bb][vc_custom_heading heading_semantic=\u00a0\u00bbh1&Prime; text_size=\u00a0\u00bbh1&Prime; uncode_shortcode_id=\u00a0\u00bb582585&Prime;]<span style=\"display: block; font-weight: 800; color: #000;\">Services de formation INFRATEST<\/span> <span style=\"display: block; font-size: 18px; font-weight: 400; color: #8b1d80;\">Optimisez l&rsquo;utilisation de votre logiciel INFRATEST et de vos bancs de test<\/span>[\/vc_custom_heading][vc_empty_space empty_h=\u00a0\u00bb1&Prime;][vc_custom_heading text_size=\u00a0\u00bbh4&Prime; uncode_shortcode_id=\u00a0\u00bb148172&Prime;]<strong>Formation sur mesure pour maximiser les performances de votre banc de test INFRATEST<\/strong>[\/vc_custom_heading][vc_column_text uncode_shortcode_id=\u00a0\u00bb109452&Prime; css=\u00a0\u00bb.vc_custom_1761207418054{margin-top: 30px !important;margin-bottom: 30px !important;}\u00a0\u00bb]Chaque pack Infratest inclut un minimum de deux jours de formation sur site pour vos \u00e9quipes op\u00e9rationnelles. Notre \u00e9quipe exp\u00e9riment\u00e9e d\u2019ing\u00e9nieurs support client guidera vos \u00e9quipes en utilisant vos cam\u00e9ras et en se focalisant sur les fonctions les plus pertinentes pour vos besoins sp\u00e9cifiques. Cela vous permet de tirer le meilleur parti de votre banc de test tout en am\u00e9liorant l\u2019efficacit\u00e9 op\u00e9rationnelle.[\/vc_column_text][vc_custom_heading text_size=\u00a0\u00bbh4&Prime; uncode_shortcode_id=\u00a0\u00bb171650&Prime;]<span style=\"display: block; font-weight: 800; color: #000;\"><strong>Restez \u00e0 jour avec les derni\u00e8res innovations du logiciel INFRATEST !<\/strong><\/span>[\/vc_custom_heading][vc_column_text uncode_shortcode_id=\u00a0\u00bb206833&Prime; css=\u00a0\u00bb.vc_custom_1755160119218{margin-top: 30px !important;margin-bottom: 30px !important;}\u00a0\u00bb]Au moins une nouvelle version du logiciel Infratest est publi\u00e9e chaque ann\u00e9e, apportant des capacit\u00e9s de test am\u00e9lior\u00e9es, des algorithmes optimis\u00e9s et de nouvelles fonctionnalit\u00e9s pens\u00e9es pour une meilleure ergonomie. Les mises \u00e0 jour r\u00e9guli\u00e8res permettent \u00e0 votre \u00e9quipe de profiter pleinement des derni\u00e8res avanc\u00e9es technologiques dans le domaine des tests de syst\u00e8mes \u00e9lectro-optiques.[\/vc_column_text][vc_button size=\u00a0\u00bbbtn-sm\u00a0\u00bb radius=\u00a0\u00bbbtn-round\u00a0\u00bb hover_fx=\u00a0\u00bboutlined\u00a0\u00bb custom_typo=\u00a0\u00bbyes\u00a0\u00bb font_family=\u00a0\u00bbfont-555555&Prime; font_weight=\u00a0\u00bb700&Prime; text_transform=\u00a0\u00bbuppercase\u00a0\u00bb border_width=\u00a0\u00bb0&Prime; display=\u00a0\u00bbinline\u00a0\u00bb button_color_type=\u00a0\u00bbuncode-solid\u00a0\u00bb button_color_solid=\u00a0\u00bb#8f1f7f\u00a0\u00bb uncode_shortcode_id=\u00a0\u00bb141143&Prime; link=\u00a0\u00bburl:https%3A%2F%2Fhgh-infrared.com%2Fwp-content%2Fuploads%2F2025%2F11%2FINFRATEST_HGH_2025.pdf|target:_blank|\u00a0\u00bb]TELECHARGER[\/vc_button][vc_button button_color=\u00a0\u00bbcolor-prif\u00a0\u00bb size=\u00a0\u00bbbtn-sm\u00a0\u00bb radius=\u00a0\u00bbbtn-round\u00a0\u00bb hover_fx=\u00a0\u00bboutlined\u00a0\u00bb outline=\u00a0\u00bbyes\u00a0\u00bb custom_typo=\u00a0\u00bbyes\u00a0\u00bb font_family=\u00a0\u00bbfont-555555&Prime; font_weight=\u00a0\u00bb700&Prime; text_transform=\u00a0\u00bbuppercase\u00a0\u00bb border_width=\u00a0\u00bb0&Prime; display=\u00a0\u00bbinline\u00a0\u00bb inline_mobile=\u00a0\u00bbyes\u00a0\u00bb button_color_type=\u00a0\u00bbuncode-palette\u00a0\u00bb uncode_shortcode_id=\u00a0\u00bb175799&Prime; link=\u00a0\u00bburl:https%3A%2F%2Fhgh-infrared.com%2Ffr%2Feot%2Fcontact%2F|target:_blank|\u00a0\u00bb]Contactez nous[\/vc_button][\/vc_column][\/vc_row][vc_row row_height_percent=\u00a0\u00bb0&Prime; back_color=\u00a0\u00bbcolor-103210&Prime; overlay_alpha=\u00a0\u00bb50&Prime; gutter_size=\u00a0\u00bb3&Prime; column_width_percent=\u00a0\u00bb100&Prime; shift_y=\u00a0\u00bb0&Prime; z_index=\u00a0\u00bb0&Prime; content_parallax=\u00a0\u00bb0&Prime; uncode_shortcode_id=\u00a0\u00bb146013&Prime; back_color_type=\u00a0\u00bbuncode-palette\u00a0\u00bb][vc_column column_width_percent=\u00a0\u00bb100&Prime; align_horizontal=\u00a0\u00bbalign_center\u00a0\u00bb gutter_size=\u00a0\u00bb2&Prime; overlay_alpha=\u00a0\u00bb50&Prime; shift_x=\u00a0\u00bb0&Prime; shift_y=\u00a0\u00bb0&Prime; shift_y_down=\u00a0\u00bb0&Prime; z_index=\u00a0\u00bb0&Prime; medium_width=\u00a0\u00bb0&Prime; mobile_width=\u00a0\u00bb0&Prime; width=\u00a0\u00bb1\/1&Prime; uncode_shortcode_id=\u00a0\u00bb111739&Prime;][vc_custom_heading uncode_shortcode_id=\u00a0\u00bb172354&Prime;]<strong>Formation via les contrats de maintenance INFRATEST<\/strong>[\/vc_custom_heading][vc_column_text uncode_shortcode_id=\u00a0\u00bb152014&Prime;]HGH propose une formation continue pour permettre \u00e0 vos \u00e9quipes de tirer le meilleur parti du logiciel Infratest. Nos contrats de maintenance garantissent que votre \u00e9quipe op\u00e9rationnelle b\u00e9n\u00e9ficie en permanence des derni\u00e8res mises \u00e0 jour logicielles, de sessions de formation et d\u2019un support expert.[\/vc_column_text][\/vc_column][\/vc_row][vc_row unlock_row_content=\u00a0\u00bbyes\u00a0\u00bb row_height_percent=\u00a0\u00bb0&Prime; override_padding=\u00a0\u00bbyes\u00a0\u00bb h_padding=\u00a0\u00bb0&Prime; top_padding=\u00a0\u00bb1&Prime; bottom_padding=\u00a0\u00bb2&Prime; back_color=\u00a0\u00bbcolor-103210&Prime; overlay_alpha=\u00a0\u00bb50&Prime; gutter_size=\u00a0\u00bb3&Prime; column_width_percent=\u00a0\u00bb100&Prime; shift_y=\u00a0\u00bb0&Prime; z_index=\u00a0\u00bb0&Prime; content_parallax=\u00a0\u00bb0&Prime; uncode_shortcode_id=\u00a0\u00bb115459&Prime; back_color_type=\u00a0\u00bbuncode-palette\u00a0\u00bb][vc_column column_width_percent=\u00a0\u00bb100&Prime; gutter_size=\u00a0\u00bb3&Prime; overlay_alpha=\u00a0\u00bb50&Prime; shift_x=\u00a0\u00bb0&Prime; shift_y=\u00a0\u00bb0&Prime; shift_y_down=\u00a0\u00bb0&Prime; z_index=\u00a0\u00bb0&Prime; medium_width=\u00a0\u00bb0&Prime; mobile_width=\u00a0\u00bb0&Prime; width=\u00a0\u00bb1\/2&Prime; uncode_shortcode_id=\u00a0\u00bb198871&Prime; css=\u00a0\u00bb.vc_custom_1750154002636{padding-right: 72px !important;padding-left: 72px !important;}\u00a0\u00bb][vc_custom_heading text_color=\u00a0\u00bbcolor-jevc\u00a0\u00bb heading_semantic=\u00a0\u00bbh3&Prime; text_size=\u00a0\u00bbh3&Prime; text_weight=\u00a0\u00bb800&Prime; uncode_shortcode_id=\u00a0\u00bb211826&Prime; text_color_type=\u00a0\u00bbuncode-palette\u00a0\u00bb]<strong>INFRATEST \u2013 Contrat TS Flexible<\/strong>[\/vc_custom_heading][vc_empty_space empty_h=\u00a0\u00bb0&Prime;][vc_column_text text_color=\u00a0\u00bbcolor-jevc\u00a0\u00bb uncode_shortcode_id=\u00a0\u00bb588405&Prime; text_color_type=\u00a0\u00bbuncode-palette\u00a0\u00bb el_class=\u00a0\u00bbforce-list\u00a0\u00bb]Ce contrat inclut un support \u00e0 distance et des mises \u00e0 jour logicielles annuelles, assurant que votre \u00e9quipe utilise toujours la derni\u00e8re version. Il comprend \u00e9galement une session de formation \u00e0 distance avec un ing\u00e9nieur sp\u00e9cialis\u00e9 dans la conception, le d\u00e9veloppement et les m\u00e9thodes de test des syst\u00e8mes \u00e9lectro-optiques.[\/vc_column_text][\/vc_column][vc_column column_width_percent=\u00a0\u00bb100&Prime; gutter_size=\u00a0\u00bb3&Prime; overlay_alpha=\u00a0\u00bb50&Prime; shift_x=\u00a0\u00bb0&Prime; shift_y=\u00a0\u00bb0&Prime; shift_y_down=\u00a0\u00bb0&Prime; z_index=\u00a0\u00bb0&Prime; medium_width=\u00a0\u00bb0&Prime; mobile_width=\u00a0\u00bb0&Prime; width=\u00a0\u00bb1\/2&Prime; uncode_shortcode_id=\u00a0\u00bb171041&Prime; css=\u00a0\u00bb.vc_custom_1750154349896{padding-right: 72px !important;padding-left: 72px !important;}\u00a0\u00bb][vc_custom_heading text_color=\u00a0\u00bbcolor-jevc\u00a0\u00bb text_size=\u00a0\u00bbh3&Prime; text_weight=\u00a0\u00bb800&Prime; uncode_shortcode_id=\u00a0\u00bb116859&Prime; text_color_type=\u00a0\u00bbuncode-palette\u00a0\u00bb]<strong>INFRATEST \u2013 Contrat TS Platinum<\/strong>[\/vc_custom_heading][vc_empty_space empty_h=\u00a0\u00bb0&Prime;][vc_column_text text_color=\u00a0\u00bbcolor-jevc\u00a0\u00bb uncode_shortcode_id=\u00a0\u00bb188993&Prime; text_color_type=\u00a0\u00bbuncode-palette\u00a0\u00bb]Pour un support de qualit\u00e9 et une formation optimale, le contrat Platinum inclut un support \u00e0 distance ainsi qu\u2019une mise \u00e0 jour logicielle <strong>sur site<\/strong> une fois par an. Lors de cette visite, HGH propose <strong>une journ\u00e9e de formation personnalis\u00e9e<\/strong>, adapt\u00e9e aux besoins sp\u00e9cifiques de votre \u00e9quipe. Cela permet \u00e0 vos op\u00e9rateurs de collecter des donn\u00e9es plus pr\u00e9cises et d\u2019optimiser l\u2019utilisation du logiciel Infratest. La formation est assur\u00e9e par un ing\u00e9nieur HGH, <strong>enti\u00e8rement adapt\u00e9e \u00e0 votre application<\/strong> et \u00e0 vos exigences de test.[\/vc_column_text][\/vc_column][\/vc_row][vc_row unlock_row_content=\u00a0\u00bbyes\u00a0\u00bb row_height_percent=\u00a0\u00bb0&Prime; override_padding=\u00a0\u00bbyes\u00a0\u00bb h_padding=\u00a0\u00bb3&Prime; top_padding=\u00a0\u00bb2&Prime; bottom_padding=\u00a0\u00bb2&Prime; back_image=\u00a0\u00bb160239&Prime; overlay_alpha=\u00a0\u00bb50&Prime; gutter_size=\u00a0\u00bb3&Prime; column_width_percent=\u00a0\u00bb100&Prime; shift_y=\u00a0\u00bb0&Prime; z_index=\u00a0\u00bb0&Prime; content_parallax=\u00a0\u00bb0&Prime; uncode_shortcode_id=\u00a0\u00bb422485&Prime; row_height_pixel=\u00a0\u00bb590px\u00a0\u00bb el_class=\u00a0\u00bbsubtitles-eot\u00a0\u00bb][vc_column column_width_percent=\u00a0\u00bb100&Prime; position_vertical=\u00a0\u00bbmiddle\u00a0\u00bb align_horizontal=\u00a0\u00bbalign_right\u00a0\u00bb gutter_size=\u00a0\u00bb0&Prime; overlay_alpha=\u00a0\u00bb50&Prime; shift_x=\u00a0\u00bb0&Prime; shift_y=\u00a0\u00bb0&Prime; shift_y_down=\u00a0\u00bb0&Prime; z_index=\u00a0\u00bb0&Prime; medium_width=\u00a0\u00bb0&Prime; mobile_width=\u00a0\u00bb0&Prime; width=\u00a0\u00bb6\/12&Prime; uncode_shortcode_id=\u00a0\u00bb179594&Prime;][vc_row_inner limit_content=\u00a0\u00bb\u00a0\u00bb][vc_column_inner column_width_percent=\u00a0\u00bb100&Prime; gutter_size=\u00a0\u00bb1&Prime; overlay_alpha=\u00a0\u00bb50&Prime; shift_x=\u00a0\u00bb0&Prime; shift_y=\u00a0\u00bb0&Prime; shift_y_down=\u00a0\u00bb0&Prime; z_index=\u00a0\u00bb0&Prime; medium_width=\u00a0\u00bb0&Prime; mobile_width=\u00a0\u00bb0&Prime; width=\u00a0\u00bb1\/1&Prime; uncode_shortcode_id=\u00a0\u00bb337839&Prime;][vc_custom_heading text_color=\u00a0\u00bbcolor-144651&Prime; text_size=\u00a0\u00bbh1&Prime; uncode_shortcode_id=\u00a0\u00bb820329&Prime; text_color_type=\u00a0\u00bbuncode-palette\u00a0\u00bb]<span style=\"display: block; font-weight: 800; color: #fff;\">SERVICES DE FORMATION HGH<\/span><span style=\"display: block; font-size: 18px; font-weight: 400; color: #;\">PRINICPAUX AVANTAGES<\/span>[\/vc_custom_heading][vc_empty_space empty_h=\u00a0\u00bb2&Prime;][\/vc_column_inner][\/vc_row_inner][vc_row_inner limit_content=\u00a0\u00bb\u00a0\u00bb][vc_column_inner column_width_percent=\u00a0\u00bb100&Prime; align_horizontal=\u00a0\u00bbalign_right\u00a0\u00bb gutter_size=\u00a0\u00bb1&Prime; overlay_alpha=\u00a0\u00bb50&Prime; shift_x=\u00a0\u00bb0&Prime; shift_y=\u00a0\u00bb0&Prime; shift_y_down=\u00a0\u00bb0&Prime; z_index=\u00a0\u00bb0&Prime; medium_width=\u00a0\u00bb0&Prime; mobile_width=\u00a0\u00bb0&Prime; width=\u00a0\u00bb1\/1&Prime; uncode_shortcode_id=\u00a0\u00bb163570&Prime;][vc_custom_heading text_color=\u00a0\u00bbcolor-xsdn\u00a0\u00bb heading_semantic=\u00a0\u00bbp\u00a0\u00bb text_size=\u00a0\u00bbh3&Prime; text_weight=\u00a0\u00bb900&Prime; uncode_shortcode_id=\u00a0\u00bb185812&Prime; text_color_type=\u00a0\u00bbuncode-palette\u00a0\u00bb]FORMATION PERSONNALISEE[\/vc_custom_heading][vc_column_text text_color=\u00a0\u00bbcolor-xsdn\u00a0\u00bb uncode_shortcode_id=\u00a0\u00bb148744&Prime; text_color_type=\u00a0\u00bbuncode-palette\u00a0\u00bb]Ax\u00e9e sur vos besoins de test sp\u00e9cifiques[\/vc_column_text][vc_empty_space empty_h=\u00a0\u00bb2&Prime;][vc_custom_heading text_color=\u00a0\u00bbcolor-xsdn\u00a0\u00bb heading_semantic=\u00a0\u00bbp\u00a0\u00bb text_size=\u00a0\u00bbh3&Prime; text_weight=\u00a0\u00bb900&Prime; uncode_shortcode_id=\u00a0\u00bb859453&Prime; text_color_type=\u00a0\u00bbuncode-palette\u00a0\u00bb]SUPPORT EXPERT[\/vc_custom_heading][vc_column_text text_color=\u00a0\u00bbcolor-xsdn\u00a0\u00bb uncode_shortcode_id=\u00a0\u00bb854642&Prime; text_color_type=\u00a0\u00bbuncode-palette\u00a0\u00bb]Par des ing\u00e9nieurs sp\u00e9cialistes des syst\u00e8mes \u00e9lectro-optiques[\/vc_column_text][vc_empty_space empty_h=\u00a0\u00bb2&Prime;][vc_custom_heading text_color=\u00a0\u00bbcolor-xsdn\u00a0\u00bb heading_semantic=\u00a0\u00bbp\u00a0\u00bb text_size=\u00a0\u00bbh3&Prime; text_weight=\u00a0\u00bb900&Prime; uncode_shortcode_id=\u00a0\u00bb203656&Prime; text_color_type=\u00a0\u00bbuncode-palette\u00a0\u00bb]MISES A JOUR REGULIERES[\/vc_custom_heading][vc_column_text text_color=\u00a0\u00bbcolor-xsdn\u00a0\u00bb uncode_shortcode_id=\u00a0\u00bb149675&Prime; text_color_type=\u00a0\u00bbuncode-palette\u00a0\u00bb]Avec les derni\u00e8res fonctionnalit\u00e9s logicielles et m\u00e9thodes de test[\/vc_column_text][vc_empty_space empty_h=\u00a0\u00bb2&Prime;][vc_custom_heading text_color=\u00a0\u00bbcolor-xsdn\u00a0\u00bb heading_semantic=\u00a0\u00bbp\u00a0\u00bb text_size=\u00a0\u00bbh3&Prime; text_weight=\u00a0\u00bb900&Prime; uncode_shortcode_id=\u00a0\u00bb173950&Prime; text_color_type=\u00a0\u00bbuncode-palette\u00a0\u00bb]CONTRATS FLEXIBLES[\/vc_custom_heading][vc_column_text text_color=\u00a0\u00bbcolor-xsdn\u00a0\u00bb uncode_shortcode_id=\u00a0\u00bb126034&Prime; text_color_type=\u00a0\u00bbuncode-palette\u00a0\u00bb]R\u00e9pondant \u00e0 diff\u00e9rents besoins en support et formation[\/vc_column_text][\/vc_column_inner][\/vc_row_inner][vc_empty_space empty_h=\u00a0\u00bb1&Prime;][\/vc_column][vc_column width=\u00a0\u00bb6\/12&Prime;][vc_empty_space empty_h=\u00a0\u00bb4&Prime;][\/vc_column][\/vc_row][vc_row row_height_percent=\u00a0\u00bb0&Prime; override_padding=\u00a0\u00bbyes\u00a0\u00bb h_padding=\u00a0\u00bb2&Prime; top_padding=\u00a0\u00bb3&Prime; bottom_padding=\u00a0\u00bb3&Prime; back_color=\u00a0\u00bbcolor-150013&Prime; overlay_alpha=\u00a0\u00bb50&Prime; gutter_size=\u00a0\u00bb3&Prime; column_width_percent=\u00a0\u00bb100&Prime; shift_y=\u00a0\u00bb0&Prime; z_index=\u00a0\u00bb0&Prime; content_parallax=\u00a0\u00bb0&Prime; uncode_shortcode_id=\u00a0\u00bb665761&Prime; back_color_type=\u00a0\u00bbuncode-palette\u00a0\u00bb css=\u00a0\u00bb.vc_custom_1761207583280{margin-top: 18px !important;margin-bottom: 20px !important;}\u00a0\u00bb][vc_column column_width_percent=\u00a0\u00bb100&Prime; gutter_size=\u00a0\u00bb1&Prime; overlay_alpha=\u00a0\u00bb50&Prime; shift_x=\u00a0\u00bb0&Prime; shift_y=\u00a0\u00bb0&Prime; shift_y_down=\u00a0\u00bb0&Prime; z_index=\u00a0\u00bb0&Prime; medium_width=\u00a0\u00bb0&Prime; mobile_width=\u00a0\u00bb0&Prime; width=\u00a0\u00bb1\/1&Prime; uncode_shortcode_id=\u00a0\u00bb127766&Prime;][vc_custom_heading text_color=\u00a0\u00bbcolor-xsdn\u00a0\u00bb text_weight=\u00a0\u00bb800&Prime; uncode_shortcode_id=\u00a0\u00bb206156&Prime; text_color_type=\u00a0\u00bbuncode-palette\u00a0\u00bb]<strong>Contactez-nous<\/strong>[\/vc_custom_heading][vc_empty_space empty_h=\u00a0\u00bb0&Prime;][vc_column_text text_color=\u00a0\u00bbcolor-xsdn\u00a0\u00bb uncode_shortcode_id=\u00a0\u00bb984634&Prime; text_color_type=\u00a0\u00bbuncode-palette\u00a0\u00bb]Vous recherchez une formation en logiciels infrarouges ? Contactez-nous d\u00e8s aujourd\u2019hui ![\/vc_column_text][vc_empty_space empty_h=\u00a0\u00bb1&Prime;][vc_button button_color=\u00a0\u00bbcolor-136439&Prime; size=\u00a0\u00bbbtn-sm\u00a0\u00bb radius=\u00a0\u00bbbtn-round\u00a0\u00bb hover_fx=\u00a0\u00bboutlined\u00a0\u00bb custom_typo=\u00a0\u00bbyes\u00a0\u00bb font_family=\u00a0\u00bbfont-555555&Prime; font_weight=\u00a0\u00bb700&Prime; text_transform=\u00a0\u00bbuppercase\u00a0\u00bb border_width=\u00a0\u00bb0&Prime; display=\u00a0\u00bbinline\u00a0\u00bb button_color_type=\u00a0\u00bbuncode-palette\u00a0\u00bb uncode_shortcode_id=\u00a0\u00bb111274&Prime; link=\u00a0\u00bburl:https%3A%2F%2Fhgh-infrared.com%2Ffr%2Feot%2Fcontact%2F|title:Contact%20EOT|target:_blank|\u00a0\u00bb]Demandez une d\u00e9mo[\/vc_button][vc_button button_color=\u00a0\u00bbcolor-xsdn\u00a0\u00bb size=\u00a0\u00bbbtn-sm\u00a0\u00bb radius=\u00a0\u00bbbtn-round\u00a0\u00bb hover_fx=\u00a0\u00bboutlined\u00a0\u00bb outline=\u00a0\u00bbyes\u00a0\u00bb custom_typo=\u00a0\u00bbyes\u00a0\u00bb font_family=\u00a0\u00bbfont-555555&Prime; font_weight=\u00a0\u00bb700&Prime; text_transform=\u00a0\u00bbuppercase\u00a0\u00bb border_width=\u00a0\u00bb0&Prime; display=\u00a0\u00bbinline\u00a0\u00bb inline_mobile=\u00a0\u00bbyes\u00a0\u00bb button_color_type=\u00a0\u00bbuncode-palette\u00a0\u00bb uncode_shortcode_id=\u00a0\u00bb124848&Prime; link=\u00a0\u00bburl:https%3A%2F%2Fhgh-infrared.com%2Ffr%2Feot%2Fcontact%2F|target:_blank|\u00a0\u00bb el_class=\u00a0\u00bbblack-txt\u00a0\u00bb]Contactez nous[\/vc_button][\/vc_column][\/vc_row][vc_row unlock_row_content=\u00a0\u00bbyes\u00a0\u00bb row_height_percent=\u00a0\u00bb0&Prime; override_padding=\u00a0\u00bbyes\u00a0\u00bb h_padding=\u00a0\u00bb0&Prime; top_padding=\u00a0\u00bb0&Prime; bottom_padding=\u00a0\u00bb0&Prime; back_image=\u00a0\u00bb135230&Prime; overlay_alpha=\u00a0\u00bb50&Prime; gutter_size=\u00a0\u00bb3&Prime; column_width_percent=\u00a0\u00bb100&Prime; shift_y=\u00a0\u00bb0&Prime; z_index=\u00a0\u00bb0&Prime; content_parallax=\u00a0\u00bb0&Prime; uncode_shortcode_id=\u00a0\u00bb155037&Prime;][vc_column column_width_percent=\u00a0\u00bb100&Prime; position_vertical=\u00a0\u00bbmiddle\u00a0\u00bb align_horizontal=\u00a0\u00bbalign_center\u00a0\u00bb gutter_size=\u00a0\u00bb2&Prime; overlay_alpha=\u00a0\u00bb50&Prime; shift_x=\u00a0\u00bb0&Prime; shift_y=\u00a0\u00bb0&Prime; shift_y_down=\u00a0\u00bb0&Prime; z_index=\u00a0\u00bb0&Prime; medium_width=\u00a0\u00bb0&Prime; mobile_width=\u00a0\u00bb0&Prime; width=\u00a0\u00bb1\/1&Prime; uncode_shortcode_id=\u00a0\u00bb197823&Prime; link_to=\u00a0\u00bburl:https%3A%2F%2Fhgh-infrared.com%2Ffr%2Feot%2Fvideos%2F|title:Videos|target:_blank|\u00a0\u00bb][uncode_block id=\u00a0\u00bb140224&Prime;][\/vc_column][\/vc_row][vc_row][vc_column width=\u00a0\u00bb1\/1&Prime;][uncode_block id=\u00a0\u00bb136144&Prime;][\/vc_column][\/vc_row]<\/p>\n<\/div>","protected":false},"excerpt":{"rendered":"<p>[vc_row row_height_percent=\u00a0\u00bb0&Prime; override_padding=\u00a0\u00bbyes\u00a0\u00bb h_padding=\u00a0\u00bb2&Prime; top_padding=\u00a0\u00bb2&Prime; bottom_padding=\u00a0\u00bb2&Prime; back_color=\u00a0\u00bbcolor-xsdn\u00a0\u00bb overlay_alpha=\u00a0\u00bb50&Prime; gutter_size=\u00a0\u00bb4&Prime; column_width_percent=\u00a0\u00bb100&Prime; shift_y=\u00a0\u00bb0&Prime; z_index=\u00a0\u00bb0&Prime; content_parallax=\u00a0\u00bb0&Prime; uncode_shortcode_id=\u00a0\u00bb126688&Prime; back_color_type=\u00a0\u00bbuncode-palette\u00a0\u00bb el_class=\u00a0\u00bbnormalise-top-padding-mobile\u00a0\u00bb][vc_column column_width_percent=\u00a0\u00bb100&Prime; align_horizontal=\u00a0\u00bbalign_center\u00a0\u00bb gutter_size=\u00a0\u00bb0&Prime; style=\u00a0\u00bblight\u00a0\u00bb [&hellip;]<\/p>\n","protected":false},"author":13,"featured_media":0,"parent":165748,"menu_order":0,"comment_status":"closed","ping_status":"closed","template":"","meta":{"footnotes":""},"class_list":["post-160541","page","type-page","status-publish","hentry"],"_links":{"self":[{"href":"https:\/\/hgh-infrared.com\/fr\/wp-json\/wp\/v2\/pages\/160541","targetHints":{"allow":["GET"]}}],"collection":[{"href":"https:\/\/hgh-infrared.com\/fr\/wp-json\/wp\/v2\/pages"}],"about":[{"href":"https:\/\/hgh-infrared.com\/fr\/wp-json\/wp\/v2\/types\/page"}],"author":[{"embeddable":true,"href":"https:\/\/hgh-infrared.com\/fr\/wp-json\/wp\/v2\/users\/13"}],"replies":[{"embeddable":true,"href":"https:\/\/hgh-infrared.com\/fr\/wp-json\/wp\/v2\/comments?post=160541"}],"version-history":[{"count":11,"href":"https:\/\/hgh-infrared.com\/fr\/wp-json\/wp\/v2\/pages\/160541\/revisions"}],"predecessor-version":[{"id":168447,"href":"https:\/\/hgh-infrared.com\/fr\/wp-json\/wp\/v2\/pages\/160541\/revisions\/168447"}],"up":[{"embeddable":true,"href":"https:\/\/hgh-infrared.com\/fr\/wp-json\/wp\/v2\/pages\/165748"}],"wp:attachment":[{"href":"https:\/\/hgh-infrared.com\/fr\/wp-json\/wp\/v2\/media?parent=160541"}],"curies":[{"name":"wp","href":"https:\/\/api.w.org\/{rel}","templated":true}]}}