{"id":160560,"date":"2025-09-02T08:05:28","date_gmt":"2025-09-02T08:05:28","guid":{"rendered":"https:\/\/hgh-infrared.com\/tests-electro-optiques\/gamme-de-produits\/support-services-i-hgh\/etalonnage-et-mesure-des-sources-ir-hgh\/"},"modified":"2026-02-11T13:13:26","modified_gmt":"2026-02-11T13:13:26","slug":"etalonnage-et-mesure-des-sources-ir","status":"publish","type":"page","link":"https:\/\/hgh-infrared.com\/fr\/eot\/produits\/support-services\/etalonnage-et-mesure-des-sources-ir\/","title":{"rendered":"Etalonnage et Mesure des Sources IR | HGH"},"content":{"rendered":"<div class=\"wpb-content-wrapper\"><p>[vc_row row_height_percent=\u00a0\u00bb0&Prime; override_padding=\u00a0\u00bbyes\u00a0\u00bb h_padding=\u00a0\u00bb2&Prime; top_padding=\u00a0\u00bb3&Prime; bottom_padding=\u00a0\u00bb3&Prime; back_color=\u00a0\u00bbcolor-rgdb\u00a0\u00bb back_image=\u00a0\u00bb160272&Prime; overlay_alpha=\u00a0\u00bb50&Prime; gutter_size=\u00a0\u00bb3&Prime; column_width_percent=\u00a0\u00bb100&Prime; shift_y=\u00a0\u00bb0&Prime; z_index=\u00a0\u00bb0&Prime; content_parallax=\u00a0\u00bb0&Prime; uncode_shortcode_id=\u00a0\u00bb642784&Prime; back_color_type=\u00a0\u00bbuncode-palette\u00a0\u00bb css=\u00a0\u00bb.vc_custom_1761725966622{padding-top: 18px !important;padding-bottom: 18px !important;}\u00a0\u00bb][vc_column column_width_percent=\u00a0\u00bb100&Prime; position_horizontal=\u00a0\u00bbleft\u00a0\u00bb position_vertical=\u00a0\u00bbmiddle\u00a0\u00bb gutter_size=\u00a0\u00bb1&Prime; style=\u00a0\u00bbdark\u00a0\u00bb overlay_alpha=\u00a0\u00bb50&Prime; shift_x=\u00a0\u00bb0&Prime; shift_y=\u00a0\u00bb0&Prime; shift_y_down=\u00a0\u00bb0&Prime; z_index=\u00a0\u00bb0&Prime; medium_width=\u00a0\u00bb0&Prime; mobile_width=\u00a0\u00bb0&Prime; width=\u00a0\u00bb1\/1&Prime; uncode_shortcode_id=\u00a0\u00bb747725&Prime;][uncode_breadcrumbs el_class=\u00a0\u00bbbreadcrumbs-eot\u00a0\u00bb][vc_empty_space empty_h=\u00a0\u00bb1&Prime;][vc_empty_space empty_h=\u00a0\u00bb0&Prime;][vc_custom_heading text_color=\u00a0\u00bbcolor-xsdn\u00a0\u00bb heading_semantic=\u00a0\u00bbh1&Prime; text_size=\u00a0\u00bbh1&Prime; text_weight=\u00a0\u00bb400&Prime; uncode_shortcode_id=\u00a0\u00bb161621&Prime; text_color_type=\u00a0\u00bbuncode-palette\u00a0\u00bb]<span style=\"display: block; font-weight: 800; color: #fff;\"><strong>Etalonnage et Mesure des Sources IR<\/strong><\/span> <span style=\"display: block; font-size: 15px; font-weight: 400; color: #fff; text-transform: none;\">Services de haute pr\u00e9cision HGH pour le MWIR, LWIR et SWIR<\/span>[\/vc_custom_heading][vc_empty_space empty_h=\u00a0\u00bb0&Prime;][\/vc_column][\/vc_row][vc_row row_height_percent=\u00a0\u00bb0&Prime; override_padding=\u00a0\u00bbyes\u00a0\u00bb h_padding=\u00a0\u00bb2&Prime; top_padding=\u00a0\u00bb2&Prime; bottom_padding=\u00a0\u00bb0&Prime; overlay_alpha=\u00a0\u00bb50&Prime; gutter_size=\u00a0\u00bb3&Prime; column_width_percent=\u00a0\u00bb100&Prime; shift_y=\u00a0\u00bb0&Prime; z_index=\u00a0\u00bb0&Prime; content_parallax=\u00a0\u00bb0&Prime; uncode_shortcode_id=\u00a0\u00bb183734&Prime;][vc_column column_width_percent=\u00a0\u00bb100&Prime; gutter_size=\u00a0\u00bb0&Prime; overlay_alpha=\u00a0\u00bb50&Prime; shift_x=\u00a0\u00bb0&Prime; shift_y=\u00a0\u00bb0&Prime; shift_y_down=\u00a0\u00bb0&Prime; z_index=\u00a0\u00bb0&Prime; medium_width=\u00a0\u00bb0&Prime; mobile_width=\u00a0\u00bb0&Prime; width=\u00a0\u00bb1\/1&Prime; uncode_shortcode_id=\u00a0\u00bb582787&Prime;][vc_custom_heading text_weight=\u00a0\u00bb800&Prime; uncode_shortcode_id=\u00a0\u00bb183084&Prime;]<strong>Etalonnage radiom\u00e9trique<\/strong>[\/vc_custom_heading][vc_empty_space empty_h=\u00a0\u00bb2&Prime; mobile_visibility=\u00a0\u00bbyes\u00a0\u00bb][vc_empty_space empty_h=\u00a0\u00bb1&Prime; desktop_visibility=\u00a0\u00bbyes\u00a0\u00bb][vc_custom_heading heading_semantic=\u00a0\u00bbh3&Prime; text_size=\u00a0\u00bbh3&Prime; text_weight=\u00a0\u00bb800&Prime; uncode_shortcode_id=\u00a0\u00bb171864&Prime;]<strong>Principe de l\u2019\u00e9talonnage radiom\u00e9trique<\/strong>[\/vc_custom_heading][vc_empty_space empty_h=\u00a0\u00bb1&Prime;][vc_column_text uncode_shortcode_id=\u00a0\u00bb103818&Prime; el_class=\u00a0\u00bbjustify\u00a0\u00bb]Contrairement \u00e0 l\u2019\u00e9talonnage thermom\u00e9trique, l\u2019\u00e9talonnage radiom\u00e9trique de votre source IR permet de mesurer directement le rayonnement optique tel que votre cam\u00e9ra ou capteur le verra. Ce processus prend en compte tous les param\u00e8tres, y compris l&rsquo;\u00e9missivit\u00e9 de la plaque \u00e9missive ou de la cavit\u00e9.<br \/>\nChez HGH, nous avons con\u00e7u un banc d\u2019\u00e9talonnage radiom\u00e9trique qui mesure le rayonnement optique de toute source Infrarouge dans les bandes spectrales Moyennes (MWIR) et Longues (LWIR) par comparaison avec des sources infrarouges de r\u00e9f\u00e9rence secondaires . Ces sources secondaires sont elles-m\u00eames \u00e9talonn\u00e9es par comparaison avec des sources primaires enregistr\u00e9es au Bureau International des Poids et Mesures (BIPM), garantissant la tra\u00e7abilit\u00e9 de nos certificats d\u2019\u00e9talonnage radiom\u00e9trique vers ces sources primaires.[\/vc_column_text][\/vc_column][\/vc_row][vc_row row_height_percent=\u00a0\u00bb0&Prime; override_padding=\u00a0\u00bbyes\u00a0\u00bb h_padding=\u00a0\u00bb0&Prime; top_padding=\u00a0\u00bb0&Prime; bottom_padding=\u00a0\u00bb0&Prime; overlay_alpha=\u00a0\u00bb50&Prime; gutter_size=\u00a0\u00bb3&Prime; column_width_percent=\u00a0\u00bb100&Prime; shift_y=\u00a0\u00bb0&Prime; z_index=\u00a0\u00bb0&Prime; content_parallax=\u00a0\u00bb0&Prime; uncode_shortcode_id=\u00a0\u00bb788627&Prime;][vc_column width=\u00a0\u00bb1\/1&Prime;][vc_empty_space empty_h=\u00a0\u00bb2&Prime;][\/vc_column][\/vc_row][vc_row row_height_percent=\u00a0\u00bb0&Prime; override_padding=\u00a0\u00bbyes\u00a0\u00bb h_padding=\u00a0\u00bb2&Prime; top_padding=\u00a0\u00bb0&Prime; bottom_padding=\u00a0\u00bb1&Prime; overlay_alpha=\u00a0\u00bb50&Prime; equal_height=\u00a0\u00bbyes\u00a0\u00bb gutter_size=\u00a0\u00bb3&Prime; column_width_percent=\u00a0\u00bb100&Prime; shift_y=\u00a0\u00bb0&Prime; z_index=\u00a0\u00bb0&Prime; content_parallax=\u00a0\u00bb0&Prime; uncode_shortcode_id=\u00a0\u00bb156796&Prime;][vc_column column_width_percent=\u00a0\u00bb100&Prime; gutter_size=\u00a0\u00bb3&Prime; overlay_alpha=\u00a0\u00bb50&Prime; shift_x=\u00a0\u00bb0&Prime; shift_y=\u00a0\u00bb0&Prime; shift_y_down=\u00a0\u00bb0&Prime; z_index=\u00a0\u00bb0&Prime; medium_width=\u00a0\u00bb0&Prime; mobile_width=\u00a0\u00bb0&Prime; width=\u00a0\u00bb3\/4&Prime; uncode_shortcode_id=\u00a0\u00bb274990&Prime;][vc_column_text uncode_shortcode_id=\u00a0\u00bb561070&Prime;]La comparaison est effectu\u00e9e \u00e0 l\u2019aide d\u2019un pyrom\u00e8tre pr\u00e9cis (pour le LWIR) et d\u2019un radiom\u00e8tre hautement sensible (pour le MWIR) con\u00e7u exclusivement par HGH.<br \/>\nPour plus d\u2019informations sur notre banc d\u2019\u00e9talonnage et la proc\u00e9dure, veuillez consulter <a href=\"https:\/\/hgh-infrared.com\/fr\/eot\/telechargements\/\">nos papiers<\/a>[\/vc_column_text][\/vc_column][vc_column column_width_percent=\u00a0\u00bb100&Prime; align_horizontal=\u00a0\u00bbalign_center\u00a0\u00bb gutter_size=\u00a0\u00bb1&Prime; overlay_alpha=\u00a0\u00bb50&Prime; shift_x=\u00a0\u00bb0&Prime; shift_y=\u00a0\u00bb0&Prime; shift_y_down=\u00a0\u00bb0&Prime; z_index=\u00a0\u00bb0&Prime; medium_width=\u00a0\u00bb0&Prime; mobile_width=\u00a0\u00bb0&Prime; width=\u00a0\u00bb1\/4&Prime; uncode_shortcode_id=\u00a0\u00bb213066&Prime;][vc_button size=\u00a0\u00bbbtn-sm\u00a0\u00bb radius=\u00a0\u00bbbtn-round\u00a0\u00bb hover_fx=\u00a0\u00bboutlined\u00a0\u00bb border_width=\u00a0\u00bb0&Prime; button_color_type=\u00a0\u00bbuncode-solid\u00a0\u00bb uncode_shortcode_id=\u00a0\u00bb119941&Prime; button_color_solid=\u00a0\u00bb#901f80&Prime; link=\u00a0\u00bburl:https%3A%2F%2Fhgh-infrared.com%2Ffr%2Feot%2Fcontact%2F|title:Contact%20EOT|target:_blank|\u00a0\u00bb width=\u00a0\u00bb235&Prime;]Contactez nous[\/vc_button][vc_button button_color=\u00a0\u00bbcolor-prif\u00a0\u00bb size=\u00a0\u00bbbtn-sm\u00a0\u00bb radius=\u00a0\u00bbbtn-round\u00a0\u00bb hover_fx=\u00a0\u00bboutlined\u00a0\u00bb outline=\u00a0\u00bbyes\u00a0\u00bb custom_typo=\u00a0\u00bbyes\u00a0\u00bb font_family=\u00a0\u00bbfont-555555&Prime; font_weight=\u00a0\u00bb700&Prime; text_transform=\u00a0\u00bbuppercase\u00a0\u00bb border_width=\u00a0\u00bb0&Prime; button_color_type=\u00a0\u00bbuncode-palette\u00a0\u00bb uncode_shortcode_id=\u00a0\u00bb405799&Prime; link=\u00a0\u00bburl:https%3A%2F%2Fhgh-infrared.com%2Ffr%2Feot%2Ftelechargements%2F|title:Downloads|target:_blank|\u00a0\u00bb width=\u00a0\u00bb235&Prime;]Downloads[\/vc_button][\/vc_column][\/vc_row][vc_row row_height_percent=\u00a0\u00bb0&Prime; override_padding=\u00a0\u00bbyes\u00a0\u00bb h_padding=\u00a0\u00bb2&Prime; top_padding=\u00a0\u00bb2&Prime; bottom_padding=\u00a0\u00bb0&Prime; overlay_alpha=\u00a0\u00bb50&Prime; gutter_size=\u00a0\u00bb3&Prime; column_width_percent=\u00a0\u00bb100&Prime; shift_y=\u00a0\u00bb0&Prime; z_index=\u00a0\u00bb0&Prime; content_parallax=\u00a0\u00bb0&Prime; uncode_shortcode_id=\u00a0\u00bb119082&Prime; row_name=\u00a0\u00bbmain_challenge\u00a0\u00bb][vc_column width=\u00a0\u00bb1\/1&Prime;][vc_custom_heading heading_semantic=\u00a0\u00bbh3&Prime; text_size=\u00a0\u00bbh3&Prime; text_weight=\u00a0\u00bb800&Prime; uncode_shortcode_id=\u00a0\u00bb115658&Prime; el_id=\u00a0\u00bbmain_challenges\u00a0\u00bb]<strong>Plage de mesure pour l\u2019\u00e9talonnage radiom\u00e9trique<\/strong>[\/vc_custom_heading][\/vc_column][\/vc_row][vc_row row_height_percent=\u00a0\u00bb0&Prime; override_padding=\u00a0\u00bbyes\u00a0\u00bb h_padding=\u00a0\u00bb2&Prime; top_padding=\u00a0\u00bb0&Prime; bottom_padding=\u00a0\u00bb2&Prime; overlay_alpha=\u00a0\u00bb50&Prime; gutter_size=\u00a0\u00bb3&Prime; column_width_percent=\u00a0\u00bb100&Prime; shift_y=\u00a0\u00bb0&Prime; z_index=\u00a0\u00bb0&Prime; content_parallax=\u00a0\u00bb0&Prime; uncode_shortcode_id=\u00a0\u00bb376301&Prime; css=\u00a0\u00bb.vc_custom_1756799812595{padding-top: 26px !important;}\u00a0\u00bb][vc_column column_width_percent=\u00a0\u00bb100&Prime; gutter_size=\u00a0\u00bb1&Prime; overlay_alpha=\u00a0\u00bb50&Prime; shift_x=\u00a0\u00bb0&Prime; shift_y=\u00a0\u00bb0&Prime; shift_y_down=\u00a0\u00bb0&Prime; z_index=\u00a0\u00bb0&Prime; medium_width=\u00a0\u00bb0&Prime; mobile_width=\u00a0\u00bb0&Prime; width=\u00a0\u00bb1\/1&Prime; uncode_shortcode_id=\u00a0\u00bb263055&Prime;][vc_column_text uncode_shortcode_id=\u00a0\u00bb185715&Prime; el_class=\u00a0\u00bbjustify\u00a0\u00bb]Nos <strong>services d\u2019\u00e9talonnage radiom\u00e9trique<\/strong> pour le MWIR et le LWIR sont disponibles pour les temp\u00e9ratures suivantes :<\/p>\n<ul>\n<li><strong>Temp\u00e9ratures basses :<\/strong> 0\u00b0C, 20\u00b0C, 37\u00b0C, 42\u00b0C, 50\u00b0C, 70\u00b0C, 110\u00b0C, et 150\u00b0C<\/li>\n<li><strong>Temp\u00e9ratures moyennes : <\/strong>100\u00b0C, 200\u00b0C, 300\u00b0C, 475\u00b0C, et 600\u00b0C<\/li>\n<li><strong>Temp\u00e9ratures \u00e9lev\u00e9es :<\/strong> 300\u00b0C, 500\u00b0C, 700\u00b0C, 900\u00b0C, 1200\u00b0C (MWIR uniquement), et 1300\u00b0C (MWIR uniquement)<\/li>\n<\/ul>\n<p>N&rsquo;h\u00e9sitez pas \u00e0 <strong>nous contacter<\/strong> pour d&rsquo;autres temp\u00e9ratures<a class=\"animated_link\" style=\"color: #901f80 !important;\" href=\"https:\/\/hgh-infrared.com\/fr\/eot\/contact\/\">.<\/a> HGH peut \u00e9galement g\u00e9rer des services d\u2019\u00e9talonnage pour la <strong>bande SWIR<\/strong>.[\/vc_column_text][\/vc_column][\/vc_row][vc_row row_height_percent=\u00a0\u00bb0&Prime; override_padding=\u00a0\u00bbyes\u00a0\u00bb h_padding=\u00a0\u00bb2&Prime; top_padding=\u00a0\u00bb2&Prime; bottom_padding=\u00a0\u00bb0&Prime; back_color=\u00a0\u00bbcolor-103210&Prime; overlay_alpha=\u00a0\u00bb50&Prime; gutter_size=\u00a0\u00bb3&Prime; column_width_percent=\u00a0\u00bb100&Prime; shift_y=\u00a0\u00bb0&Prime; z_index=\u00a0\u00bb0&Prime; content_parallax=\u00a0\u00bb0&Prime; uncode_shortcode_id=\u00a0\u00bb136911&Prime; back_color_type=\u00a0\u00bbuncode-palette\u00a0\u00bb][vc_column column_width_percent=\u00a0\u00bb100&Prime; gutter_size=\u00a0\u00bb0&Prime; overlay_alpha=\u00a0\u00bb50&Prime; shift_x=\u00a0\u00bb0&Prime; shift_y=\u00a0\u00bb0&Prime; shift_y_down=\u00a0\u00bb0&Prime; z_index=\u00a0\u00bb0&Prime; medium_width=\u00a0\u00bb0&Prime; mobile_width=\u00a0\u00bb0&Prime; width=\u00a0\u00bb1\/1&Prime; uncode_shortcode_id=\u00a0\u00bb582787&Prime;][vc_custom_heading text_weight=\u00a0\u00bb800&Prime; uncode_shortcode_id=\u00a0\u00bb741340&Prime;]<strong>Cartographie de l&rsquo;uniformit\u00e9<\/strong>[\/vc_custom_heading][vc_empty_space empty_h=\u00a0\u00bb2&Prime; mobile_visibility=\u00a0\u00bbyes\u00a0\u00bb][\/vc_column][\/vc_row][vc_row row_height_percent=\u00a0\u00bb0&Prime; override_padding=\u00a0\u00bbyes\u00a0\u00bb h_padding=\u00a0\u00bb2&Prime; top_padding=\u00a0\u00bb2&Prime; bottom_padding=\u00a0\u00bb0&Prime; back_color=\u00a0\u00bbcolor-103210&Prime; overlay_alpha=\u00a0\u00bb50&Prime; gutter_size=\u00a0\u00bb3&Prime; column_width_percent=\u00a0\u00bb100&Prime; shift_y=\u00a0\u00bb0&Prime; z_index=\u00a0\u00bb0&Prime; content_parallax=\u00a0\u00bb0&Prime; uncode_shortcode_id=\u00a0\u00bb136532&Prime; back_color_type=\u00a0\u00bbuncode-palette\u00a0\u00bb row_name=\u00a0\u00bbmain_challenge\u00a0\u00bb][vc_column width=\u00a0\u00bb1\/1&Prime;][vc_custom_heading heading_semantic=\u00a0\u00bbh3&Prime; text_size=\u00a0\u00bbh3&Prime; text_weight=\u00a0\u00bb800&Prime; uncode_shortcode_id=\u00a0\u00bb611566&Prime;]<strong>Principe de la mesure de l&rsquo;uniformit\u00e9 des sources IR<\/strong>[\/vc_custom_heading][\/vc_column][\/vc_row][vc_row row_height_percent=\u00a0\u00bb0&Prime; override_padding=\u00a0\u00bbyes\u00a0\u00bb h_padding=\u00a0\u00bb2&Prime; top_padding=\u00a0\u00bb0&Prime; bottom_padding=\u00a0\u00bb3&Prime; back_color=\u00a0\u00bbcolor-103210&Prime; overlay_alpha=\u00a0\u00bb50&Prime; gutter_size=\u00a0\u00bb3&Prime; column_width_percent=\u00a0\u00bb100&Prime; shift_y=\u00a0\u00bb0&Prime; z_index=\u00a0\u00bb0&Prime; content_parallax=\u00a0\u00bb0&Prime; uncode_shortcode_id=\u00a0\u00bb894332&Prime; back_color_type=\u00a0\u00bbuncode-palette\u00a0\u00bb css=\u00a0\u00bb.vc_custom_1756799887164{padding-top: 26px !important;}\u00a0\u00bb][vc_column width=\u00a0\u00bb1\/3&Prime;][vc_single_image media=\u00a0\u00bb160275&Prime; media_width_percent=\u00a0\u00bb100&Prime; uncode_shortcode_id=\u00a0\u00bb185373&Prime;][vc_custom_heading heading_semantic=\u00a0\u00bbh3&Prime; text_size=\u00a0\u00bbh3&Prime; text_weight=\u00a0\u00bb800&Prime; uncode_shortcode_id=\u00a0\u00bb290593&Prime; el_id=\u00a0\u00bbmain_challenges\u00a0\u00bb]<strong>Plage de mesure et r\u00e9sultats<\/strong>[\/vc_custom_heading][vc_single_image media=\u00a0\u00bb160304&Prime; media_lightbox=\u00a0\u00bbyes\u00a0\u00bb media_width_percent=\u00a0\u00bb100&Prime; uncode_shortcode_id=\u00a0\u00bb459205&Prime;][\/vc_column][vc_column column_width_percent=\u00a0\u00bb100&Prime; gutter_size=\u00a0\u00bb1&Prime; overlay_alpha=\u00a0\u00bb50&Prime; shift_x=\u00a0\u00bb0&Prime; shift_y=\u00a0\u00bb0&Prime; shift_y_down=\u00a0\u00bb0&Prime; z_index=\u00a0\u00bb0&Prime; medium_width=\u00a0\u00bb0&Prime; mobile_width=\u00a0\u00bb0&Prime; width=\u00a0\u00bb2\/3&Prime; uncode_shortcode_id=\u00a0\u00bb263055&Prime;][vc_column_text uncode_shortcode_id=\u00a0\u00bb829604&Prime; el_class=\u00a0\u00bbjustify\u00a0\u00bb]L&rsquo;uniformit\u00e9 est l&rsquo;un des param\u00e8tres les plus critiques pour les sources IR et les corps noirs, car ils sont fr\u00e9quemment utilis\u00e9s pour la correction de non-uniformit\u00e9 (NUC) des cam\u00e9ras ou pour l\u2019\u00e9talonnage simultan\u00e9 de plusieurs capteurs.<br \/>\nHGH a d\u00e9velopp\u00e9 un banc de mesure de l&rsquo;uniformit\u00e9 exclusif pour \u00e9valuer avec pr\u00e9cision l&rsquo;uniformit\u00e9 des sources IR. Le principe de mesure repose sur un scan optique de la surface \u00e9missive, cr\u00e9ant ainsi une carte de temp\u00e9rature du corps noir test\u00e9. Le radiom\u00e8tre utilis\u00e9 pour cette cartographie a une r\u00e9solution thermique (NETD Noise Equivalent Temperature Difference) meilleure que la meilleure non-uniformit\u00e9 r\u00e9siduelle attendue et est exempt de l\u2019effet d\u00f4me, garantissant ainsi la plus haute pr\u00e9cision pour la cartographie de l&rsquo;uniformit\u00e9.<\/p>\n<p>Pour plus d&rsquo;informations sur notre <strong>banc de mesure de l&rsquo;uniformit\u00e9<\/strong>, veuillez consulter <a href=\"https:\/\/hgh-infrared.com\/wp-content\/uploads\/2025\/06\/Blackbody-Technical-Note-Uniformity.pdf\">ce papier<\/a>[\/vc_column_text][vc_empty_space empty_h=\u00a0\u00bb4&Prime; mobile_visibility=\u00a0\u00bbyes\u00a0\u00bb][vc_empty_space empty_h=\u00a0\u00bb2&Prime; desktop_visibility=\u00a0\u00bbyes\u00a0\u00bb][vc_column_text uncode_shortcode_id=\u00a0\u00bb244802&Prime; el_class=\u00a0\u00bbjustify\u00a0\u00bb]Obtenez une carte de temp\u00e9rature d\u00e9taill\u00e9e indiquant les points de temp\u00e9rature minimale et maximale, ainsi que le calcul de l&rsquo;\u00e9cart-type. Ces cartes sont disponibles pour les temp\u00e9ratures suivantes :<br \/>\n50\u00b0C, 70\u00b0C, 100\u00b0C, 110\u00b0C, 150\u00b0C, 200\u00b0C, 300\u00b0C, 475\u00b0C, 500\u00b0C, 600\u00b0C, 700\u00b0C, 900\u00b0C, 1200\u00b0C et 1300\u00b0C.<br \/>\nLa r\u00e9solution spatiale de notre radiom\u00e8tre permet \u00e0 notre banc de mesurer l&rsquo;uniformit\u00e9 de toute source, y compris les sources corps noir \u00e0 cavit\u00e9.[\/vc_column_text][\/vc_column][\/vc_row][vc_row row_height_percent=\u00a0\u00bb0&Prime; override_padding=\u00a0\u00bbyes\u00a0\u00bb h_padding=\u00a0\u00bb2&Prime; top_padding=\u00a0\u00bb3&Prime; bottom_padding=\u00a0\u00bb3&Prime; back_color=\u00a0\u00bbcolor-150013&Prime; back_image=\u00a0\u00bb135671&Prime; parallax=\u00a0\u00bbyes\u00a0\u00bb overlay_color=\u00a0\u00bbcolor-150013&Prime; overlay_alpha=\u00a0\u00bb50&Prime; gutter_size=\u00a0\u00bb3&Prime; column_width_percent=\u00a0\u00bb100&Prime; shift_y=\u00a0\u00bb0&Prime; z_index=\u00a0\u00bb0&Prime; content_parallax=\u00a0\u00bb0&Prime; uncode_shortcode_id=\u00a0\u00bb946114&Prime; back_color_type=\u00a0\u00bbuncode-palette\u00a0\u00bb overlay_color_type=\u00a0\u00bbuncode-palette\u00a0\u00bb][vc_column column_width_percent=\u00a0\u00bb100&Prime; gutter_size=\u00a0\u00bb1&Prime; overlay_alpha=\u00a0\u00bb50&Prime; shift_x=\u00a0\u00bb0&Prime; shift_y=\u00a0\u00bb0&Prime; shift_y_down=\u00a0\u00bb0&Prime; z_index=\u00a0\u00bb0&Prime; medium_width=\u00a0\u00bb0&Prime; mobile_width=\u00a0\u00bb0&Prime; width=\u00a0\u00bb1\/1&Prime; uncode_shortcode_id=\u00a0\u00bb102481&Prime;][vc_custom_heading text_color=\u00a0\u00bbcolor-xsdn\u00a0\u00bb text_weight=\u00a0\u00bb800&Prime; uncode_shortcode_id=\u00a0\u00bb934905&Prime; text_color_type=\u00a0\u00bbuncode-palette\u00a0\u00bb]<strong>Pr\u00eat \u00e0 optimiser vos op\u00e9rations de maintenance \u00e9lectro-optique ?<\/strong>[\/vc_custom_heading][vc_empty_space empty_h=\u00a0\u00bb0&Prime;][vc_column_text text_color=\u00a0\u00bbcolor-xsdn\u00a0\u00bb uncode_shortcode_id=\u00a0\u00bb980308&Prime; text_color_type=\u00a0\u00bbuncode-palette\u00a0\u00bb]Besoin de services de haute pr\u00e9cision pour l&rsquo;\u00e9talonnage et mesure des sources IR ?[\/vc_column_text][vc_empty_space empty_h=\u00a0\u00bb1&Prime;][vc_button button_color=\u00a0\u00bbcolor-xsdn\u00a0\u00bb size=\u00a0\u00bbbtn-sm\u00a0\u00bb radius=\u00a0\u00bbbtn-round\u00a0\u00bb hover_fx=\u00a0\u00bboutlined\u00a0\u00bb outline=\u00a0\u00bbyes\u00a0\u00bb custom_typo=\u00a0\u00bbyes\u00a0\u00bb font_family=\u00a0\u00bbfont-555555&Prime; font_weight=\u00a0\u00bb700&Prime; text_transform=\u00a0\u00bbuppercase\u00a0\u00bb border_width=\u00a0\u00bb0&Prime; display=\u00a0\u00bbinline\u00a0\u00bb button_color_type=\u00a0\u00bbuncode-palette\u00a0\u00bb uncode_shortcode_id=\u00a0\u00bb181280&Prime; link=\u00a0\u00bburl:https%3A%2F%2Fhgh-infrared.com%2Ffr%2Feot%2Fcontact%2F|target:_blank|\u00a0\u00bb el_class=\u00a0\u00bbblack-txt\u00a0\u00bb]Contactez nous[\/vc_button][\/vc_column][\/vc_row][vc_row unlock_row_content=\u00a0\u00bbyes\u00a0\u00bb row_height_percent=\u00a0\u00bb0&Prime; override_padding=\u00a0\u00bbyes\u00a0\u00bb h_padding=\u00a0\u00bb0&Prime; top_padding=\u00a0\u00bb0&Prime; bottom_padding=\u00a0\u00bb0&Prime; back_image=\u00a0\u00bb135230&Prime; overlay_alpha=\u00a0\u00bb50&Prime; gutter_size=\u00a0\u00bb3&Prime; column_width_percent=\u00a0\u00bb100&Prime; shift_y=\u00a0\u00bb0&Prime; z_index=\u00a0\u00bb0&Prime; content_parallax=\u00a0\u00bb0&Prime; uncode_shortcode_id=\u00a0\u00bb155037&Prime;][vc_column column_width_percent=\u00a0\u00bb100&Prime; position_vertical=\u00a0\u00bbmiddle\u00a0\u00bb align_horizontal=\u00a0\u00bbalign_center\u00a0\u00bb gutter_size=\u00a0\u00bb2&Prime; overlay_alpha=\u00a0\u00bb50&Prime; shift_x=\u00a0\u00bb0&Prime; shift_y=\u00a0\u00bb0&Prime; shift_y_down=\u00a0\u00bb0&Prime; z_index=\u00a0\u00bb0&Prime; medium_width=\u00a0\u00bb0&Prime; mobile_width=\u00a0\u00bb0&Prime; width=\u00a0\u00bb1\/1&Prime; uncode_shortcode_id=\u00a0\u00bb197823&Prime; link_to=\u00a0\u00bburl:https%3A%2F%2Fhgh-infrared.com%2Ffr%2Feot%2Fvideos%2F|title:Videos|target:_blank|\u00a0\u00bb][uncode_block id=\u00a0\u00bb140224&Prime;][\/vc_column][\/vc_row][vc_row][vc_column width=\u00a0\u00bb1\/1&Prime;][uncode_block id=\u00a0\u00bb136144&Prime;][\/vc_column][\/vc_row]<\/p>\n<\/div>","protected":false},"excerpt":{"rendered":"<p>[vc_row row_height_percent=\u00a0\u00bb0&Prime; override_padding=\u00a0\u00bbyes\u00a0\u00bb h_padding=\u00a0\u00bb2&Prime; top_padding=\u00a0\u00bb3&Prime; bottom_padding=\u00a0\u00bb3&Prime; back_color=\u00a0\u00bbcolor-rgdb\u00a0\u00bb back_image=\u00a0\u00bb160272&Prime; overlay_alpha=\u00a0\u00bb50&Prime; gutter_size=\u00a0\u00bb3&Prime; column_width_percent=\u00a0\u00bb100&Prime; shift_y=\u00a0\u00bb0&Prime; z_index=\u00a0\u00bb0&Prime; content_parallax=\u00a0\u00bb0&Prime; uncode_shortcode_id=\u00a0\u00bb642784&Prime; back_color_type=\u00a0\u00bbuncode-palette\u00a0\u00bb css=\u00a0\u00bb.vc_custom_1761725966622{padding-top: 18px !important;padding-bottom: 18px [&hellip;]<\/p>\n","protected":false},"author":13,"featured_media":0,"parent":160554,"menu_order":0,"comment_status":"closed","ping_status":"closed","template":"","meta":{"footnotes":""},"class_list":["post-160560","page","type-page","status-publish","hentry"],"_links":{"self":[{"href":"https:\/\/hgh-infrared.com\/fr\/wp-json\/wp\/v2\/pages\/160560","targetHints":{"allow":["GET"]}}],"collection":[{"href":"https:\/\/hgh-infrared.com\/fr\/wp-json\/wp\/v2\/pages"}],"about":[{"href":"https:\/\/hgh-infrared.com\/fr\/wp-json\/wp\/v2\/types\/page"}],"author":[{"embeddable":true,"href":"https:\/\/hgh-infrared.com\/fr\/wp-json\/wp\/v2\/users\/13"}],"replies":[{"embeddable":true,"href":"https:\/\/hgh-infrared.com\/fr\/wp-json\/wp\/v2\/comments?post=160560"}],"version-history":[{"count":28,"href":"https:\/\/hgh-infrared.com\/fr\/wp-json\/wp\/v2\/pages\/160560\/revisions"}],"predecessor-version":[{"id":170756,"href":"https:\/\/hgh-infrared.com\/fr\/wp-json\/wp\/v2\/pages\/160560\/revisions\/170756"}],"up":[{"embeddable":true,"href":"https:\/\/hgh-infrared.com\/fr\/wp-json\/wp\/v2\/pages\/160554"}],"wp:attachment":[{"href":"https:\/\/hgh-infrared.com\/fr\/wp-json\/wp\/v2\/media?parent=160560"}],"curies":[{"name":"wp","href":"https:\/\/api.w.org\/{rel}","templated":true}]}}