{"id":163497,"date":"2024-01-16T14:57:44","date_gmt":"2024-01-16T14:57:44","guid":{"rendered":"https:\/\/hgh-infrared.com\/was\/telechargements\/"},"modified":"2026-02-20T08:22:54","modified_gmt":"2026-02-20T08:22:54","slug":"telechargements","status":"publish","type":"page","link":"https:\/\/hgh-infrared.com\/fr\/was\/telechargements\/","title":{"rendered":"T\u00e9l\u00e9chargements"},"content":{"rendered":"<div class=\"wpb-content-wrapper\"><p>[vc_row row_height_percent=\u00a0\u00bb0&Prime; override_padding=\u00a0\u00bbyes\u00a0\u00bb h_padding=\u00a0\u00bb2&Prime; top_padding=\u00a0\u00bb2&Prime; bottom_padding=\u00a0\u00bb2&Prime; back_color=\u00a0\u00bbcolor-jevc\u00a0\u00bb back_image=\u00a0\u00bb140466&Prime; back_repeat=\u00a0\u00bbno-repeat\u00a0\u00bb back_position=\u00a0\u00bbleft bottom\u00a0\u00bb overlay_alpha=\u00a0\u00bb50&Prime; gutter_size=\u00a0\u00bb3&Prime; column_width_percent=\u00a0\u00bb100&Prime; shift_y=\u00a0\u00bb0&Prime; z_index=\u00a0\u00bb0&Prime; content_parallax=\u00a0\u00bb0&Prime; uncode_shortcode_id=\u00a0\u00bb338148&Prime; back_color_type=\u00a0\u00bbuncode-palette\u00a0\u00bb row_height_pixel=\u00a0\u00bb220&Prime;][vc_column column_width_percent=\u00a0\u00bb100&Prime; position_vertical=\u00a0\u00bbmiddle\u00a0\u00bb gutter_size=\u00a0\u00bb1&Prime; overlay_alpha=\u00a0\u00bb50&Prime; shift_x=\u00a0\u00bb0&Prime; shift_y=\u00a0\u00bb0&Prime; shift_y_down=\u00a0\u00bb0&Prime; z_index=\u00a0\u00bb0&Prime; medium_width=\u00a0\u00bb0&Prime; mobile_width=\u00a0\u00bb0&Prime; width=\u00a0\u00bb2\/3&Prime; uncode_shortcode_id=\u00a0\u00bb126174&Prime; el_class=\u00a0\u00bbwhite txt_on_photo\u00a0\u00bb][uncode_breadcrumbs el_class=\u00a0\u00bbwhite\u00a0\u00bb][vc_custom_heading text_color=\u00a0\u00bbcolor-xsdn\u00a0\u00bb heading_semantic=\u00a0\u00bbh1&Prime; text_size=\u00a0\u00bbh1&Prime; text_weight=\u00a0\u00bb800&Prime; uncode_shortcode_id=\u00a0\u00bb126152&Prime; text_color_type=\u00a0\u00bbuncode-palette\u00a0\u00bb]T\u00e9l\u00e9chargements[\/vc_custom_heading][\/vc_column][vc_column width=\u00a0\u00bb1\/3&Prime;][\/vc_column][\/vc_row][vc_row][vc_column width=\u00a0\u00bb1\/1&Prime;][vc_custom_heading heading_semantic=\u00a0\u00bbh3&Prime; text_size=\u00a0\u00bbh4&Prime; uncode_shortcode_id=\u00a0\u00bb198091&Prime;]Pour en savoir plus sur la gamme de produits de s\u00e9curit\u00e9 et de surveillance de HGH optronics, consultez les fiches techniques et les \u00e9tudes de cas.[\/vc_custom_heading][\/vc_column][\/vc_row][vc_row][vc_column width=\u00a0\u00bb1\/2&Prime;][vc_custom_heading text_color=\u00a0\u00bbcolor-jevc\u00a0\u00bb text_weight=\u00a0\u00bb800&Prime; text_transform=\u00a0\u00bbuppercase\u00a0\u00bb uncode_shortcode_id=\u00a0\u00bb118967&Prime; text_color_type=\u00a0\u00bbuncode-palette\u00a0\u00bb]Fiches techniques[\/vc_custom_heading][uncode_list icon=\u00a0\u00bbfa fa-file-text-o\u00a0\u00bb icon_color=\u00a0\u00bbcolor-133734&Prime; uncode_shortcode_id=\u00a0\u00bb134006&Prime; icon_color_type=\u00a0\u00bbuncode-palette\u00a0\u00bb]<strong>CAPTEURS SPYNEL<\/strong><\/p>\n<ul>\n<li><a href=\"https:\/\/hgh-infrared.com\/wp-content\/uploads\/2025\/10\/Leaflet_Spynel_X_HGH_FR-1.pdf\" target=\"_blank\" rel=\"noopener\">SPYNEL-X<\/a><\/li>\n<li><a href=\"https:\/\/hgh-infrared.com\/wp-content\/uploads\/2025\/10\/Leaflet_Spynel_S_HGH_FR-1.pdf\" target=\"_blank\" rel=\"noopener\">SPYNEL-S<\/a><\/li>\n<li><a href=\"https:\/\/hgh-infrared.com\/wp-content\/uploads\/2025\/10\/Leaflet_Spynel_U_HGH_EN-1.pdf\" target=\"_blank\" rel=\"noopener\">SPYNEL-U<\/a><\/li>\n<li><a href=\"https:\/\/hgh-infrared.com\/wp-content\/uploads\/2025\/10\/Leaflet_Spynel_M_HGH_FR-1.pdf\" target=\"_blank\" rel=\"noopener\">SPYNEL-M<\/a><\/li>\n<li><a href=\"https:\/\/hgh-infrared.com\/wp-content\/uploads\/2025\/10\/Leaflet_Spynel_F_HGH_LR.pdf\" target=\"_blank\" rel=\"noopener\">SPYNEL-F<\/a><\/li>\n<li><a href=\"https:\/\/hgh-infrared.com\/wp-content\/uploads\/2025\/10\/catalogue_spynelseries_lr_v1_FR-2.pdf\" target=\"_blank\" rel=\"noopener\">S\u00e9rie SPYNEL<\/a><\/li>\n<\/ul>\n<p>[\/uncode_list][vc_empty_space empty_h=\u00a0\u00bb1&Prime;][uncode_list icon=\u00a0\u00bbfa fa-file-text-o\u00a0\u00bb icon_color=\u00a0\u00bbcolor-133734&Prime; uncode_shortcode_id=\u00a0\u00bb177624&Prime; icon_color_type=\u00a0\u00bbuncode-palette\u00a0\u00bb]<strong>LOGICIEL CYCLOPE<\/strong><\/p>\n<ul>\n<li><a href=\"https:\/\/hgh-infrared.com\/wp-content\/uploads\/2025\/10\/Leaflet_Cyclope_HGH_FR_al1_print.pdf\" target=\"_blank\" rel=\"noopener\">CYCLOPE Software<\/a><\/li>\n<li><a href=\"https:\/\/hgh-infrared.com\/wp-content\/uploads\/2025\/10\/Leaflet_Cyclope_hypervisor_HGH_EN-1.pdf\" target=\"_blank\" rel=\"noopener\">CYCLOPE Hypervisor Software<\/a><\/li>\n<li><a href=\"https:\/\/hgh-infrared.com\/wp-content\/uploads\/2025\/10\/Leaflet_Spynel_GAIA_HGH_EN.pdf\" target=\"_blank\" rel=\"noopener\">Intelligence artificielle GAIA<\/a><\/li>\n<\/ul>\n<p>[\/uncode_list][vc_custom_heading text_color=\u00a0\u00bbcolor-jevc\u00a0\u00bb text_weight=\u00a0\u00bb800&Prime; text_transform=\u00a0\u00bbuppercase\u00a0\u00bb uncode_shortcode_id=\u00a0\u00bb139984&Prime; text_color_type=\u00a0\u00bbuncode-palette\u00a0\u00bb]t\u00e9moignages[\/vc_custom_heading][uncode_list icon=\u00a0\u00bbfa fa-file-text-o\u00a0\u00bb icon_color=\u00a0\u00bbcolor-133734&Prime; uncode_shortcode_id=\u00a0\u00bb209457&Prime; icon_color_type=\u00a0\u00bbuncode-palette\u00a0\u00bb]<strong>PROTECTION DES INFRASTRUCTURES CRITIQUES<\/strong><\/p>\n<ul>\n<li><a href=\"https:\/\/hgh-infrared.com\/wp-content\/uploads\/2025\/03\/testimony_brassets_group.pdf\" target=\"_blank\" rel=\"noopener\">Groupe Brassets<\/a> Steve Brass, Directeur g\u00e9n\u00e9ral<\/li>\n<\/ul>\n<p>[\/uncode_list][\/vc_column][vc_column width=\u00a0\u00bb1\/2&Prime;][vc_custom_heading text_color=\u00a0\u00bbcolor-jevc\u00a0\u00bb text_weight=\u00a0\u00bb800&Prime; text_transform=\u00a0\u00bbuppercase\u00a0\u00bb uncode_shortcode_id=\u00a0\u00bb113999&Prime; text_color_type=\u00a0\u00bbuncode-palette\u00a0\u00bb]\u00c9tudes de cas[\/vc_custom_heading][uncode_list icon=\u00a0\u00bbfa fa-document\u00a0\u00bb icon_color=\u00a0\u00bbcolor-133734&Prime; uncode_shortcode_id=\u00a0\u00bb875726&Prime; icon_color_type=\u00a0\u00bbuncode-palette\u00a0\u00bb]<strong>S\u00c9CURIT\u00c9 AEROPORTUAIRE<\/strong><\/p>\n<ul>\n<li><a href=\"https:\/\/hgh-infrared.com\/wp-content\/uploads\/2025\/01\/case_study_airport_surveillance.pdf\">Surveillance p\u00e9rim\u00e9trique de l&rsquo;a\u00e9roport<\/a><\/li>\n<\/ul>\n<p>[\/uncode_list][vc_empty_space empty_h=\u00a0\u00bb1&Prime;][uncode_list icon=\u00a0\u00bbfa fa-document\u00a0\u00bb icon_color=\u00a0\u00bbcolor-133734&Prime; uncode_shortcode_id=\u00a0\u00bb125336&Prime; icon_color_type=\u00a0\u00bbuncode-palette\u00a0\u00bb]<strong>S\u00c9CURIT\u00c9 DES PLATES-FORMES P\u00c9TROLI\u00c8RES ET GAZI\u00c8RES<\/strong><\/p>\n<ul>\n<li><a href=\"https:\/\/hgh-infrared.com\/wp-content\/uploads\/2025\/01\/case_study_oil__gas.pdf\">S\u00e9curit\u00e9 des plates-formes p\u00e9troli\u00e8res et gazi\u00e8res<\/a><\/li>\n<li><a href=\"https:\/\/hgh-infrared.com\/wp-content\/uploads\/2025\/01\/HGH_CaseStudy_SP_oilgaz.pdf\">S\u00e9curisation des sites p\u00e9troliers et gaziers<\/a><\/li>\n<li><a href=\"https:\/\/hgh-infrared.com\/wp-content\/uploads\/2025\/01\/case_study_offshore-platform.pdf\">S\u00e9curisation de la plate-forme offshore FLNG<\/a><\/li>\n<li><a href=\"https:\/\/hgh-infrared.com\/wp-content\/uploads\/2025\/10\/casestudy_gascompressorstationsurveillance_hr_v1_en.pdf\">Surveillance des stations de compression de gaz<\/a><\/li>\n<\/ul>\n<p>[\/uncode_list][vc_empty_space empty_h=\u00a0\u00bb1&Prime;][uncode_list icon=\u00a0\u00bbfa fa-document\u00a0\u00bb icon_color=\u00a0\u00bbcolor-133734&Prime; uncode_shortcode_id=\u00a0\u00bb447079&Prime; icon_color_type=\u00a0\u00bbuncode-palette\u00a0\u00bb]<strong>NAVAL<\/strong><\/p>\n<ul>\n<li><a href=\"https:\/\/hgh-infrared.com\/wp-content\/uploads\/2025\/01\/HGH_CaseStudy_IRST_Ship_Self_protection.pdf\">Bulle passive de protection autour des navires de guerre<\/a><\/li>\n<li><a href=\"https:\/\/hgh-infrared.com\/wp-content\/uploads\/2025\/01\/case_study_Ships-protection.pdf\">Autoprotection des navires<\/a><\/li>\n<li><a href=\"https:\/\/hgh-infrared.com\/wp-content\/uploads\/2025\/01\/case_study_Naval-base-360-surveillance.pdf\">Surveillance des bases navales<\/a><\/li>\n<\/ul>\n<p>[\/uncode_list][vc_empty_space empty_h=\u00a0\u00bb1&Prime;][uncode_list icon=\u00a0\u00bbfa fa-document\u00a0\u00bb icon_color=\u00a0\u00bbaccent\u00a0\u00bb uncode_shortcode_id=\u00a0\u00bb141791&Prime; icon_color_type=\u00a0\u00bbuncode-palette\u00a0\u00bb]<strong>D\u00c9FENSE<\/strong><\/p>\n<ul>\n<li><a href=\"https:\/\/hgh-infrared.com\/wp-content\/uploads\/2025\/01\/HGH_CaseStudy_SP_FOB.pdf\">Protection de base op\u00e9rationnelle avanc\u00e9e (FOB)<\/a><\/li>\n<li><a href=\"https:\/\/hgh-infrared.com\/wp-content\/uploads\/2025\/01\/case_study_special_forces.pdf\">Applications pour les forces sp\u00e9ciales<\/a><\/li>\n<li><a href=\"https:\/\/hgh-infrared.com\/wp-content\/uploads\/2025\/01\/case_study_Military-Air-Base-Perimeter-Monitoring.pdf\">Surveillance du p\u00e9rim\u00e8tre des bases a\u00e9riennes militaires<\/a><\/li>\n<li><a href=\"https:\/\/hgh-infrared.com\/wp-content\/uploads\/2025\/01\/case_study_ground_based_air_surveillance.pdf\">Surveillance a\u00e9rienne au sol pour la d\u00e9fense a\u00e9rienne<\/a><\/li>\n<li><a href=\"https:\/\/hgh-infrared.com\/wp-content\/uploads\/2025\/10\/casestudy_protectingconvoys_LR_v1_EN.pdf\">Surveillance mobile sur v\u00e9hicule<\/a><\/li>\n<\/ul>\n<p>[\/uncode_list][vc_empty_space empty_h=\u00a0\u00bb1&Prime;][uncode_list icon=\u00a0\u00bbfa fa-document\u00a0\u00bb icon_color=\u00a0\u00bbaccent\u00a0\u00bb uncode_shortcode_id=\u00a0\u00bb139081&Prime; icon_color_type=\u00a0\u00bbuncode-palette\u00a0\u00bb]<strong>SURVEILLANCE DES PORTS ET DES C\u00d4TES<\/strong><\/p>\n<ul>\n<li><a href=\"https:\/\/hgh-infrared.com\/wp-content\/uploads\/2025\/01\/HGH_CaseStudy_SP_port.pdf\">Surveillance portuaire en temps r\u00e9el 24\/7<\/a><\/li>\n<li><a href=\"https:\/\/hgh-infrared.com\/wp-content\/uploads\/2025\/01\/case_study_Strengthening-Maritime-Security.pdf\">Renforcement de la surveillance c\u00f4ti\u00e8re d&rsquo;une \u00eele continentale <\/a><\/li>\n<\/ul>\n<p>[\/uncode_list][vc_empty_space empty_h=\u00a0\u00bb1&Prime;][vc_empty_space empty_h=\u00a0\u00bb1&Prime;][uncode_list icon=\u00a0\u00bbfa fa-document\u00a0\u00bb icon_color=\u00a0\u00bbaccent\u00a0\u00bb uncode_shortcode_id=\u00a0\u00bb208287&Prime; icon_color_type=\u00a0\u00bbuncode-palette\u00a0\u00bb]<strong>AUTRES APPLICATIONS DE S\u00c9CURIT\u00c9<\/strong><\/p>\n<ul>\n<li><a href=\"https:\/\/hgh-infrared.com\/wp-content\/uploads\/2025\/01\/HGH_CaseStudy_Spynel_DroneUAVDetection.pdf\">D\u00e9tection et pistage d&rsquo;essais de drones<\/a><\/li>\n<li><a href=\"https:\/\/hgh-infrared.com\/wp-content\/uploads\/2025\/01\/case_study_electrical_power_substation.pdf\">S\u00e9curit\u00e9 des sous-stations \u00e9lectriques<\/a><\/li>\n<li><a href=\"https:\/\/hgh-infrared.com\/wp-content\/uploads\/2025\/01\/case_study_AntiPoaching.pdf\">Surveillance de la faune et lutte contre le braconnage<\/a><\/li>\n<li><a href=\"https:\/\/hgh-infrared.com\/wp-content\/uploads\/2025\/01\/Mega_yachts_ecurity_HGHSpynel_Case_Study.pdf\">S\u00e9curit\u00e9 des m\u00e9ga-yachts<\/a><\/li>\n<\/ul>\n<p>[\/uncode_list][\/vc_column][\/vc_row]<\/p>\n<\/div>","protected":false},"excerpt":{"rendered":"<p>[vc_row row_height_percent=\u00a0\u00bb0&Prime; override_padding=\u00a0\u00bbyes\u00a0\u00bb h_padding=\u00a0\u00bb2&Prime; top_padding=\u00a0\u00bb2&Prime; bottom_padding=\u00a0\u00bb2&Prime; back_color=\u00a0\u00bbcolor-jevc\u00a0\u00bb back_image=\u00a0\u00bb140466&Prime; back_repeat=\u00a0\u00bbno-repeat\u00a0\u00bb back_position=\u00a0\u00bbleft bottom\u00a0\u00bb overlay_alpha=\u00a0\u00bb50&Prime; gutter_size=\u00a0\u00bb3&Prime; column_width_percent=\u00a0\u00bb100&Prime; shift_y=\u00a0\u00bb0&Prime; z_index=\u00a0\u00bb0&Prime; content_parallax=\u00a0\u00bb0&Prime; uncode_shortcode_id=\u00a0\u00bb338148&Prime; back_color_type=\u00a0\u00bbuncode-palette\u00a0\u00bb row_height_pixel=\u00a0\u00bb220&Prime;][vc_column [&hellip;]<\/p>\n","protected":false},"author":8,"featured_media":0,"parent":167761,"menu_order":0,"comment_status":"closed","ping_status":"closed","template":"","meta":{"footnotes":""},"class_list":["post-163497","page","type-page","status-publish","hentry"],"_links":{"self":[{"href":"https:\/\/hgh-infrared.com\/fr\/wp-json\/wp\/v2\/pages\/163497","targetHints":{"allow":["GET"]}}],"collection":[{"href":"https:\/\/hgh-infrared.com\/fr\/wp-json\/wp\/v2\/pages"}],"about":[{"href":"https:\/\/hgh-infrared.com\/fr\/wp-json\/wp\/v2\/types\/page"}],"author":[{"embeddable":true,"href":"https:\/\/hgh-infrared.com\/fr\/wp-json\/wp\/v2\/users\/8"}],"replies":[{"embeddable":true,"href":"https:\/\/hgh-infrared.com\/fr\/wp-json\/wp\/v2\/comments?post=163497"}],"version-history":[{"count":33,"href":"https:\/\/hgh-infrared.com\/fr\/wp-json\/wp\/v2\/pages\/163497\/revisions"}],"predecessor-version":[{"id":168005,"href":"https:\/\/hgh-infrared.com\/fr\/wp-json\/wp\/v2\/pages\/163497\/revisions\/168005"}],"up":[{"embeddable":true,"href":"https:\/\/hgh-infrared.com\/fr\/wp-json\/wp\/v2\/pages\/167761"}],"wp:attachment":[{"href":"https:\/\/hgh-infrared.com\/fr\/wp-json\/wp\/v2\/media?parent=163497"}],"curies":[{"name":"wp","href":"https:\/\/api.w.org\/{rel}","templated":true}]}}