{"id":167751,"date":"2023-12-09T09:37:59","date_gmt":"2023-12-09T09:37:59","guid":{"rendered":"https:\/\/hgh-infrared.com\/services\/"},"modified":"2026-02-11T12:49:25","modified_gmt":"2026-02-11T12:49:25","slug":"services","status":"publish","type":"page","link":"https:\/\/hgh-infrared.com\/fr\/was\/services\/","title":{"rendered":"Support &amp; Services"},"content":{"rendered":"<div class=\"wpb-content-wrapper\"><p>[vc_row unlock_row_content=\u00a0\u00bbyes\u00a0\u00bb row_height_percent=\u00a0\u00bb0&Prime; override_padding=\u00a0\u00bbyes\u00a0\u00bb h_padding=\u00a0\u00bb3&Prime; top_padding=\u00a0\u00bb2&Prime; bottom_padding=\u00a0\u00bb2&Prime; back_image=\u00a0\u00bb2087&Prime; overlay_alpha=\u00a0\u00bb50&Prime; gutter_size=\u00a0\u00bb3&Prime; column_width_percent=\u00a0\u00bb100&Prime; shift_y=\u00a0\u00bb0&Prime; z_index=\u00a0\u00bb0&Prime; content_parallax=\u00a0\u00bb0&Prime; uncode_shortcode_id=\u00a0\u00bb896090&Prime; row_height_pixel=\u00a0\u00bb184&Prime; css=\u00a0\u00bb.vc_custom_1764288187766{margin-bottom: 20px !important;}\u00a0\u00bb el_class=\u00a0\u00bbsubtitles-was\u00a0\u00bb][vc_column column_width_percent=\u00a0\u00bb100&Prime; position_vertical=\u00a0\u00bbmiddle\u00a0\u00bb gutter_size=\u00a0\u00bb1&Prime; style=\u00a0\u00bbdark\u00a0\u00bb overlay_alpha=\u00a0\u00bb50&Prime; shift_x=\u00a0\u00bb0&Prime; shift_y=\u00a0\u00bb0&Prime; shift_y_down=\u00a0\u00bb0&Prime; z_index=\u00a0\u00bb0&Prime; medium_width=\u00a0\u00bb0&Prime; mobile_width=\u00a0\u00bb0&Prime; width=\u00a0\u00bb1\/1&Prime; uncode_shortcode_id=\u00a0\u00bb193271&Prime;][uncode_breadcrumbs el_class=\u00a0\u00bbbreadcrumbs-was\u00a0\u00bb][vc_custom_heading text_color=\u00a0\u00bbcolor-xsdn\u00a0\u00bb heading_semantic=\u00a0\u00bbh1&Prime; text_weight=\u00a0\u00bb800&Prime; uncode_shortcode_id=\u00a0\u00bb125049&Prime; text_color_type=\u00a0\u00bbuncode-palette\u00a0\u00bb]Services[\/vc_custom_heading][vc_column_text uncode_shortcode_id=\u00a0\u00bb424539&Prime;]La satisfaction client est notre premi\u00e8re priorit\u00e9. Afin d\u2019offrir le meilleur service possible chaque jour, nous nous engageons \u00e0 apporter notre expertise et notre approche proactive \u00e0 nos clients.[\/vc_column_text][\/vc_column][\/vc_row][vc_row unlock_row_content=\u00a0\u00bbyes\u00a0\u00bb row_height_percent=\u00a0\u00bb0&Prime; override_padding=\u00a0\u00bbyes\u00a0\u00bb h_padding=\u00a0\u00bb0&Prime; top_padding=\u00a0\u00bb0&Prime; bottom_padding=\u00a0\u00bb0&Prime; back_image=\u00a0\u00bb2095&Prime; overlay_alpha=\u00a0\u00bb50&Prime; gutter_size=\u00a0\u00bb2&Prime; column_width_percent=\u00a0\u00bb100&Prime; shift_y=\u00a0\u00bb0&Prime; z_index=\u00a0\u00bb0&Prime; content_parallax=\u00a0\u00bb0&Prime; uncode_shortcode_id=\u00a0\u00bb678429&Prime; css=\u00a0\u00bb.vc_custom_1764288195700{margin-bottom: 20px !important;}\u00a0\u00bb row_height_pixel=\u00a0\u00bb300&Prime; el_class=\u00a0\u00bboverlay-mobile-background subtitles-was\u00a0\u00bb][vc_column column_width_percent=\u00a0\u00bb100&Prime; position_vertical=\u00a0\u00bbmiddle\u00a0\u00bb gutter_size=\u00a0\u00bb1&Prime; override_padding=\u00a0\u00bbyes\u00a0\u00bb column_padding=\u00a0\u00bb3&Prime; style=\u00a0\u00bbdark\u00a0\u00bb overlay_alpha=\u00a0\u00bb0&Prime; shift_x=\u00a0\u00bb0&Prime; shift_y=\u00a0\u00bb0&Prime; shift_y_down=\u00a0\u00bb0&Prime; z_index=\u00a0\u00bb0&Prime; medium_width=\u00a0\u00bb0&Prime; mobile_width=\u00a0\u00bb0&Prime; width=\u00a0\u00bb1\/2&Prime; uncode_shortcode_id=\u00a0\u00bb811045&Prime;][vc_custom_heading text_color=\u00a0\u00bbcolor-xsdn\u00a0\u00bb text_weight=\u00a0\u00bb800&Prime; uncode_shortcode_id=\u00a0\u00bb211840&Prime; text_color_type=\u00a0\u00bbuncode-palette\u00a0\u00bb]MAINTENANCE[\/vc_custom_heading][vc_column_text text_color=\u00a0\u00bbcolor-xsdn\u00a0\u00bb uncode_shortcode_id=\u00a0\u00bb205630&Prime; text_color_type=\u00a0\u00bbuncode-palette\u00a0\u00bb]Besoin de maintenance ou de pi\u00e8ces d\u00e9tach\u00e9es ?<br \/>\nContactez nos experts d\u00e8s maintenant ![\/vc_column_text][vc_empty_space empty_h=\u00a0\u00bb2&Prime;][vc_button button_color=\u00a0\u00bbcolor-xsdn\u00a0\u00bb size=\u00a0\u00bbbtn-sm\u00a0\u00bb radius=\u00a0\u00bbbtn-round\u00a0\u00bb hover_fx=\u00a0\u00bboutlined\u00a0\u00bb outline=\u00a0\u00bbyes\u00a0\u00bb custom_typo=\u00a0\u00bbyes\u00a0\u00bb font_family=\u00a0\u00bbfont-555555&Prime; font_weight=\u00a0\u00bb700&Prime; text_transform=\u00a0\u00bbuppercase\u00a0\u00bb border_width=\u00a0\u00bb0&Prime; display=\u00a0\u00bbinline\u00a0\u00bb button_color_type=\u00a0\u00bbuncode-palette\u00a0\u00bb uncode_shortcode_id=\u00a0\u00bb125345&Prime; el_id=\u00a0\u00bbbtn-outline-white\u00a0\u00bb link=\u00a0\u00bburl:https%3A%2F%2Fhgh-infrared.com%2Ffr%2Fcontact%2F|title:Contact|target:_blank|\u00a0\u00bb]CONTACTEZ NOUS[\/vc_button][\/vc_column][\/vc_row][vc_row unlock_row_content=\u00a0\u00bbyes\u00a0\u00bb row_height_percent=\u00a0\u00bb0&Prime; override_padding=\u00a0\u00bbyes\u00a0\u00bb h_padding=\u00a0\u00bb0&Prime; top_padding=\u00a0\u00bb0&Prime; bottom_padding=\u00a0\u00bb0&Prime; back_image=\u00a0\u00bb2122&Prime; overlay_alpha=\u00a0\u00bb50&Prime; gutter_size=\u00a0\u00bb2&Prime; column_width_percent=\u00a0\u00bb100&Prime; shift_y=\u00a0\u00bb0&Prime; z_index=\u00a0\u00bb0&Prime; content_parallax=\u00a0\u00bb0&Prime; uncode_shortcode_id=\u00a0\u00bb191382&Prime; row_height_pixel=\u00a0\u00bb300px\u00a0\u00bb css=\u00a0\u00bb.vc_custom_1764288200949{margin-bottom: 20px !important;}\u00a0\u00bb el_class=\u00a0\u00bbsubtitles-was\u00a0\u00bb][vc_column column_width_percent=\u00a0\u00bb100&Prime; position_vertical=\u00a0\u00bbmiddle\u00a0\u00bb gutter_size=\u00a0\u00bb1&Prime; override_padding=\u00a0\u00bbyes\u00a0\u00bb column_padding=\u00a0\u00bb3&Prime; overlay_alpha=\u00a0\u00bb50&Prime; shift_x=\u00a0\u00bb0&Prime; shift_y=\u00a0\u00bb0&Prime; shift_y_down=\u00a0\u00bb0&Prime; z_index=\u00a0\u00bb0&Prime; medium_width=\u00a0\u00bb0&Prime; mobile_width=\u00a0\u00bb0&Prime; width=\u00a0\u00bb1\/1&Prime; uncode_shortcode_id=\u00a0\u00bb127838&Prime;][vc_custom_heading text_color=\u00a0\u00bbcolor-xsdn\u00a0\u00bb text_weight=\u00a0\u00bb800&Prime; uncode_shortcode_id=\u00a0\u00bb246455&Prime; text_color_type=\u00a0\u00bbuncode-palette\u00a0\u00bb]ASSISTANCE \/ FORMATION[\/vc_custom_heading][vc_column_text text_color=\u00a0\u00bbcolor-xsdn\u00a0\u00bb uncode_shortcode_id=\u00a0\u00bb160566&Prime; text_color_type=\u00a0\u00bbuncode-palette\u00a0\u00bb]Besoin d\u2019assistance ?<br \/>\nL\u2019\u00e9quipe de support de HGH fournit une assistance technique r\u00e9active, \u00e0 distance ou directement sur votre site.<br \/>\nNotre personnel qualifi\u00e9 est l\u00e0 pour r\u00e9soudre rapidement vos probl\u00e8mes techniques et ajuster votre syst\u00e8me SPYNEL.<br \/>\nContactez notre \u00e9quipe de support pour la surveillance de zones \u00e9tendues maintenant ![\/vc_column_text][vc_empty_space empty_h=\u00a0\u00bb2&Prime;][vc_button button_color=\u00a0\u00bbcolor-xsdn\u00a0\u00bb size=\u00a0\u00bbbtn-sm\u00a0\u00bb radius=\u00a0\u00bbbtn-round\u00a0\u00bb hover_fx=\u00a0\u00bboutlined\u00a0\u00bb outline=\u00a0\u00bbyes\u00a0\u00bb custom_typo=\u00a0\u00bbyes\u00a0\u00bb font_family=\u00a0\u00bbfont-555555&Prime; font_weight=\u00a0\u00bb700&Prime; text_transform=\u00a0\u00bbuppercase\u00a0\u00bb border_width=\u00a0\u00bb0&Prime; display=\u00a0\u00bbinline\u00a0\u00bb button_color_type=\u00a0\u00bbuncode-palette\u00a0\u00bb uncode_shortcode_id=\u00a0\u00bb301500&Prime; el_id=\u00a0\u00bbbtn-outline-white\u00a0\u00bb link=\u00a0\u00bburl:mailto%3ASupportWAS%40hgh-infrared.com|target:_blank|\u00a0\u00bb]CONTACTEZ LE SUPPORT[\/vc_button][vc_button button_color=\u00a0\u00bbcolor-723477&Prime; size=\u00a0\u00bbbtn-sm\u00a0\u00bb radius=\u00a0\u00bbbtn-round\u00a0\u00bb hover_fx=\u00a0\u00bboutlined\u00a0\u00bb custom_typo=\u00a0\u00bbyes\u00a0\u00bb font_family=\u00a0\u00bbfont-555555&Prime; font_weight=\u00a0\u00bb700&Prime; text_transform=\u00a0\u00bbuppercase\u00a0\u00bb border_width=\u00a0\u00bb0&Prime; display=\u00a0\u00bbinline\u00a0\u00bb button_color_type=\u00a0\u00bbuncode-palette\u00a0\u00bb uncode_shortcode_id=\u00a0\u00bb994055&Prime; link=\u00a0\u00bburl:https%3A%2F%2Fhgh-infrared.com%2Fwp-content%2Fuploads%2F2025%2F10%2FLeaflet_Spynel-Series_2025_LR.pdf|target:_blank\u00a0\u00bb]T\u00e9l\u00e9charger la brochure[\/vc_button][\/vc_column][\/vc_row][vc_row unlock_row_content=\u00a0\u00bbyes\u00a0\u00bb row_height_percent=\u00a0\u00bb0&Prime; override_padding=\u00a0\u00bbyes\u00a0\u00bb h_padding=\u00a0\u00bb0&Prime; top_padding=\u00a0\u00bb0&Prime; bottom_padding=\u00a0\u00bb0&Prime; overlay_alpha=\u00a0\u00bb50&Prime; equal_height=\u00a0\u00bbyes\u00a0\u00bb gutter_size=\u00a0\u00bb2&Prime; column_width_percent=\u00a0\u00bb100&Prime; shift_y=\u00a0\u00bb0&Prime; z_index=\u00a0\u00bb0&Prime; content_parallax=\u00a0\u00bb0&Prime; uncode_shortcode_id=\u00a0\u00bb183905&Prime; row_height_pixel=\u00a0\u00bb300&Prime; css=\u00a0\u00bb.vc_custom_1764288206395{margin-bottom: 18px !important;}\u00a0\u00bb el_class=\u00a0\u00bbsubtitles-was\u00a0\u00bb][vc_column column_width_percent=\u00a0\u00bb100&Prime; position_vertical=\u00a0\u00bbmiddle\u00a0\u00bb gutter_size=\u00a0\u00bb1&Prime; override_padding=\u00a0\u00bbyes\u00a0\u00bb column_padding=\u00a0\u00bb3&Prime; back_image=\u00a0\u00bb132131&Prime; overlay_alpha=\u00a0\u00bb50&Prime; shift_x=\u00a0\u00bb0&Prime; shift_y=\u00a0\u00bb0&Prime; shift_y_down=\u00a0\u00bb0&Prime; z_index=\u00a0\u00bb0&Prime; medium_width=\u00a0\u00bb0&Prime; mobile_width=\u00a0\u00bb0&Prime; width=\u00a0\u00bb1\/2&Prime; uncode_shortcode_id=\u00a0\u00bb923098&Prime;][vc_custom_heading text_color=\u00a0\u00bbcolor-xsdn\u00a0\u00bb text_weight=\u00a0\u00bb800&Prime; uncode_shortcode_id=\u00a0\u00bb857038&Prime; text_color_type=\u00a0\u00bbuncode-palette\u00a0\u00bb]MISES A JOUR DES LOGICIELS[\/vc_custom_heading][vc_column_text text_color=\u00a0\u00bbcolor-xsdn\u00a0\u00bb uncode_shortcode_id=\u00a0\u00bb126219&Prime; text_color_type=\u00a0\u00bbuncode-palette\u00a0\u00bb]Vous souhaitez mettre \u00e0 jour votre logiciel ou ajouter des options \u00e0 votre logiciel Cyclope ?<br \/>\nContactez notre support d\u00e8s maintenant ![\/vc_column_text][vc_empty_space empty_h=\u00a0\u00bb2&Prime;][vc_button button_color=\u00a0\u00bbcolor-xsdn\u00a0\u00bb size=\u00a0\u00bbbtn-sm\u00a0\u00bb radius=\u00a0\u00bbbtn-round\u00a0\u00bb hover_fx=\u00a0\u00bboutlined\u00a0\u00bb outline=\u00a0\u00bbyes\u00a0\u00bb custom_typo=\u00a0\u00bbyes\u00a0\u00bb font_family=\u00a0\u00bbfont-555555&Prime; font_weight=\u00a0\u00bb700&Prime; text_transform=\u00a0\u00bbuppercase\u00a0\u00bb border_width=\u00a0\u00bb0&Prime; display=\u00a0\u00bbinline\u00a0\u00bb button_color_type=\u00a0\u00bbuncode-palette\u00a0\u00bb uncode_shortcode_id=\u00a0\u00bb113889&Prime; el_id=\u00a0\u00bbbtn-outline-white\u00a0\u00bb link=\u00a0\u00bburl:https%3A%2F%2Fhgh-infrared.com%2Ffr%2Fcontact%2F|target:_blank|\u00a0\u00bb]CONTACTEZ NOUS[\/vc_button][vc_button button_color=\u00a0\u00bbcolor-723477&Prime; size=\u00a0\u00bbbtn-sm\u00a0\u00bb radius=\u00a0\u00bbbtn-round\u00a0\u00bb hover_fx=\u00a0\u00bboutlined\u00a0\u00bb custom_typo=\u00a0\u00bbyes\u00a0\u00bb font_family=\u00a0\u00bbfont-555555&Prime; font_weight=\u00a0\u00bb700&Prime; text_transform=\u00a0\u00bbuppercase\u00a0\u00bb border_width=\u00a0\u00bb0&Prime; display=\u00a0\u00bbinline\u00a0\u00bb button_color_type=\u00a0\u00bbuncode-palette\u00a0\u00bb uncode_shortcode_id=\u00a0\u00bb196440&Prime; link=\u00a0\u00bburl:https%3A%2F%2Fhgh-infrared.com%2Ffr%2Fwas%2Fapplications-de-defense%2Fsurveillance-des-bases-navales%2F|title:Cyclope|target:_blank\u00a0\u00bb]LOGICIEL CYCLOPE[\/vc_button][\/vc_column][vc_column column_width_percent=\u00a0\u00bb100&Prime; position_vertical=\u00a0\u00bbmiddle\u00a0\u00bb gutter_size=\u00a0\u00bb1&Prime; override_padding=\u00a0\u00bbyes\u00a0\u00bb column_padding=\u00a0\u00bb3&Prime; back_color=\u00a0\u00bbcolor-jevc\u00a0\u00bb back_image=\u00a0\u00bb132195&Prime; overlay_alpha=\u00a0\u00bb50&Prime; shift_x=\u00a0\u00bb0&Prime; shift_y=\u00a0\u00bb0&Prime; shift_y_down=\u00a0\u00bb0&Prime; z_index=\u00a0\u00bb0&Prime; medium_width=\u00a0\u00bb0&Prime; mobile_width=\u00a0\u00bb0&Prime; width=\u00a0\u00bb1\/2&Prime; uncode_shortcode_id=\u00a0\u00bb461158&Prime; back_color_type=\u00a0\u00bbuncode-palette\u00a0\u00bb][vc_custom_heading text_color=\u00a0\u00bbcolor-xsdn\u00a0\u00bb text_weight=\u00a0\u00bb800&Prime; uncode_shortcode_id=\u00a0\u00bb567146&Prime; text_color_type=\u00a0\u00bbuncode-palette\u00a0\u00bb]EXTENSION DE GARANTIE[\/vc_custom_heading][vc_column_text text_color=\u00a0\u00bbcolor-xsdn\u00a0\u00bb uncode_shortcode_id=\u00a0\u00bb140640&Prime; text_color_type=\u00a0\u00bbuncode-palette\u00a0\u00bb]Besoin d\u2019\u00e9tendre la garantie sur l\u2019un de vos SPYNEL ou sur l\u2019ensemble de votre flotte ?<br \/>\nN\u2019h\u00e9sitez pas \u00e0 nous contacter ![\/vc_column_text][vc_empty_space empty_h=\u00a0\u00bb2&Prime;][vc_button button_color=\u00a0\u00bbcolor-xsdn\u00a0\u00bb size=\u00a0\u00bbbtn-sm\u00a0\u00bb radius=\u00a0\u00bbbtn-round\u00a0\u00bb hover_fx=\u00a0\u00bboutlined\u00a0\u00bb outline=\u00a0\u00bbyes\u00a0\u00bb custom_typo=\u00a0\u00bbyes\u00a0\u00bb font_family=\u00a0\u00bbfont-555555&Prime; font_weight=\u00a0\u00bb700&Prime; text_transform=\u00a0\u00bbuppercase\u00a0\u00bb border_width=\u00a0\u00bb0&Prime; display=\u00a0\u00bbinline\u00a0\u00bb button_color_type=\u00a0\u00bbuncode-palette\u00a0\u00bb uncode_shortcode_id=\u00a0\u00bb192642&Prime; el_id=\u00a0\u00bbbtn-outline-white\u00a0\u00bb link=\u00a0\u00bburl:https%3A%2F%2Fhgh-infrared.com%2Ffr%2Fcontact%2F|target:_blank|\u00a0\u00bb]CONTACTEZ NOUS[\/vc_button][\/vc_column][\/vc_row][vc_row unlock_row_content=\u00a0\u00bbyes\u00a0\u00bb row_height_percent=\u00a0\u00bb0&Prime; overlay_alpha=\u00a0\u00bb50&Prime; gutter_size=\u00a0\u00bb3&Prime; column_width_percent=\u00a0\u00bb100&Prime; shift_y=\u00a0\u00bb0&Prime; z_index=\u00a0\u00bb0&Prime; content_parallax=\u00a0\u00bb0&Prime; uncode_shortcode_id=\u00a0\u00bb219626&Prime;][vc_column width=\u00a0\u00bb1\/1&Prime;][uncode_block id=\u00a0\u00bb131062&Prime;][\/vc_column][\/vc_row]<\/p>\n<\/div>","protected":false},"excerpt":{"rendered":"<p>[vc_row unlock_row_content=\u00a0\u00bbyes\u00a0\u00bb row_height_percent=\u00a0\u00bb0&Prime; override_padding=\u00a0\u00bbyes\u00a0\u00bb h_padding=\u00a0\u00bb3&Prime; top_padding=\u00a0\u00bb2&Prime; bottom_padding=\u00a0\u00bb2&Prime; back_image=\u00a0\u00bb2087&Prime; overlay_alpha=\u00a0\u00bb50&Prime; gutter_size=\u00a0\u00bb3&Prime; column_width_percent=\u00a0\u00bb100&Prime; shift_y=\u00a0\u00bb0&Prime; z_index=\u00a0\u00bb0&Prime; content_parallax=\u00a0\u00bb0&Prime; uncode_shortcode_id=\u00a0\u00bb896090&Prime; row_height_pixel=\u00a0\u00bb184&Prime; css=\u00a0\u00bb.vc_custom_1764288187766{margin-bottom: 20px !important;}\u00a0\u00bb el_class=\u00a0\u00bbsubtitles-was\u00a0\u00bb][vc_column [&hellip;]<\/p>\n","protected":false},"author":8,"featured_media":0,"parent":167761,"menu_order":0,"comment_status":"closed","ping_status":"closed","template":"","meta":{"footnotes":""},"class_list":["post-167751","page","type-page","status-publish","hentry"],"_links":{"self":[{"href":"https:\/\/hgh-infrared.com\/fr\/wp-json\/wp\/v2\/pages\/167751","targetHints":{"allow":["GET"]}}],"collection":[{"href":"https:\/\/hgh-infrared.com\/fr\/wp-json\/wp\/v2\/pages"}],"about":[{"href":"https:\/\/hgh-infrared.com\/fr\/wp-json\/wp\/v2\/types\/page"}],"author":[{"embeddable":true,"href":"https:\/\/hgh-infrared.com\/fr\/wp-json\/wp\/v2\/users\/8"}],"replies":[{"embeddable":true,"href":"https:\/\/hgh-infrared.com\/fr\/wp-json\/wp\/v2\/comments?post=167751"}],"version-history":[{"count":10,"href":"https:\/\/hgh-infrared.com\/fr\/wp-json\/wp\/v2\/pages\/167751\/revisions"}],"predecessor-version":[{"id":170365,"href":"https:\/\/hgh-infrared.com\/fr\/wp-json\/wp\/v2\/pages\/167751\/revisions\/170365"}],"up":[{"embeddable":true,"href":"https:\/\/hgh-infrared.com\/fr\/wp-json\/wp\/v2\/pages\/167761"}],"wp:attachment":[{"href":"https:\/\/hgh-infrared.com\/fr\/wp-json\/wp\/v2\/media?parent=167751"}],"curies":[{"name":"wp","href":"https:\/\/api.w.org\/{rel}","templated":true}]}}