{"id":168359,"date":"2025-12-10T08:35:47","date_gmt":"2025-12-10T08:35:47","guid":{"rendered":"https:\/\/hgh-infrared.com\/?page_id=168359"},"modified":"2026-04-24T12:58:50","modified_gmt":"2026-04-24T12:58:50","slug":"rse","status":"publish","type":"page","link":"https:\/\/hgh-infrared.com\/fr\/rse\/","title":{"rendered":"RSE"},"content":{"rendered":"<div class=\"wpb-content-wrapper\"><p>[vc_row row_height_percent=\u00a0\u00bb0&Prime; override_padding=\u00a0\u00bbyes\u00a0\u00bb h_padding=\u00a0\u00bb2&Prime; top_padding=\u00a0\u00bb3&Prime; bottom_padding=\u00a0\u00bb3&Prime; back_image=\u00a0\u00bb163111&Prime; back_position=\u00a0\u00bbright bottom\u00a0\u00bb overlay_alpha=\u00a0\u00bb50&Prime; gutter_size=\u00a0\u00bb3&Prime; column_width_percent=\u00a0\u00bb100&Prime; shift_y=\u00a0\u00bb0&Prime; z_index=\u00a0\u00bb0&Prime; content_parallax=\u00a0\u00bb0&Prime; uncode_shortcode_id=\u00a0\u00bb235690&Prime;][vc_column column_width_percent=\u00a0\u00bb100&Prime; position_vertical=\u00a0\u00bbmiddle\u00a0\u00bb gutter_size=\u00a0\u00bb1&Prime; style=\u00a0\u00bbdark\u00a0\u00bb overlay_alpha=\u00a0\u00bb50&Prime; shift_x=\u00a0\u00bb0&Prime; shift_y=\u00a0\u00bb0&Prime; shift_y_down=\u00a0\u00bb0&Prime; z_index=\u00a0\u00bb0&Prime; medium_width=\u00a0\u00bb0&Prime; mobile_width=\u00a0\u00bb0&Prime; width=\u00a0\u00bb1\/1&Prime; uncode_shortcode_id=\u00a0\u00bb848377&Prime;][uncode_breadcrumbs el_class=\u00a0\u00bbbreadcrumbs-corpo\u00a0\u00bb][vc_empty_space empty_h=\u00a0\u00bb1&Prime;][vc_empty_space empty_h=\u00a0\u00bb0&Prime;][vc_custom_heading text_color=\u00a0\u00bbcolor-xsdn\u00a0\u00bb heading_semantic=\u00a0\u00bbp\u00a0\u00bb text_font=\u00a0\u00bbfont-555555&Prime; text_size=\u00a0\u00bbh1&Prime; text_weight=\u00a0\u00bb800&Prime; text_transform=\u00a0\u00bbuppercase\u00a0\u00bb uncode_shortcode_id=\u00a0\u00bb976598&Prime; text_color_type=\u00a0\u00bbuncode-palette\u00a0\u00bb]Responsabilit\u00e9 Soci\u00e9tale des Entreprises[\/vc_custom_heading][\/vc_column][\/vc_row][vc_row row_height_percent=\u00a0\u00bb0&Prime; overlay_alpha=\u00a0\u00bb50&Prime; gutter_size=\u00a0\u00bb3&Prime; column_width_percent=\u00a0\u00bb100&Prime; shift_y=\u00a0\u00bb0&Prime; z_index=\u00a0\u00bb0&Prime; uncode_shortcode_id=\u00a0\u00bb990680&Prime;][vc_column width=\u00a0\u00bb1\/1&Prime;][vc_custom_heading heading_semantic=\u00a0\u00bbh1&Prime; text_weight=\u00a0\u00bb800&Prime; text_transform=\u00a0\u00bblowercase\u00a0\u00bb uncode_shortcode_id=\u00a0\u00bb127626&Prime;]Chez HGH, la Responsabilit\u00e9 Soci\u00e9tale des Entreprises (RSE) est plac\u00e9e au c\u0153ur de la strat\u00e9gie.[\/vc_custom_heading][vc_column_text uncode_shortcode_id=\u00a0\u00bb919706&Prime; el_class=\u00a0\u00bbjustify\u00a0\u00bb]La gouvernance s\u2019inscrit dans les 17 Objectifs de D\u00e9veloppement Durable (ODD) d\u00e9finis par l\u2019ONU \u00e0 horizon 2030. L\u2019engagement de l\u2019entreprise dans cette d\u00e9marche est reconnu par <a href=\"https:\/\/uimm.lafabriquedelavenir.fr\/\" target=\"_blank\" rel=\"noopener\">l\u2019UIMM <\/a>(Union des Industries et M\u00e9tiers de la M\u00e9tallurgie).  <\/p>\n<p>\u00c9galement membre de la commission RSE du <a href=\"https:\/\/gicat.com\/en\/\" target=\"_blank\" rel=\"noopener\">GICAT<\/a>, HGH affiche sa volont\u00e9 de partager, d\u2019apprendre et de contribuer \u00e0 l\u2019am\u00e9lioration collective des pratiques du secteur d\u2019activit\u00e9.[\/vc_column_text][\/vc_column][\/vc_row][vc_row row_height_percent=\u00a0\u00bb0&Prime; overlay_alpha=\u00a0\u00bb50&Prime; gutter_size=\u00a0\u00bb3&Prime; column_width_percent=\u00a0\u00bb100&Prime; shift_y=\u00a0\u00bb0&Prime; z_index=\u00a0\u00bb0&Prime; content_parallax=\u00a0\u00bb0&Prime; uncode_shortcode_id=\u00a0\u00bb520588&Prime; row_name=\u00a0\u00bbmain_challenge\u00a0\u00bb][vc_column width=\u00a0\u00bb1\/1&Prime;][vc_custom_heading uncode_shortcode_id=\u00a0\u00bb772630&Prime;]Une d\u00e9marche tourn\u00e9e vers l\u2019avenir[\/vc_custom_heading][\/vc_column][\/vc_row][vc_row row_height_percent=\u00a0\u00bb0&Prime; override_padding=\u00a0\u00bbyes\u00a0\u00bb h_padding=\u00a0\u00bb2&Prime; top_padding=\u00a0\u00bb1&Prime; bottom_padding=\u00a0\u00bb3&Prime; overlay_alpha=\u00a0\u00bb50&Prime; gutter_size=\u00a0\u00bb3&Prime; column_width_percent=\u00a0\u00bb100&Prime; shift_y=\u00a0\u00bb0&Prime; z_index=\u00a0\u00bb0&Prime; content_parallax=\u00a0\u00bb0&Prime; uncode_shortcode_id=\u00a0\u00bb511693&Prime;][vc_column column_width_percent=\u00a0\u00bb100&Prime; gutter_size=\u00a0\u00bb1&Prime; overlay_alpha=\u00a0\u00bb50&Prime; shift_x=\u00a0\u00bb0&Prime; shift_y=\u00a0\u00bb0&Prime; shift_y_down=\u00a0\u00bb0&Prime; z_index=\u00a0\u00bb0&Prime; medium_width=\u00a0\u00bb0&Prime; mobile_width=\u00a0\u00bb0&Prime; width=\u00a0\u00bb1\/1&Prime; uncode_shortcode_id=\u00a0\u00bb197428&Prime; el_class=\u00a0\u00bbjustify\u00a0\u00bb][vc_column_text uncode_shortcode_id=\u00a0\u00bb171545&Prime;]En inscrivant les actions dans la RSE, HGH affirme sa volont\u00e9 de b\u00e2tir un mod\u00e8le de croissance durable, \u00e9thique et innovant, au service de ses clients, de ses collaborateurs et de la soci\u00e9t\u00e9.<br \/>\nConvaincus qu\u2019une entreprise responsable doit concilier performance \u00e9conomique, innovation technologique et respect de toutes ses parties prenantes, HGH a construit une strat\u00e9gie d\u00e9finie autour de trois piliers :[\/vc_column_text][\/vc_column][\/vc_row][vc_row unlock_row_content=\u00a0\u00bbyes\u00a0\u00bb row_height_percent=\u00a0\u00bb0&Prime; override_padding=\u00a0\u00bbyes\u00a0\u00bb h_padding=\u00a0\u00bb0&Prime; top_padding=\u00a0\u00bb0&Prime; bottom_padding=\u00a0\u00bb0&Prime; overlay_alpha=\u00a0\u00bb50&Prime; equal_height=\u00a0\u00bbyes\u00a0\u00bb gutter_size=\u00a0\u00bb2&Prime; column_width_percent=\u00a0\u00bb100&Prime; shift_y=\u00a0\u00bb0&Prime; z_index=\u00a0\u00bb0&Prime; content_parallax=\u00a0\u00bb0&Prime; uncode_shortcode_id=\u00a0\u00bb204240&Prime; row_height_pixel=\u00a0\u00bb350px\u00a0\u00bb css=\u00a0\u00bb.vc_custom_1765209412393{margin-bottom: 18px !important;}\u00a0\u00bb][vc_column column_width_percent=\u00a0\u00bb100&Prime; gutter_size=\u00a0\u00bb2&Prime; override_padding=\u00a0\u00bbyes\u00a0\u00bb column_padding=\u00a0\u00bb3&Prime; back_image=\u00a0\u00bb169487&Prime; overlay_color=\u00a0\u00bbcolor-jevc\u00a0\u00bb overlay_alpha=\u00a0\u00bb50&Prime; shift_x=\u00a0\u00bb0&Prime; shift_y=\u00a0\u00bb0&Prime; shift_y_down=\u00a0\u00bb0&Prime; z_index=\u00a0\u00bb0&Prime; medium_width=\u00a0\u00bb0&Prime; mobile_width=\u00a0\u00bb0&Prime; width=\u00a0\u00bb1\/3&Prime; uncode_shortcode_id=\u00a0\u00bb115082&Prime; el_class=\u00a0\u00bbjustify\u00a0\u00bb link_to=\u00a0\u00bburl:https%3A%2F%2Fhgh-infrared.com%2Ffr%2Frse%2Fethique-des-affaires%2F|title:Ethique%20des%20affaires|\u00a0\u00bb overlay_color_type=\u00a0\u00bbuncode-palette\u00a0\u00bb][vc_custom_heading text_color=\u00a0\u00bbcolor-xsdn\u00a0\u00bb heading_semantic=\u00a0\u00bbp\u00a0\u00bb text_size=\u00a0\u00bbh3&Prime; uncode_shortcode_id=\u00a0\u00bb196705&Prime; text_color_type=\u00a0\u00bbuncode-palette\u00a0\u00bb]ECONOMIQUE[\/vc_custom_heading][\/vc_column][vc_column column_width_percent=\u00a0\u00bb100&Prime; gutter_size=\u00a0\u00bb2&Prime; override_padding=\u00a0\u00bbyes\u00a0\u00bb column_padding=\u00a0\u00bb3&Prime; back_image=\u00a0\u00bb169057&Prime; overlay_color=\u00a0\u00bbcolor-jevc\u00a0\u00bb overlay_alpha=\u00a0\u00bb50&Prime; shift_x=\u00a0\u00bb0&Prime; shift_y=\u00a0\u00bb0&Prime; shift_y_down=\u00a0\u00bb0&Prime; z_index=\u00a0\u00bb0&Prime; medium_width=\u00a0\u00bb0&Prime; mobile_width=\u00a0\u00bb0&Prime; width=\u00a0\u00bb1\/3&Prime; uncode_shortcode_id=\u00a0\u00bb581002&Prime; link_to=\u00a0\u00bburl:https%3A%2F%2Fhgh-infrared.com%2Ffr%2Frse%2Fperformance-environnementale%2F|title:Performance%20environnementale|\u00a0\u00bb overlay_color_type=\u00a0\u00bbuncode-palette\u00a0\u00bb][vc_custom_heading text_color=\u00a0\u00bbcolor-xsdn\u00a0\u00bb heading_semantic=\u00a0\u00bbp\u00a0\u00bb text_size=\u00a0\u00bbh3&Prime; uncode_shortcode_id=\u00a0\u00bb154939&Prime; text_color_type=\u00a0\u00bbuncode-palette\u00a0\u00bb]ENVIRONNEMENTAL[\/vc_custom_heading][\/vc_column][vc_column column_width_percent=\u00a0\u00bb100&Prime; gutter_size=\u00a0\u00bb2&Prime; override_padding=\u00a0\u00bbyes\u00a0\u00bb column_padding=\u00a0\u00bb3&Prime; back_color=\u00a0\u00bbcolor-154821&Prime; back_image=\u00a0\u00bb169014&Prime; overlay_color=\u00a0\u00bbcolor-jevc\u00a0\u00bb overlay_alpha=\u00a0\u00bb50&Prime; shift_x=\u00a0\u00bb0&Prime; shift_y=\u00a0\u00bb0&Prime; shift_y_down=\u00a0\u00bb0&Prime; z_index=\u00a0\u00bb0&Prime; medium_width=\u00a0\u00bb0&Prime; mobile_width=\u00a0\u00bb0&Prime; width=\u00a0\u00bb1\/3&Prime; uncode_shortcode_id=\u00a0\u00bb695441&Prime; back_color_type=\u00a0\u00bbuncode-palette\u00a0\u00bb link_to=\u00a0\u00bburl:https%3A%2F%2Fhgh-infrared.com%2Ffr%2Frse%2Fimpact-societal%2F|title:Impact%20Soci%C3%A9tal|\u00a0\u00bb overlay_color_type=\u00a0\u00bbuncode-palette\u00a0\u00bb][vc_custom_heading text_color=\u00a0\u00bbcolor-xsdn\u00a0\u00bb heading_semantic=\u00a0\u00bbp\u00a0\u00bb text_size=\u00a0\u00bbh3&Prime; uncode_shortcode_id=\u00a0\u00bb528179&Prime; text_color_type=\u00a0\u00bbuncode-palette\u00a0\u00bb]SOCIETAL[\/vc_custom_heading][\/vc_column][\/vc_row]<\/p>\n<\/div>","protected":false},"excerpt":{"rendered":"<p>[vc_row row_height_percent=\u00a0\u00bb0&Prime; override_padding=\u00a0\u00bbyes\u00a0\u00bb h_padding=\u00a0\u00bb2&Prime; top_padding=\u00a0\u00bb3&Prime; bottom_padding=\u00a0\u00bb3&Prime; back_image=\u00a0\u00bb163111&Prime; back_position=\u00a0\u00bbright bottom\u00a0\u00bb overlay_alpha=\u00a0\u00bb50&Prime; gutter_size=\u00a0\u00bb3&Prime; column_width_percent=\u00a0\u00bb100&Prime; shift_y=\u00a0\u00bb0&Prime; z_index=\u00a0\u00bb0&Prime; content_parallax=\u00a0\u00bb0&Prime; uncode_shortcode_id=\u00a0\u00bb235690&Prime;][vc_column column_width_percent=\u00a0\u00bb100&Prime; position_vertical=\u00a0\u00bbmiddle\u00a0\u00bb gutter_size=\u00a0\u00bb1&Prime; style=\u00a0\u00bbdark\u00a0\u00bb [&hellip;]<\/p>\n","protected":false},"author":13,"featured_media":0,"parent":0,"menu_order":0,"comment_status":"closed","ping_status":"closed","template":"","meta":{"footnotes":""},"class_list":["post-168359","page","type-page","status-publish","hentry"],"_links":{"self":[{"href":"https:\/\/hgh-infrared.com\/fr\/wp-json\/wp\/v2\/pages\/168359","targetHints":{"allow":["GET"]}}],"collection":[{"href":"https:\/\/hgh-infrared.com\/fr\/wp-json\/wp\/v2\/pages"}],"about":[{"href":"https:\/\/hgh-infrared.com\/fr\/wp-json\/wp\/v2\/types\/page"}],"author":[{"embeddable":true,"href":"https:\/\/hgh-infrared.com\/fr\/wp-json\/wp\/v2\/users\/13"}],"replies":[{"embeddable":true,"href":"https:\/\/hgh-infrared.com\/fr\/wp-json\/wp\/v2\/comments?post=168359"}],"version-history":[{"count":20,"href":"https:\/\/hgh-infrared.com\/fr\/wp-json\/wp\/v2\/pages\/168359\/revisions"}],"predecessor-version":[{"id":172258,"href":"https:\/\/hgh-infrared.com\/fr\/wp-json\/wp\/v2\/pages\/168359\/revisions\/172258"}],"wp:attachment":[{"href":"https:\/\/hgh-infrared.com\/fr\/wp-json\/wp\/v2\/media?parent=168359"}],"curies":[{"name":"wp","href":"https:\/\/api.w.org\/{rel}","templated":true}]}}