{"id":168915,"date":"2025-12-10T14:36:55","date_gmt":"2025-12-10T14:36:55","guid":{"rendered":"https:\/\/hgh-infrared.com\/?page_id=168915"},"modified":"2026-03-16T07:55:18","modified_gmt":"2026-03-16T07:55:18","slug":"recrutement","status":"publish","type":"page","link":"https:\/\/hgh-infrared.com\/fr\/recrutement\/","title":{"rendered":"Carri\u00e8res"},"content":{"rendered":"<div class=\"wpb-content-wrapper\"><p>[vc_row row_height_percent=\u00a0\u00bb0&Prime; override_padding=\u00a0\u00bbyes\u00a0\u00bb h_padding=\u00a0\u00bb2&Prime; top_padding=\u00a0\u00bb3&Prime; bottom_padding=\u00a0\u00bb3&Prime; back_image=\u00a0\u00bb169703&Prime; overlay_alpha=\u00a0\u00bb50&Prime; gutter_size=\u00a0\u00bb3&Prime; column_width_percent=\u00a0\u00bb100&Prime; shift_y=\u00a0\u00bb0&Prime; z_index=\u00a0\u00bb0&Prime; content_parallax=\u00a0\u00bb0&Prime; uncode_shortcode_id=\u00a0\u00bb739949&Prime;][vc_column column_width_percent=\u00a0\u00bb100&Prime; position_vertical=\u00a0\u00bbmiddle\u00a0\u00bb gutter_size=\u00a0\u00bb1&Prime; style=\u00a0\u00bbdark\u00a0\u00bb overlay_alpha=\u00a0\u00bb50&Prime; shift_x=\u00a0\u00bb0&Prime; shift_y=\u00a0\u00bb0&Prime; shift_y_down=\u00a0\u00bb0&Prime; z_index=\u00a0\u00bb0&Prime; medium_width=\u00a0\u00bb0&Prime; mobile_width=\u00a0\u00bb0&Prime; width=\u00a0\u00bb1\/1&Prime; uncode_shortcode_id=\u00a0\u00bb848377&Prime;][uncode_breadcrumbs el_class=\u00a0\u00bbbreadcrumbs-corpo\u00a0\u00bb][vc_empty_space empty_h=\u00a0\u00bb1&Prime;][vc_empty_space empty_h=\u00a0\u00bb0&Prime;][vc_custom_heading text_color=\u00a0\u00bbcolor-xsdn\u00a0\u00bb text_size=\u00a0\u00bbh1&Prime; text_weight=\u00a0\u00bb800&Prime; uncode_shortcode_id=\u00a0\u00bb170774&Prime; text_color_type=\u00a0\u00bbuncode-palette\u00a0\u00bb]NOUS REJOINDRE[\/vc_custom_heading][\/vc_column][\/vc_row][vc_row row_height_percent=\u00a0\u00bb0&Prime; overlay_alpha=\u00a0\u00bb50&Prime; gutter_size=\u00a0\u00bb3&Prime; column_width_percent=\u00a0\u00bb100&Prime; shift_y=\u00a0\u00bb0&Prime; z_index=\u00a0\u00bb0&Prime; content_parallax=\u00a0\u00bb0&Prime; uncode_shortcode_id=\u00a0\u00bb204764&Prime;][vc_column column_width_percent=\u00a0\u00bb100&Prime; gutter_size=\u00a0\u00bb2&Prime; overlay_alpha=\u00a0\u00bb50&Prime; shift_x=\u00a0\u00bb0&Prime; shift_y=\u00a0\u00bb0&Prime; shift_y_down=\u00a0\u00bb0&Prime; z_index=\u00a0\u00bb0&Prime; medium_width=\u00a0\u00bb0&Prime; mobile_width=\u00a0\u00bb0&Prime; width=\u00a0\u00bb1\/1&Prime; uncode_shortcode_id=\u00a0\u00bb475248&Prime;][vc_custom_heading text_color=\u00a0\u00bbcolor-jevc\u00a0\u00bb heading_semantic=\u00a0\u00bbh1&Prime; text_weight=\u00a0\u00bb800&Prime; uncode_shortcode_id=\u00a0\u00bb200983&Prime; text_color_type=\u00a0\u00bbuncode-palette\u00a0\u00bb]Rejoignez HGH \u2013 une entreprise \u00e0 taille humaine, agile et pionni\u00e8re[\/vc_custom_heading][\/vc_column][\/vc_row][vc_row row_height_percent=\u00a0\u00bb0&Prime; override_padding=\u00a0\u00bbyes\u00a0\u00bb h_padding=\u00a0\u00bb2&Prime; top_padding=\u00a0\u00bb1&Prime; bottom_padding=\u00a0\u00bb2&Prime; overlay_alpha=\u00a0\u00bb50&Prime; equal_height=\u00a0\u00bbyes\u00a0\u00bb gutter_size=\u00a0\u00bb5&Prime; column_width_percent=\u00a0\u00bb100&Prime; shift_y=\u00a0\u00bb0&Prime; z_index=\u00a0\u00bb0&Prime; content_parallax=\u00a0\u00bb0&Prime; uncode_shortcode_id=\u00a0\u00bb668617&Prime;][vc_column column_width_percent=\u00a0\u00bb100&Prime; position_horizontal=\u00a0\u00bbleft\u00a0\u00bb gutter_size=\u00a0\u00bb3&Prime; overlay_alpha=\u00a0\u00bb50&Prime; shift_x=\u00a0\u00bb0&Prime; shift_y=\u00a0\u00bb0&Prime; shift_y_down=\u00a0\u00bb0&Prime; z_index=\u00a0\u00bb0&Prime; medium_width=\u00a0\u00bb0&Prime; mobile_width=\u00a0\u00bb0&Prime; width=\u00a0\u00bb1\/1&Prime; uncode_shortcode_id=\u00a0\u00bb172574&Prime;][vc_column_text uncode_shortcode_id=\u00a0\u00bb196806&Prime; el_class=\u00a0\u00bbjustify\u00a0\u00bb]HGH place l&rsquo;innovation au c\u0153ur de sa strat\u00e9gie et s&rsquo;appuie sur ses collaborateurs passionn\u00e9s pour garantir des solutions performantes et durables.<\/p>\n<p>Au-del\u00e0 de son expertise, HGH cultive une culture d\u2019entreprise fond\u00e9e sur la convivialit\u00e9 et le partage. Les collaborateurs s\u2019enrichissent des expertises et exp\u00e9riences de leurs coll\u00e8gues, avec beaucoup de travail en \u00e9quipe pluridisciplinaire m\u00ealant RetD\/Production\/Commerce sur le m\u00eame site. Les collaborateurs et collaboratrices participent r\u00e9guli\u00e8rement \u00e0 des initiatives f\u00e9d\u00e9ratrices telles que des tournois sportifs, s\u00e9minaire annuel, \u00e9v\u00e8nement de fin d&rsquo;ann\u00e9e ou encore barbecue estival. Autant de moments qui renforcent l\u2019esprit d\u2019\u00e9quipe, l\u2019une des valeurs centrales de la soci\u00e9t\u00e9. Cette dynamique interne est r\u00e9guli\u00e8rement salu\u00e9e par l\u2019obtention du label HappyIndex\u00aeAtWork, attestant du bien-\u00eatre et de l\u2019engagement de ses collaborateurs et collaboratrices.[\/vc_column_text][vc_column_text uncode_shortcode_id=\u00a0\u00bb347104&Prime; el_class=\u00a0\u00bbjustify\u00a0\u00bb]<strong>Postes \u00e0 pourvoir :<\/strong>[\/vc_column_text][vc_column_text uncode_shortcode_id=\u00a0\u00bb123381&Prime;]<\/p>\n<div style=\"width: 100%; max-width: 100%; overflow: hidden;\"><iframe src=\"https:\/\/careers.flatchr.io\/company\/hghinfraredsystems?iframe=true&amp;btn_color=e52820&amp;background_color=fef5f5\" width=\"100%\" height=\"800\" frameborder=\"0\" allowfullscreen=\"allowfullscreen\"><\/iframe><\/div>\n<p>[\/vc_column_text][vc_row_inner][vc_column_inner column_width_percent=\u00a0\u00bb100&Prime; align_horizontal=\u00a0\u00bbalign_center\u00a0\u00bb gutter_size=\u00a0\u00bb3&Prime; overlay_alpha=\u00a0\u00bb50&Prime; shift_x=\u00a0\u00bb0&Prime; shift_y=\u00a0\u00bb0&Prime; shift_y_down=\u00a0\u00bb0&Prime; z_index=\u00a0\u00bb0&Prime; medium_width=\u00a0\u00bb0&Prime; mobile_width=\u00a0\u00bb0&Prime; width=\u00a0\u00bb1\/1&Prime; uncode_shortcode_id=\u00a0\u00bb310486&Prime;][vc_button button_color=\u00a0\u00bbcolor-583483&Prime; size=\u00a0\u00bbbtn-sm\u00a0\u00bb radius=\u00a0\u00bbbtn-round\u00a0\u00bb hover_fx=\u00a0\u00bboutlined\u00a0\u00bb border_width=\u00a0\u00bb0&Prime; link=\u00a0\u00bburl:https%3A%2F%2Fhgh-infrared.com%2Ffr%2Fapplication-spontanee%2F|\u00a0\u00bb button_color_type=\u00a0\u00bbuncode-palette\u00a0\u00bb uncode_shortcode_id=\u00a0\u00bb204415&Prime;]Application spontan\u00e9e[\/vc_button][\/vc_column_inner][\/vc_row_inner][\/vc_column][\/vc_row][vc_row unlock_row_content=\u00a0\u00bbyes\u00a0\u00bb row_height_percent=\u00a0\u00bb0&Prime; override_padding=\u00a0\u00bbyes\u00a0\u00bb h_padding=\u00a0\u00bb0&Prime; top_padding=\u00a0\u00bb2&Prime; bottom_padding=\u00a0\u00bb2&Prime; overlay_alpha=\u00a0\u00bb50&Prime; gutter_size=\u00a0\u00bb3&Prime; column_width_percent=\u00a0\u00bb100&Prime; shift_y=\u00a0\u00bb0&Prime; z_index=\u00a0\u00bb0&Prime; content_parallax=\u00a0\u00bb0&Prime; uncode_shortcode_id=\u00a0\u00bb178729&Prime;][vc_column column_width_percent=\u00a0\u00bb100&Prime; align_horizontal=\u00a0\u00bbalign_center\u00a0\u00bb gutter_size=\u00a0\u00bb2&Prime; overlay_alpha=\u00a0\u00bb50&Prime; shift_x=\u00a0\u00bb0&Prime; shift_y=\u00a0\u00bb0&Prime; shift_y_down=\u00a0\u00bb0&Prime; z_index=\u00a0\u00bb0&Prime; medium_width=\u00a0\u00bb0&Prime; mobile_width=\u00a0\u00bb0&Prime; width=\u00a0\u00bb1\/1&Prime; uncode_shortcode_id=\u00a0\u00bb256533&Prime;][vc_custom_heading text_color=\u00a0\u00bbcolor-jevc\u00a0\u00bb text_weight=\u00a0\u00bb800&Prime; uncode_shortcode_id=\u00a0\u00bb748471&Prime; text_color_type=\u00a0\u00bbuncode-palette\u00a0\u00bb el_class=\u00a0\u00bbunderline-rouge-rose\u00a0\u00bb]Travailler chez HGH c&rsquo;est&#8230;[\/vc_custom_heading][\/vc_column][\/vc_row][vc_row row_height_percent=\u00a0\u00bb0&Prime; overlay_alpha=\u00a0\u00bb50&Prime; equal_height=\u00a0\u00bbyes\u00a0\u00bb gutter_size=\u00a0\u00bb5&Prime; column_width_percent=\u00a0\u00bb100&Prime; shift_y=\u00a0\u00bb0&Prime; z_index=\u00a0\u00bb0&Prime; content_parallax=\u00a0\u00bb0&Prime; uncode_shortcode_id=\u00a0\u00bb111375&Prime;][vc_column column_width_percent=\u00a0\u00bb100&Prime; align_horizontal=\u00a0\u00bbalign_center\u00a0\u00bb gutter_size=\u00a0\u00bb2&Prime; overlay_alpha=\u00a0\u00bb50&Prime; shift_x=\u00a0\u00bb0&Prime; shift_y=\u00a0\u00bb0&Prime; shift_y_down=\u00a0\u00bb0&Prime; z_index=\u00a0\u00bb0&Prime; medium_width=\u00a0\u00bb0&Prime; mobile_width=\u00a0\u00bb0&Prime; width=\u00a0\u00bb1\/4&Prime; uncode_shortcode_id=\u00a0\u00bb162432&Prime;][vc_single_image media=\u00a0\u00bb168676&Prime; media_width_percent=\u00a0\u00bb60&Prime; alignment=\u00a0\u00bbcenter\u00a0\u00bb uncode_shortcode_id=\u00a0\u00bb168385&Prime;][vc_custom_heading heading_semantic=\u00a0\u00bbdiv\u00a0\u00bb text_size=\u00a0\u00bbh3&Prime; text_weight=\u00a0\u00bb800&Prime; uncode_shortcode_id=\u00a0\u00bb633517&Prime;]Made in France[\/vc_custom_heading][vc_column_text uncode_shortcode_id=\u00a0\u00bb158438&Prime;]faire partie d&rsquo;une entreprise locale, fran\u00e7aise et \u00e0 taille humaine[\/vc_column_text][\/vc_column][vc_column column_width_percent=\u00a0\u00bb100&Prime; align_horizontal=\u00a0\u00bbalign_center\u00a0\u00bb gutter_size=\u00a0\u00bb2&Prime; overlay_alpha=\u00a0\u00bb50&Prime; shift_x=\u00a0\u00bb0&Prime; shift_y=\u00a0\u00bb0&Prime; shift_y_down=\u00a0\u00bb0&Prime; z_index=\u00a0\u00bb0&Prime; medium_width=\u00a0\u00bb0&Prime; mobile_width=\u00a0\u00bb0&Prime; width=\u00a0\u00bb1\/4&Prime; uncode_shortcode_id=\u00a0\u00bb250657&Prime;][vc_single_image media=\u00a0\u00bb168666&Prime; media_width_percent=\u00a0\u00bb60&Prime; alignment=\u00a0\u00bbcenter\u00a0\u00bb uncode_shortcode_id=\u00a0\u00bb145298&Prime;][vc_custom_heading heading_semantic=\u00a0\u00bbdiv\u00a0\u00bb text_size=\u00a0\u00bbh3&Prime; text_weight=\u00a0\u00bb800&Prime; uncode_shortcode_id=\u00a0\u00bb829401&Prime;]International[\/vc_custom_heading][vc_column_text uncode_shortcode_id=\u00a0\u00bb158438&Prime;]int\u00e9grer un groupe avec des bureaux \u00e0 l&rsquo;\u00e9tranger. La pr\u00e9sence mondiale permet de couvrir les besoins de tous les clients[\/vc_column_text][\/vc_column][vc_column column_width_percent=\u00a0\u00bb100&Prime; align_horizontal=\u00a0\u00bbalign_center\u00a0\u00bb gutter_size=\u00a0\u00bb2&Prime; overlay_alpha=\u00a0\u00bb50&Prime; shift_x=\u00a0\u00bb0&Prime; shift_y=\u00a0\u00bb0&Prime; shift_y_down=\u00a0\u00bb0&Prime; z_index=\u00a0\u00bb0&Prime; medium_width=\u00a0\u00bb0&Prime; mobile_width=\u00a0\u00bb0&Prime; width=\u00a0\u00bb1\/4&Prime; uncode_shortcode_id=\u00a0\u00bb825205&Prime;][vc_single_image media=\u00a0\u00bb168674&Prime; media_width_percent=\u00a0\u00bb60&Prime; alignment=\u00a0\u00bbcenter\u00a0\u00bb uncode_shortcode_id=\u00a0\u00bb142245&Prime;][vc_custom_heading heading_semantic=\u00a0\u00bbdiv\u00a0\u00bb text_size=\u00a0\u00bbh3&Prime; text_weight=\u00a0\u00bb800&Prime; uncode_shortcode_id=\u00a0\u00bb943234&Prime;]Innovation[\/vc_custom_heading][vc_column_text uncode_shortcode_id=\u00a0\u00bb862991&Prime;]faire partie d&rsquo;une PME innovante reconnue pour son esprit pionnier et sa capacit\u00e9 \u00e0 conjuguer agilit\u00e9 et flexibilit\u00e9 dans un environnement en constante \u00e9volution[\/vc_column_text][\/vc_column][vc_column column_width_percent=\u00a0\u00bb100&Prime; align_horizontal=\u00a0\u00bbalign_center\u00a0\u00bb gutter_size=\u00a0\u00bb2&Prime; overlay_alpha=\u00a0\u00bb50&Prime; shift_x=\u00a0\u00bb0&Prime; shift_y=\u00a0\u00bb0&Prime; shift_y_down=\u00a0\u00bb0&Prime; z_index=\u00a0\u00bb0&Prime; medium_width=\u00a0\u00bb0&Prime; mobile_width=\u00a0\u00bb0&Prime; width=\u00a0\u00bb1\/4&Prime; uncode_shortcode_id=\u00a0\u00bb149624&Prime;][vc_single_image media=\u00a0\u00bb168670&Prime; media_width_percent=\u00a0\u00bb60&Prime; alignment=\u00a0\u00bbcenter\u00a0\u00bb uncode_shortcode_id=\u00a0\u00bb141667&Prime;][vc_custom_heading heading_semantic=\u00a0\u00bbdiv\u00a0\u00bb text_size=\u00a0\u00bbh3&Prime; text_weight=\u00a0\u00bb800&Prime; uncode_shortcode_id=\u00a0\u00bb200715&Prime;]Passion[\/vc_custom_heading][vc_column_text uncode_shortcode_id=\u00a0\u00bb782243&Prime;]travailler avec des gens passionn\u00e9(e)s et engag\u00e9(e)s[\/vc_column_text][\/vc_column][\/vc_row][vc_row unlock_row_content=\u00a0\u00bbyes\u00a0\u00bb row_height_percent=\u00a0\u00bb0&Prime; override_padding=\u00a0\u00bbyes\u00a0\u00bb h_padding=\u00a0\u00bb0&Prime; top_padding=\u00a0\u00bb2&Prime; bottom_padding=\u00a0\u00bb2&Prime; overlay_alpha=\u00a0\u00bb50&Prime; gutter_size=\u00a0\u00bb3&Prime; column_width_percent=\u00a0\u00bb100&Prime; shift_y=\u00a0\u00bb0&Prime; z_index=\u00a0\u00bb0&Prime; content_parallax=\u00a0\u00bb0&Prime; uncode_shortcode_id=\u00a0\u00bb178729&Prime;][vc_column column_width_percent=\u00a0\u00bb100&Prime; align_horizontal=\u00a0\u00bbalign_center\u00a0\u00bb gutter_size=\u00a0\u00bb2&Prime; overlay_alpha=\u00a0\u00bb50&Prime; shift_x=\u00a0\u00bb0&Prime; shift_y=\u00a0\u00bb0&Prime; shift_y_down=\u00a0\u00bb0&Prime; z_index=\u00a0\u00bb0&Prime; medium_width=\u00a0\u00bb0&Prime; mobile_width=\u00a0\u00bb0&Prime; width=\u00a0\u00bb1\/1&Prime; uncode_shortcode_id=\u00a0\u00bb256533&Prime;][vc_custom_heading text_color=\u00a0\u00bbcolor-jevc\u00a0\u00bb text_weight=\u00a0\u00bb800&Prime; uncode_shortcode_id=\u00a0\u00bb912826&Prime; text_color_type=\u00a0\u00bbuncode-palette\u00a0\u00bb el_class=\u00a0\u00bbunderline-rouge-rose\u00a0\u00bb]Point cl\u00e9s du Groupe HGH[\/vc_custom_heading][\/vc_column][\/vc_row][vc_row unlock_row_content=\u00a0\u00bbyes\u00a0\u00bb row_height_percent=\u00a0\u00bb0&Prime; override_padding=\u00a0\u00bbyes\u00a0\u00bb h_padding=\u00a0\u00bb4&Prime; top_padding=\u00a0\u00bb2&Prime; bottom_padding=\u00a0\u00bb2&Prime; overlay_alpha=\u00a0\u00bb50&Prime; equal_height=\u00a0\u00bbyes\u00a0\u00bb gutter_size=\u00a0\u00bb3&Prime; column_width_percent=\u00a0\u00bb100&Prime; shift_y=\u00a0\u00bb0&Prime; z_index=\u00a0\u00bb0&Prime; auto_height_device=\u00a0\u00bbyes\u00a0\u00bb content_parallax=\u00a0\u00bb0&Prime; uncode_shortcode_id=\u00a0\u00bb182529&Prime;][vc_column column_width_percent=\u00a0\u00bb100&Prime; align_horizontal=\u00a0\u00bbalign_center\u00a0\u00bb gutter_size=\u00a0\u00bb2&Prime; override_padding=\u00a0\u00bbyes\u00a0\u00bb column_padding=\u00a0\u00bb2&Prime; back_color=\u00a0\u00bbcolor-154821&Prime; overlay_alpha=\u00a0\u00bb35&Prime; radius=\u00a0\u00bbhg\u00a0\u00bb shift_x=\u00a0\u00bb0&Prime; shift_y=\u00a0\u00bb0&Prime; shift_y_down=\u00a0\u00bb0&Prime; z_index=\u00a0\u00bb0&Prime; medium_width=\u00a0\u00bb0&Prime; mobile_width=\u00a0\u00bb0&Prime; width=\u00a0\u00bb1\/3&Prime; uncode_shortcode_id=\u00a0\u00bb777811&Prime; back_color_type=\u00a0\u00bbuncode-palette\u00a0\u00bb][uncode_counter value=\u00a0\u00bb100&Prime; prefix=\u00a0\u00bb&gt;\u00a0\u00bb counter_color=\u00a0\u00bbcolor-xsdn\u00a0\u00bb size=\u00a0\u00bbh1&Prime; weight=\u00a0\u00bb600&Prime; uncode_shortcode_id=\u00a0\u00bb188415&Prime; counter_color_type=\u00a0\u00bbuncode-palette\u00a0\u00bb][vc_custom_heading text_color=\u00a0\u00bbcolor-xsdn\u00a0\u00bb heading_semantic=\u00a0\u00bbp\u00a0\u00bb text_size=\u00a0\u00bbh3&Prime; uncode_shortcode_id=\u00a0\u00bb103852&Prime; text_color_type=\u00a0\u00bbuncode-palette\u00a0\u00bb]Pays clients[\/vc_custom_heading][vc_column_text text_color=\u00a0\u00bbcolor-xsdn\u00a0\u00bb uncode_shortcode_id=\u00a0\u00bb148265&Prime; text_color_type=\u00a0\u00bbuncode-palette\u00a0\u00bb el_class=\u00a0\u00bbjustify\u00a0\u00bb]Ouvert sur le monde et \u00e0 la diversit\u00e9 de ses cultures, HGH distribue ses offres dans plus de 100 pays gr\u00e2ce \u00e0 son r\u00e9seau international de filiales et bureaux de vente et ses partenaires.[\/vc_column_text][\/vc_column][vc_column column_width_percent=\u00a0\u00bb100&Prime; align_horizontal=\u00a0\u00bbalign_center\u00a0\u00bb gutter_size=\u00a0\u00bb2&Prime; override_padding=\u00a0\u00bbyes\u00a0\u00bb column_padding=\u00a0\u00bb2&Prime; back_color=\u00a0\u00bbcolor-154821&Prime; overlay_alpha=\u00a0\u00bb50&Prime; radius=\u00a0\u00bbhg\u00a0\u00bb shadow=\u00a0\u00bblg\u00a0\u00bb shift_x=\u00a0\u00bb0&Prime; shift_y=\u00a0\u00bb0&Prime; shift_y_down=\u00a0\u00bb0&Prime; z_index=\u00a0\u00bb0&Prime; medium_width=\u00a0\u00bb0&Prime; mobile_width=\u00a0\u00bb0&Prime; width=\u00a0\u00bb1\/3&Prime; uncode_shortcode_id=\u00a0\u00bb709720&Prime; back_color_type=\u00a0\u00bbuncode-palette\u00a0\u00bb][uncode_counter value=\u00a0\u00bb93&Prime; counter_color=\u00a0\u00bbcolor-xsdn\u00a0\u00bb size=\u00a0\u00bbh1&Prime; weight=\u00a0\u00bb600&Prime; uncode_shortcode_id=\u00a0\u00bb924265&Prime; counter_color_type=\u00a0\u00bbuncode-palette\u00a0\u00bb suffix=\u00a0\u00bb%\u00a0\u00bb][vc_custom_heading text_color=\u00a0\u00bbcolor-xsdn\u00a0\u00bb heading_semantic=\u00a0\u00bbp\u00a0\u00bb text_size=\u00a0\u00bbh3&Prime; uncode_shortcode_id=\u00a0\u00bb141890&Prime; text_color_type=\u00a0\u00bbuncode-palette\u00a0\u00bb]Index \u00e9galit\u00e9[\/vc_custom_heading][vc_column_text text_color=\u00a0\u00bbcolor-xsdn\u00a0\u00bb uncode_shortcode_id=\u00a0\u00bb107237&Prime; text_color_type=\u00a0\u00bbuncode-palette\u00a0\u00bb el_class=\u00a0\u00bbjustify\u00a0\u00bb]HGH favorise un environnement \u00e9panouissant pour tous les collaborateurs et pr\u00f4ne la Diversit\u00e9 et l&rsquo;Inclusion. Son dernier index \u00e9galit\u00e9 Femmes Hommes \u00e9tait \u00e0 91%. HGH garantit l\u2019\u00e9galit\u00e9 des chances dans les processus de recrutement et de gestion de carri\u00e8res, en int\u00e9grant des dispositifs adapt\u00e9s tels que l\u2019am\u00e9nagement de poste ou le temps partiel.[\/vc_column_text][\/vc_column][vc_column column_width_percent=\u00a0\u00bb100&Prime; align_horizontal=\u00a0\u00bbalign_center\u00a0\u00bb gutter_size=\u00a0\u00bb2&Prime; back_color=\u00a0\u00bbcolor-154821&Prime; overlay_alpha=\u00a0\u00bb50&Prime; radius=\u00a0\u00bbhg\u00a0\u00bb shift_x=\u00a0\u00bb0&Prime; shift_y=\u00a0\u00bb0&Prime; shift_y_down=\u00a0\u00bb0&Prime; z_index=\u00a0\u00bb0&Prime; medium_width=\u00a0\u00bb0&Prime; mobile_width=\u00a0\u00bb0&Prime; width=\u00a0\u00bb1\/3&Prime; uncode_shortcode_id=\u00a0\u00bb191246&Prime; back_color_type=\u00a0\u00bbuncode-palette\u00a0\u00bb][uncode_counter value=\u00a0\u00bb100&Prime; prefix=\u00a0\u00bb&gt;\u00a0\u00bb counter_color=\u00a0\u00bbcolor-xsdn\u00a0\u00bb size=\u00a0\u00bbh1&Prime; weight=\u00a0\u00bb600&Prime; uncode_shortcode_id=\u00a0\u00bb207107&Prime; counter_color_type=\u00a0\u00bbuncode-palette\u00a0\u00bb][vc_custom_heading text_color=\u00a0\u00bbcolor-xsdn\u00a0\u00bb heading_semantic=\u00a0\u00bbp\u00a0\u00bb text_size=\u00a0\u00bbh3&Prime; uncode_shortcode_id=\u00a0\u00bb206593&Prime; text_color_type=\u00a0\u00bbuncode-palette\u00a0\u00bb]Employ\u00e9s[\/vc_custom_heading][vc_column_text text_color=\u00a0\u00bbcolor-xsdn\u00a0\u00bb uncode_shortcode_id=\u00a0\u00bb724734&Prime; text_color_type=\u00a0\u00bbuncode-palette\u00a0\u00bb el_class=\u00a0\u00bbjustify\u00a0\u00bb]HGH est une aventure humaine et collective, fond\u00e9e sur des valeurs fortes telles que l&rsquo;esprit d&rsquo;\u00e9quipe, le sens du service, l&rsquo;innovation et une ambiance conviviale.[\/vc_column_text][\/vc_column][\/vc_row][vc_row unlock_row_content=\u00a0\u00bbyes\u00a0\u00bb row_height_percent=\u00a0\u00bb0&Prime; override_padding=\u00a0\u00bbyes\u00a0\u00bb h_padding=\u00a0\u00bb4&Prime; top_padding=\u00a0\u00bb1&Prime; bottom_padding=\u00a0\u00bb2&Prime; overlay_alpha=\u00a0\u00bb50&Prime; gutter_size=\u00a0\u00bb3&Prime; column_width_percent=\u00a0\u00bb100&Prime; shift_y=\u00a0\u00bb0&Prime; z_index=\u00a0\u00bb0&Prime; content_parallax=\u00a0\u00bb0&Prime; uncode_shortcode_id=\u00a0\u00bb763869&Prime;][vc_column column_width_percent=\u00a0\u00bb100&Prime; align_horizontal=\u00a0\u00bbalign_center\u00a0\u00bb gutter_size=\u00a0\u00bb3&Prime; overlay_alpha=\u00a0\u00bb50&Prime; shift_x=\u00a0\u00bb0&Prime; shift_y=\u00a0\u00bb0&Prime; shift_y_down=\u00a0\u00bb0&Prime; z_index=\u00a0\u00bb0&Prime; medium_width=\u00a0\u00bb0&Prime; mobile_width=\u00a0\u00bb0&Prime; width=\u00a0\u00bb1\/1&Prime; uncode_shortcode_id=\u00a0\u00bb863764&Prime;][vc_empty_space empty_h=\u00a0\u00bb1&Prime;][vc_custom_heading text_color=\u00a0\u00bbcolor-jevc\u00a0\u00bb text_weight=\u00a0\u00bb800&Prime; uncode_shortcode_id=\u00a0\u00bb191677&Prime; text_color_type=\u00a0\u00bbuncode-palette\u00a0\u00bb el_class=\u00a0\u00bbunderline-rouge-rose\u00a0\u00bb]T\u00e9moignages d&#8217;employ\u00e9s[\/vc_custom_heading][vc_empty_space empty_h=\u00a0\u00bb2&Prime;][vc_gallery el_id=\u00a0\u00bbgallery-4444&Prime; type=\u00a0\u00bbcarousel\u00a0\u00bb medias=\u00a0\u00bb170898,168324,168326,170276,168328,168332&Prime; carousel_lg=\u00a0\u00bb3&Prime; carousel_md=\u00a0\u00bb1&Prime; carousel_sm=\u00a0\u00bb1&Prime; gutter_size=\u00a0\u00bb2&Prime; media_items=\u00a0\u00bbmedia|custom_link|original,icon|lg\u00a0\u00bb carousel_interval=\u00a0\u00bb3000&Prime; carousel_navspeed=\u00a0\u00bb400&Prime; carousel_loop=\u00a0\u00bbyes\u00a0\u00bb carousel_nav=\u00a0\u00bbyes\u00a0\u00bb carousel_dots=\u00a0\u00bbyes\u00a0\u00bb stage_padding=\u00a0\u00bb0&Prime; single_overlay_opacity=\u00a0\u00bb20&Prime; single_image_magnetic=\u00a0\u00bbyes\u00a0\u00bb single_h_align=\u00a0\u00bbcenter\u00a0\u00bb single_padding=\u00a0\u00bb2&Prime; single_icon=\u00a0\u00bbfa fa-play\u00a0\u00bb single_border=\u00a0\u00bbyes\u00a0\u00bb lbox_gallery_arrows_bg=\u00a0\u00bbsemi-transparent\u00a0\u00bb lbox_caption=\u00a0\u00bbyes\u00a0\u00bb lbox_transition=\u00a0\u00bblg-zoom-out\u00a0\u00bb no_double_tap=\u00a0\u00bbyes\u00a0\u00bb lb_video_advanced=\u00a0\u00bbyes\u00a0\u00bb lb_autoplay=\u00a0\u00bbyes\u00a0\u00bb carousel_rtl=\u00a0\u00bb\u00a0\u00bb single_title_uppercase=\u00a0\u00bb\u00a0\u00bb single_title_bold=\u00a0\u00bb\u00a0\u00bb single_title_serif=\u00a0\u00bb\u00a0\u00bb onclick=\u00a0\u00bblink_image\u00a0\u00bb custom_links_target=\u00a0\u00bb_self\u00a0\u00bb single_v_align=\u00a0\u00bbmiddle\u00a0\u00bb single_half_padding=\u00a0\u00bb\u00a0\u00bb single_no_background=\u00a0\u00bb\u00a0\u00bb uncode_shortcode_id=\u00a0\u00bb105505&Prime; items=\u00a0\u00bbeyIxNjgyNTJfaSI6eyJzaW5nbGVfbGluayI6InVybDpodHRwczovL3d3dy55b3V0dWJlLmNvbS93YXRjaD92PTRNbklSRzFPd05jfHRhcmdldDpfYmxhbmsifSwiMTY4MjQ2X2kiOnsic2luZ2xlX2xpbmsiOiJ1cmw6aHR0cHM6Ly93d3cueW91dHViZS5jb20vd2F0Y2g\/dj1odEMwcXBEV1lxRXx0YXJnZXQ6X2JsYW5rIn0sIjE2ODI1MF9pIjp7InNpbmdsZV9saW5rIjoidXJsOmh0dHBzOi8vd3d3LnlvdXR1YmUuY29tL3dhdGNoP3Y9QndvanN1MUVPc1l8dGFyZ2V0Ol9ibGFuayJ9LCIxNjgyNTRfaSI6eyJzaW5nbGVfbGluayI6InVybDpodHRwczovL3d3dy55b3V0dWJlLmNvbS93YXRjaD92PWlWYzQ1anphemhjfHRhcmdldDpfYmxhbmsiLCJzaW5nbGVfdGV4dCI6Im92ZXJsYXkifSwiMTY4MjQ4X2kiOnsic2luZ2xlX2xpbmsiOiJ1cmw6aHR0cHM6Ly93d3cueW91dHViZS5jb20vd2F0Y2g\/dj1GLVJaS3lETTJmZ3x0YXJnZXQ6X2JsYW5rIn0sIjE2ODMyM19pIjp7InNpbmdsZV9saW5rIjoidXJsOmh0dHBzOi8vd3d3LnlvdXR1YmUuY29tL3dhdGNoP3Y9X25qWW1ISGdfYWsmcHA9MGdjSkNSVUtBWWNxSVl6dnx0YXJnZXQ6X2JsYW5rIn0sIjE2ODMzM19pIjp7InNpbmdsZV9saW5rIjoidXJsOmh0dHBzOi8vd3d3LnlvdXR1YmUuY29tL3dhdGNoP3Y9aVZjNDVqemF6aGN8dGFyZ2V0Ol9ibGFuayJ9LCIxNjgzMjlfaSI6eyJzaW5nbGVfbGluayI6InVybDpodHRwczovL2kueXRpbWcuY29tL2FuX3dlYnAvQndvanN1MUVPc1kvbXFkZWZhdWx0XzZzLndlYnA\/ZHU9MzAwMCZzcXA9Q0ppSm9ja0cmcnM9QU9uNENMRGNkUXJoWHNiUXNkM3dISm05b3lER1pfRFVCZ3x0YXJnZXQ6X2JsYW5rIn0sIjE2ODMzMV9pIjp7InNpbmdsZV9saW5rIjoidXJsOmh0dHBzOi8vd3d3LnlvdXR1YmUuY29tL3dhdGNoP3Y9NE1uSVJHMU93TmN8dGFyZ2V0Ol9ibGFuayJ9LCIxNjgzMjVfaSI6eyJzaW5nbGVfbGluayI6InVybDpodHRwczovL3d3dy55b3V0dWJlLmNvbS93YXRjaD92PWh0QzBxcERXWXFFfHRhcmdldDpfYmxhbmsifSwiMTY4MzI3X2kiOnsic2luZ2xlX2xpbmsiOiJ1cmw6aHR0cHM6Ly93d3cueW91dHViZS5jb20vd2F0Y2g\/dj1GLVJaS3lETTJmZ3x0YXJnZXQ6X2JsYW5rIn0sIjE3MDI3NV9pIjp7InNpbmdsZV9saW5rIjoidXJsOmh0dHBzOi8vd3d3LnlvdXR1YmUuY29tL3dhdGNoP3Y9SUQ5Y0g5azBHdzh8dGFyZ2V0Ol9ibGFuayJ9LCIxNzA4OTdfaSI6eyJzaW5nbGVfbGluayI6InVybDpodHRwczovL3d3dy55b3V0dWJlLmNvbS93YXRjaD92PTBOSTd3eWtxbE1vJnQ9NHN8dGFyZ2V0Ol9ibGFuayJ9fQ==\u00a0\u00bb][\/vc_column][\/vc_row]<\/p>\n<\/div>","protected":false},"excerpt":{"rendered":"<p>[vc_row row_height_percent=\u00a0\u00bb0&Prime; override_padding=\u00a0\u00bbyes\u00a0\u00bb h_padding=\u00a0\u00bb2&Prime; top_padding=\u00a0\u00bb3&Prime; bottom_padding=\u00a0\u00bb3&Prime; back_image=\u00a0\u00bb169703&Prime; overlay_alpha=\u00a0\u00bb50&Prime; gutter_size=\u00a0\u00bb3&Prime; column_width_percent=\u00a0\u00bb100&Prime; shift_y=\u00a0\u00bb0&Prime; z_index=\u00a0\u00bb0&Prime; content_parallax=\u00a0\u00bb0&Prime; uncode_shortcode_id=\u00a0\u00bb739949&Prime;][vc_column column_width_percent=\u00a0\u00bb100&Prime; position_vertical=\u00a0\u00bbmiddle\u00a0\u00bb gutter_size=\u00a0\u00bb1&Prime; style=\u00a0\u00bbdark\u00a0\u00bb overlay_alpha=\u00a0\u00bb50&Prime; shift_x=\u00a0\u00bb0&Prime; [&hellip;]<\/p>\n","protected":false},"author":13,"featured_media":0,"parent":0,"menu_order":0,"comment_status":"closed","ping_status":"closed","template":"","meta":{"footnotes":""},"class_list":["post-168915","page","type-page","status-publish","hentry"],"_links":{"self":[{"href":"https:\/\/hgh-infrared.com\/fr\/wp-json\/wp\/v2\/pages\/168915","targetHints":{"allow":["GET"]}}],"collection":[{"href":"https:\/\/hgh-infrared.com\/fr\/wp-json\/wp\/v2\/pages"}],"about":[{"href":"https:\/\/hgh-infrared.com\/fr\/wp-json\/wp\/v2\/types\/page"}],"author":[{"embeddable":true,"href":"https:\/\/hgh-infrared.com\/fr\/wp-json\/wp\/v2\/users\/13"}],"replies":[{"embeddable":true,"href":"https:\/\/hgh-infrared.com\/fr\/wp-json\/wp\/v2\/comments?post=168915"}],"version-history":[{"count":44,"href":"https:\/\/hgh-infrared.com\/fr\/wp-json\/wp\/v2\/pages\/168915\/revisions"}],"predecessor-version":[{"id":171418,"href":"https:\/\/hgh-infrared.com\/fr\/wp-json\/wp\/v2\/pages\/168915\/revisions\/171418"}],"wp:attachment":[{"href":"https:\/\/hgh-infrared.com\/fr\/wp-json\/wp\/v2\/media?parent=168915"}],"curies":[{"name":"wp","href":"https:\/\/api.w.org\/{rel}","templated":true}]}}