{"id":169120,"date":"2025-12-02T12:40:59","date_gmt":"2025-12-02T12:40:59","guid":{"rendered":"https:\/\/hgh-infrared.com\/?page_id=169120"},"modified":"2026-04-27T13:06:56","modified_gmt":"2026-04-27T13:06:56","slug":"ethique-des-affaires","status":"publish","type":"page","link":"https:\/\/hgh-infrared.com\/fr\/rse\/ethique-des-affaires\/","title":{"rendered":"Ethique des affaires"},"content":{"rendered":"<div class=\"wpb-content-wrapper\"><p>[vc_row row_height_percent=\u00a0\u00bb0&Prime; override_padding=\u00a0\u00bbyes\u00a0\u00bb h_padding=\u00a0\u00bb2&Prime; top_padding=\u00a0\u00bb3&Prime; bottom_padding=\u00a0\u00bb3&Prime; back_image=\u00a0\u00bb169617&Prime; overlay_alpha=\u00a0\u00bb50&Prime; gutter_size=\u00a0\u00bb3&Prime; column_width_percent=\u00a0\u00bb100&Prime; shift_y=\u00a0\u00bb0&Prime; z_index=\u00a0\u00bb0&Prime; content_parallax=\u00a0\u00bb0&Prime; uncode_shortcode_id=\u00a0\u00bb141554&Prime;][vc_column column_width_percent=\u00a0\u00bb100&Prime; position_vertical=\u00a0\u00bbmiddle\u00a0\u00bb gutter_size=\u00a0\u00bb1&Prime; style=\u00a0\u00bbdark\u00a0\u00bb overlay_alpha=\u00a0\u00bb50&Prime; shift_x=\u00a0\u00bb0&Prime; shift_y=\u00a0\u00bb0&Prime; shift_y_down=\u00a0\u00bb0&Prime; z_index=\u00a0\u00bb0&Prime; medium_width=\u00a0\u00bb0&Prime; mobile_width=\u00a0\u00bb0&Prime; width=\u00a0\u00bb1\/1&Prime; uncode_shortcode_id=\u00a0\u00bb848377&Prime;][uncode_breadcrumbs el_class=\u00a0\u00bbbreadcrumbs-corpo\u00a0\u00bb][vc_empty_space empty_h=\u00a0\u00bb1&Prime;][vc_empty_space empty_h=\u00a0\u00bb0&Prime;][vc_custom_heading text_color=\u00a0\u00bbcolor-xsdn\u00a0\u00bb heading_semantic=\u00a0\u00bbh1&Prime; text_size=\u00a0\u00bbh1&Prime; text_weight=\u00a0\u00bb800&Prime; uncode_shortcode_id=\u00a0\u00bb208903&Prime; text_color_type=\u00a0\u00bbuncode-palette\u00a0\u00bb]RSE &#8211; Economique[\/vc_custom_heading][vc_empty_space empty_h=\u00a0\u00bb0&Prime;][\/vc_column][\/vc_row][vc_row row_height_percent=\u00a0\u00bb0&Prime; override_padding=\u00a0\u00bbyes\u00a0\u00bb h_padding=\u00a0\u00bb2&Prime; top_padding=\u00a0\u00bb2&Prime; bottom_padding=\u00a0\u00bb2&Prime; overlay_alpha=\u00a0\u00bb50&Prime; gutter_size=\u00a0\u00bb3&Prime; column_width_percent=\u00a0\u00bb100&Prime; shift_y=\u00a0\u00bb0&Prime; z_index=\u00a0\u00bb0&Prime; content_parallax=\u00a0\u00bb0&Prime; uncode_shortcode_id=\u00a0\u00bb797957&Prime;][vc_column column_width_percent=\u00a0\u00bb100&Prime; position_vertical=\u00a0\u00bbmiddle\u00a0\u00bb gutter_size=\u00a0\u00bb1&Prime; overlay_alpha=\u00a0\u00bb50&Prime; shift_x=\u00a0\u00bb0&Prime; shift_y=\u00a0\u00bb0&Prime; shift_y_down=\u00a0\u00bb0&Prime; z_index=\u00a0\u00bb0&Prime; medium_width=\u00a0\u00bb0&Prime; mobile_width=\u00a0\u00bb0&Prime; width=\u00a0\u00bb1\/1&Prime; uncode_shortcode_id=\u00a0\u00bb904438&Prime; el_class=\u00a0\u00bbjustify\u00a0\u00bb][vc_custom_heading uncode_shortcode_id=\u00a0\u00bb174686&Prime; el_id=\u00a0\u00bbmain_challenges\u00a0\u00bb]Ethique des affaires[\/vc_custom_heading][vc_empty_space empty_h=\u00a0\u00bb1&Prime;][vc_custom_heading heading_semantic=\u00a0\u00bbh3&Prime; text_size=\u00a0\u00bbh3&Prime; uncode_shortcode_id=\u00a0\u00bb103082&Prime; el_id=\u00a0\u00bbmain_challenges\u00a0\u00bb]Politique de conformit\u00e9 aux sanctions \u00e9conomiques et commerciales[\/vc_custom_heading][vc_empty_space empty_h=\u00a0\u00bb1&Prime;][vc_column_text uncode_shortcode_id=\u00a0\u00bb176444&Prime;]HGH s\u2019engage \u00e0 respecter les normes les plus \u00e9lev\u00e9es en mati\u00e8re d\u2019\u00e9thique des affaires et de d\u00e9ontologie et attend de tous ses employ\u00e9s et de toute personne agissant en son nom qu\u2019ils respectent cet engagement. Conform\u00e9ment \u00e0 cet engagement, le Groupe a adopt\u00e9 une Politique de conformit\u00e9 aux sanctions \u00e9conomiques et commerciales, applicable \u00e0 l\u2019ensemble des administrateurs, dirigeants, employ\u00e9s, agents, repr\u00e9sentants, autres personnes associ\u00e9es \u00e0 HGH et interm\u00e9diaires tiers. <\/p>\n<p>En r\u00e9sum\u00e9, le personnel de HGH est tenu de respecter toutes les lois applicables en mati\u00e8re de sanctions commerciales, notamment la r\u00e9glementation de l\u2019Union europ\u00e9enne (\u00ab UE \u00bb), telle qu\u2019appliqu\u00e9e en France et dans les autres \u00c9tats membres o\u00f9 le Groupe exerce ses activit\u00e9s, ainsi que certaines r\u00e9glementations relatives aux sanctions promulgu\u00e9es par l\u2019Office of Foreign Assets Control (\u00ab OFAC \u00bb) du d\u00e9partement du Tr\u00e9sor am\u00e9ricain et applicables au Groupe (collectivement, les \u00ab Lois relatives aux sanctions commerciales \u00bb). Certaines sanctions de l\u2019OFAC (par exemple, les sanctions visant Cuba et l\u2019Iran) s\u2019appliquent aux activit\u00e9s commerciales du Groupe dans certaines circonstances, m\u00eame lorsque ces activit\u00e9s n\u2019impliquent pas les \u00c9tats-Unis ou des personnes ou entit\u00e9s am\u00e9ricaines. De plus, certaines sanctions am\u00e9ricaines s&rsquo;appliqueraient au Groupe. En particulier, les sanctions am\u00e9ricaines peuvent viser des entit\u00e9s non am\u00e9ricaines qui se livrent \u00e0 certaines transactions avec l&rsquo;Iran, la Cor\u00e9e du Nord et la Russie.[\/vc_column_text][vc_empty_space empty_h=\u00a0\u00bb1&Prime;][vc_custom_heading heading_semantic=\u00a0\u00bbh3&Prime; text_size=\u00a0\u00bbh3&Prime; uncode_shortcode_id=\u00a0\u00bb605252&Prime; el_id=\u00a0\u00bbmain_challenges\u00a0\u00bb]Conformit\u00e9 \u00e0 la politique anticorruption \u2013 interm\u00e9diaires tiers[\/vc_custom_heading][vc_empty_space empty_h=\u00a0\u00bb1&Prime;][vc_column_text uncode_shortcode_id=\u00a0\u00bb726053&Prime;]HGH conclut r\u00e9guli\u00e8rement des contrats avec des agents, repr\u00e9sentants, consultants, partenaires commerciaux, sous-traitants, fournisseurs et autres partenaires. HGH s&rsquo;assure que ses interm\u00e9diaires tiers connaissent et respectent sa politique et les lois applicables, notamment les lois anticorruption telles que Sapin II, la loi britannique sur la corruption (\u00ab UKBA \u00bb) et la loi am\u00e9ricaine sur les pratiques de corruption \u00e0 l&rsquo;\u00e9tranger (\u00ab FCPA \u00bb).[\/vc_column_text][vc_empty_space empty_h=\u00a0\u00bb1&Prime;][vc_custom_heading heading_semantic=\u00a0\u00bbh3&Prime; text_size=\u00a0\u00bbh3&Prime; uncode_shortcode_id=\u00a0\u00bb678009&Prime; el_id=\u00a0\u00bbmain_challenges\u00a0\u00bb]Politique de conformit\u00e9 anticorruption[\/vc_custom_heading][vc_empty_space empty_h=\u00a0\u00bb1&Prime;][vc_column_text uncode_shortcode_id=\u00a0\u00bb129387&Prime;]HGH s&rsquo;engage \u00e0 mener toutes ses activit\u00e9s conform\u00e9ment aux normes juridiques et \u00e9thiques les plus strictes et attend de tous ses employ\u00e9s et de toute personne agissant en son nom qu&rsquo;ils respectent cet engagement. \u00c0 cet effet, HGH a adopt\u00e9 une politique de conformit\u00e9 anticorruption, applicable \u00e0 l&rsquo;ensemble de ses administrateurs, dirigeants, employ\u00e9s, agents, repr\u00e9sentants et autres personnes associ\u00e9es (collectivement, le \u00ab Personnel du Groupe \u00bb). <\/p>\n<p>En bref, HGH ne tol\u00e8re aucune forme de corruption, qu&rsquo;elle soit directe ou indirecte (par exemple, par l&rsquo;interm\u00e9diaire de tiers), qu&rsquo;elle soit ou non explicitement interdite par la pr\u00e9sente politique ou par la loi. Le Personnel du Groupe n&rsquo;est pas autoris\u00e9 \u00e0 offrir ou \u00e0 donner quoi que ce soit de valeur (cadeaux, invitations, repas, etc.) dans le but d&rsquo;obtenir ou de conserver ind\u00fbment un avantage commercial. . De m\u00eame, il lui est interdit de solliciter ou d&rsquo;accepter de tels paiements ou avantages indus.  <\/p>\n<p>Cette politique et les contr\u00f4les internes ont \u00e9t\u00e9 con\u00e7us pour emp\u00eacher la corruption, \u00e9viter toute apparence d\u2019acte r\u00e9pr\u00e9hensible et permettre \u00e0 HGH de r\u00e9pondre rapidement et efficacement \u00e0 toute question concernant sa conduite et celle des personnes agissant en son nom.[\/vc_column_text][vc_empty_space empty_h=\u00a0\u00bb1&Prime;][\/vc_column][\/vc_row][vc_row row_height_percent=\u00a0\u00bb0&Prime; override_padding=\u00a0\u00bbyes\u00a0\u00bb h_padding=\u00a0\u00bb2&Prime; top_padding=\u00a0\u00bb2&Prime; bottom_padding=\u00a0\u00bb2&Prime; overlay_alpha=\u00a0\u00bb50&Prime; gutter_size=\u00a0\u00bb3&Prime; column_width_percent=\u00a0\u00bb100&Prime; shift_y=\u00a0\u00bb0&Prime; z_index=\u00a0\u00bb0&Prime; content_parallax=\u00a0\u00bb0&Prime; uncode_shortcode_id=\u00a0\u00bb797957&Prime;][vc_column column_width_percent=\u00a0\u00bb100&Prime; position_vertical=\u00a0\u00bbmiddle\u00a0\u00bb gutter_size=\u00a0\u00bb1&Prime; overlay_alpha=\u00a0\u00bb50&Prime; shift_x=\u00a0\u00bb0&Prime; shift_y=\u00a0\u00bb0&Prime; shift_y_down=\u00a0\u00bb0&Prime; z_index=\u00a0\u00bb0&Prime; medium_width=\u00a0\u00bb0&Prime; mobile_width=\u00a0\u00bb0&Prime; width=\u00a0\u00bb1\/1&Prime; uncode_shortcode_id=\u00a0\u00bb904438&Prime; el_class=\u00a0\u00bbjustify\u00a0\u00bb][vc_custom_heading uncode_shortcode_id=\u00a0\u00bb241467&Prime; el_id=\u00a0\u00bbmain_challenges\u00a0\u00bb]Achats Responsables[\/vc_custom_heading][vc_empty_space empty_h=\u00a0\u00bb1&Prime;][vc_column_text uncode_shortcode_id=\u00a0\u00bb172476&Prime;]Une attention particuli\u00e8re est port\u00e9e \u00e0 la s\u00e9lection des partenaires et fournisseurs. Chaque collaboration fait l\u2019objet d\u2019une \u00e9tude approfondie afin de v\u00e9rifier que les interlocuteurs partagent des pratiques socialement responsables et respectueuses de l\u2019environnement. Cette vigilance permet de construire des relations durables et bas\u00e9es sur la confiance, mais aussi de ma\u00eetriser la cha\u00eene de valeur. HGH est convaincu qu\u2019un fournisseur engag\u00e9 contribue directement \u00e0 la cr\u00e9dibilit\u00e9 et \u00e0 la performance globale de l\u2019entreprise.[\/vc_column_text][vc_empty_space empty_h=\u00a0\u00bb1&Prime;][\/vc_column][\/vc_row][vc_row row_height_percent=\u00a0\u00bb0&Prime; override_padding=\u00a0\u00bbyes\u00a0\u00bb h_padding=\u00a0\u00bb2&Prime; top_padding=\u00a0\u00bb2&Prime; bottom_padding=\u00a0\u00bb1&Prime; back_color=\u00a0\u00bbcolor-gyho\u00a0\u00bb overlay_alpha=\u00a0\u00bb50&Prime; gutter_size=\u00a0\u00bb3&Prime; column_width_percent=\u00a0\u00bb100&Prime; shift_y=\u00a0\u00bb0&Prime; z_index=\u00a0\u00bb0&Prime; content_parallax=\u00a0\u00bb0&Prime; uncode_shortcode_id=\u00a0\u00bb135514&Prime; back_color_type=\u00a0\u00bbuncode-palette\u00a0\u00bb row_name=\u00a0\u00bbmain_challenge\u00a0\u00bb][vc_column width=\u00a0\u00bb1\/1&Prime;][vc_custom_heading uncode_shortcode_id=\u00a0\u00bb542655&Prime; el_id=\u00a0\u00bbmain_challenges\u00a0\u00bb]Produits et Services de Qualit\u00e9[\/vc_custom_heading][vc_empty_space empty_h=\u00a0\u00bb1&Prime;][\/vc_column][\/vc_row][vc_row row_height_percent=\u00a0\u00bb0&Prime; back_color=\u00a0\u00bbcolor-gyho\u00a0\u00bb overlay_alpha=\u00a0\u00bb50&Prime; gutter_size=\u00a0\u00bb3&Prime; column_width_percent=\u00a0\u00bb100&Prime; shift_y=\u00a0\u00bb0&Prime; z_index=\u00a0\u00bb0&Prime; uncode_shortcode_id=\u00a0\u00bb191758&Prime; back_color_type=\u00a0\u00bbuncode-palette\u00a0\u00bb][vc_column column_width_percent=\u00a0\u00bb100&Prime; gutter_size=\u00a0\u00bb1&Prime; overlay_alpha=\u00a0\u00bb50&Prime; shift_x=\u00a0\u00bb0&Prime; shift_y=\u00a0\u00bb0&Prime; shift_y_down=\u00a0\u00bb0&Prime; z_index=\u00a0\u00bb0&Prime; medium_width=\u00a0\u00bb0&Prime; mobile_width=\u00a0\u00bb0&Prime; width=\u00a0\u00bb2\/3&Prime; uncode_shortcode_id=\u00a0\u00bb263055&Prime;][vc_custom_heading heading_semantic=\u00a0\u00bbh3&Prime; text_size=\u00a0\u00bbh3&Prime; uncode_shortcode_id=\u00a0\u00bb154678&Prime; el_id=\u00a0\u00bbmain_challenges\u00a0\u00bb]Satisfaction client[\/vc_custom_heading][vc_empty_space empty_h=\u00a0\u00bb1&Prime;][vc_column_text uncode_shortcode_id=\u00a0\u00bb150188&Prime; el_class=\u00a0\u00bbjustify\u00a0\u00bb]La satisfaction client est au centre des pr\u00e9occupations chez HGH. Questionnaires syst\u00e9matiques sont mises en place afin de recueillir l\u2019avis des clients et d\u2019\u00e9valuer la pertinence des solutions par rapport aux attentes. Les r\u00e9sultats sont analys\u00e9s avec attention et int\u00e9gr\u00e9s dans une d\u00e9marche d\u2019am\u00e9lioration continue, ce qui permet d\u2019anticiper les besoins et de renforcer la confiance \u00e9tablie. Sur certains produits, un QR code est cr\u00e9\u00e9 pour acc\u00e9der directement \u00e0 ce questionnaire, dans une logique de transparence et de dialogue permanent avec les clients.[\/vc_column_text][vc_empty_space empty_h=\u00a0\u00bb1&Prime;][vc_custom_heading heading_semantic=\u00a0\u00bbh3&Prime; text_size=\u00a0\u00bbh3&Prime; uncode_shortcode_id=\u00a0\u00bb189765&Prime; el_id=\u00a0\u00bbmain_challenges\u00a0\u00bb]Conformit\u00e9 aux r\u00e9glementations[\/vc_custom_heading][vc_empty_space empty_h=\u00a0\u00bb1&Prime;][vc_column_text uncode_shortcode_id=\u00a0\u00bb130868&Prime;]HGH veille \u00e0 ce que ses activit\u00e9s respectent strictement l\u2019ensemble des r\u00e8glementations applicables, comme par exemple, le marquage CE. Ces cadres normatifs sont essentiels pour garantir la s\u00e9curit\u00e9, la fiabilit\u00e9 et la qualit\u00e9 des produits et solutions. Leur application rigoureuse permet de prot\u00e9ger la sant\u00e9 des utilisateurs, de limiter les substances dangereuses et d\u2019assurer une mise sur le march\u00e9 conforme aux standards internationaux. En allant au-del\u00e0 de la simple obligation l\u00e9gale, l\u2019entreprise fait de la conformit\u00e9 r\u00e8glementaire un atout de sa responsabilit\u00e9 envers ses clients et ses partenaires.[\/vc_column_text][vc_empty_space empty_h=\u00a0\u00bb1&Prime;][vc_custom_heading heading_semantic=\u00a0\u00bbh3&Prime; text_size=\u00a0\u00bbh3&Prime; uncode_shortcode_id=\u00a0\u00bb142172&Prime; el_id=\u00a0\u00bbmain_challenges\u00a0\u00bb]Certification Qualit\u00e9[\/vc_custom_heading][vc_empty_space empty_h=\u00a0\u00bb1&Prime;][vc_column_text uncode_shortcode_id=\u00a0\u00bb124210&Prime; el_class=\u00a0\u00bbjustify\u00a0\u00bb]Depuis plus de 15 ans, l\u2019 entreprise est certifi\u00e9e ISO 9001 par Bureau Veritas. Cette reconnaissance atteste de la robustesse du syst\u00e8me de management de la qualit\u00e9. La certification ne couvre pas uniquement la production, mais concerne l\u2019ensemble des activit\u00e9s, gr\u00e2ce \u00e0 un p\u00f4le qualit\u00e9 d\u00e9di\u00e9 qui veille \u00e0 l\u2019am\u00e9lioration continue des processus. Elle refl\u00e8te une volont\u00e9 permanente d\u2019atteindre l\u2019excellence et de garantir aux clients des produits et services conformes \u00e0 leurs attentes.[\/vc_column_text][\/vc_column][vc_column width=\u00a0\u00bb1\/3&Prime;][vc_single_image media=\u00a0\u00bb169490&Prime; media_width_percent=\u00a0\u00bb80&Prime; uncode_shortcode_id=\u00a0\u00bb197553&Prime;][vc_empty_space empty_h=\u00a0\u00bb0&Prime;][vc_single_image media=\u00a0\u00bb169663&Prime; media_width_percent=\u00a0\u00bb40&Prime; alignment=\u00a0\u00bbcenter\u00a0\u00bb uncode_shortcode_id=\u00a0\u00bb134743&Prime;][vc_empty_space empty_h=\u00a0\u00bb0&Prime;][vc_single_image media=\u00a0\u00bb169665&Prime; media_width_percent=\u00a0\u00bb40&Prime; alignment=\u00a0\u00bbcenter\u00a0\u00bb uncode_shortcode_id=\u00a0\u00bb134458&Prime;][\/vc_column][\/vc_row][vc_row row_height_percent=\u00a0\u00bb0&Prime; override_padding=\u00a0\u00bbyes\u00a0\u00bb h_padding=\u00a0\u00bb2&Prime; top_padding=\u00a0\u00bb2&Prime; bottom_padding=\u00a0\u00bb2&Prime; overlay_alpha=\u00a0\u00bb50&Prime; gutter_size=\u00a0\u00bb3&Prime; column_width_percent=\u00a0\u00bb100&Prime; shift_y=\u00a0\u00bb0&Prime; z_index=\u00a0\u00bb0&Prime; content_parallax=\u00a0\u00bb0&Prime; uncode_shortcode_id=\u00a0\u00bb797957&Prime;][vc_column column_width_percent=\u00a0\u00bb100&Prime; position_vertical=\u00a0\u00bbmiddle\u00a0\u00bb gutter_size=\u00a0\u00bb1&Prime; overlay_alpha=\u00a0\u00bb50&Prime; shift_x=\u00a0\u00bb0&Prime; shift_y=\u00a0\u00bb0&Prime; shift_y_down=\u00a0\u00bb0&Prime; z_index=\u00a0\u00bb0&Prime; medium_width=\u00a0\u00bb0&Prime; mobile_width=\u00a0\u00bb0&Prime; width=\u00a0\u00bb2\/3&Prime; uncode_shortcode_id=\u00a0\u00bb136162&Prime;][vc_custom_heading uncode_shortcode_id=\u00a0\u00bb173335&Prime; el_id=\u00a0\u00bbmain_challenges\u00a0\u00bb]Cybers\u00e9curit\u00e9[\/vc_custom_heading][vc_empty_space empty_h=\u00a0\u00bb1&Prime;][vc_column_text uncode_shortcode_id=\u00a0\u00bb942063&Prime; el_class=\u00a0\u00bbjustify\u00a0\u00bb]La s\u00e9curit\u00e9 num\u00e9rique est un enjeu majeur pour HGH.[\/vc_column_text][vc_empty_space empty_h=\u00a0\u00bb1&Prime;][vc_custom_heading heading_semantic=\u00a0\u00bbh3&Prime; text_size=\u00a0\u00bbh3&Prime; uncode_shortcode_id=\u00a0\u00bb144987&Prime; el_id=\u00a0\u00bbmain_challenges\u00a0\u00bb]Cybers\u00e9curit\u00e9 \u00e9valu\u00e9e par la DGA[\/vc_custom_heading][vc_empty_space empty_h=\u00a0\u00bb1&Prime;][vc_column_text uncode_shortcode_id=\u00a0\u00bb872977&Prime; el_class=\u00a0\u00bbjustify\u00a0\u00bb]Les syst\u00e8mes int\u00e8grent des protections avanc\u00e9es, selon le R\u00e9f\u00e9rentiel de Maturit\u00e9 Cyber (RMC) de la <a href=\"https:\/\/www.defense.gouv.fr\/dga\" target=\"_blank\" rel=\"noopener\">DGA<\/a>, gage de fiabilit\u00e9 et de robustesse. R\u00e9guli\u00e8rement, les \u00e9quipes internes sont challeng\u00e9es par des exercices et des sensibilisations. Cette d\u00e9marche proactive assure une cybers\u00e9curit\u00e9 efficace, essentielle \u00e0 la protection des donn\u00e9es sensibles et \u00e0 la confiance des clients.[\/vc_column_text][vc_empty_space empty_h=\u00a0\u00bb1&Prime;][vc_custom_heading heading_semantic=\u00a0\u00bbh3&Prime; text_size=\u00a0\u00bbh3&Prime; uncode_shortcode_id=\u00a0\u00bb415452&Prime; el_id=\u00a0\u00bbmain_challenges\u00a0\u00bb]Certificat Cyber Essentials[\/vc_custom_heading][vc_empty_space empty_h=\u00a0\u00bb1&Prime;][vc_column_text uncode_shortcode_id=\u00a0\u00bb195880&Prime; el_class=\u00a0\u00bbjustify\u00a0\u00bb]HGH a \u00e9t\u00e9 \u00e9valu\u00e9e par le gouvernement britannique et a obtenu la certification Cyber \u200b\u200bEssentials. Cette certification repr\u00e9sente la norme minimale de cybers\u00e9curit\u00e9 recommand\u00e9e par le gouvernement pour les organisations de toutes tailles. \u00c9labor\u00e9 par les experts du NCSC, ce syst\u00e8me de certification repose sur cinq contr\u00f4les techniques con\u00e7us pour pr\u00e9venir les menaces de cybers\u00e9curit\u00e9 les plus courantes sur Internet. En savoir plus : <a href=\"https:\/\/www.ncsc.gov.uk\/cyberessentials\/overview\" target=\"_blank\" rel=\"noopener\">https:\/\/www.ncsc.gov.uk\/cyberessentials\/overview<\/a>[\/vc_column_text][vc_empty_space empty_h=\u00a0\u00bb2&Prime;][\/vc_column][vc_column width=\u00a0\u00bb1\/3&Prime;][vc_empty_space empty_h=\u00a0\u00bb0&Prime;][vc_single_image media=\u00a0\u00bb169667&Prime; media_width_percent=\u00a0\u00bb78&Prime; alignment=\u00a0\u00bbcenter\u00a0\u00bb uncode_shortcode_id=\u00a0\u00bb157423&Prime;][vc_empty_space empty_h=\u00a0\u00bb1&Prime;][\/vc_column][\/vc_row]<\/p>\n<\/div>","protected":false},"excerpt":{"rendered":"<p>[vc_row row_height_percent=\u00a0\u00bb0&Prime; override_padding=\u00a0\u00bbyes\u00a0\u00bb h_padding=\u00a0\u00bb2&Prime; top_padding=\u00a0\u00bb3&Prime; bottom_padding=\u00a0\u00bb3&Prime; back_image=\u00a0\u00bb169617&Prime; overlay_alpha=\u00a0\u00bb50&Prime; gutter_size=\u00a0\u00bb3&Prime; column_width_percent=\u00a0\u00bb100&Prime; shift_y=\u00a0\u00bb0&Prime; z_index=\u00a0\u00bb0&Prime; content_parallax=\u00a0\u00bb0&Prime; uncode_shortcode_id=\u00a0\u00bb141554&Prime;][vc_column column_width_percent=\u00a0\u00bb100&Prime; position_vertical=\u00a0\u00bbmiddle\u00a0\u00bb gutter_size=\u00a0\u00bb1&Prime; style=\u00a0\u00bbdark\u00a0\u00bb overlay_alpha=\u00a0\u00bb50&Prime; shift_x=\u00a0\u00bb0&Prime; [&hellip;]<\/p>\n","protected":false},"author":13,"featured_media":0,"parent":168359,"menu_order":0,"comment_status":"closed","ping_status":"closed","template":"","meta":{"footnotes":""},"class_list":["post-169120","page","type-page","status-publish","hentry"],"_links":{"self":[{"href":"https:\/\/hgh-infrared.com\/fr\/wp-json\/wp\/v2\/pages\/169120","targetHints":{"allow":["GET"]}}],"collection":[{"href":"https:\/\/hgh-infrared.com\/fr\/wp-json\/wp\/v2\/pages"}],"about":[{"href":"https:\/\/hgh-infrared.com\/fr\/wp-json\/wp\/v2\/types\/page"}],"author":[{"embeddable":true,"href":"https:\/\/hgh-infrared.com\/fr\/wp-json\/wp\/v2\/users\/13"}],"replies":[{"embeddable":true,"href":"https:\/\/hgh-infrared.com\/fr\/wp-json\/wp\/v2\/comments?post=169120"}],"version-history":[{"count":43,"href":"https:\/\/hgh-infrared.com\/fr\/wp-json\/wp\/v2\/pages\/169120\/revisions"}],"predecessor-version":[{"id":172354,"href":"https:\/\/hgh-infrared.com\/fr\/wp-json\/wp\/v2\/pages\/169120\/revisions\/172354"}],"up":[{"embeddable":true,"href":"https:\/\/hgh-infrared.com\/fr\/wp-json\/wp\/v2\/pages\/168359"}],"wp:attachment":[{"href":"https:\/\/hgh-infrared.com\/fr\/wp-json\/wp\/v2\/media?parent=169120"}],"curies":[{"name":"wp","href":"https:\/\/api.w.org\/{rel}","templated":true}]}}