{"id":169131,"date":"2025-12-12T12:53:11","date_gmt":"2025-12-12T12:53:11","guid":{"rendered":"https:\/\/hgh-infrared.com\/?page_id=169131"},"modified":"2026-04-24T14:51:57","modified_gmt":"2026-04-24T14:51:57","slug":"performance-environnementale","status":"publish","type":"page","link":"https:\/\/hgh-infrared.com\/fr\/rse\/performance-environnementale\/","title":{"rendered":"Performance environnementale chez HGH"},"content":{"rendered":"<div class=\"wpb-content-wrapper\"><p>[vc_row row_height_percent=\u00a0\u00bb0&Prime; override_padding=\u00a0\u00bbyes\u00a0\u00bb h_padding=\u00a0\u00bb2&Prime; top_padding=\u00a0\u00bb3&Prime; bottom_padding=\u00a0\u00bb3&Prime; back_image=\u00a0\u00bb169627&Prime; overlay_alpha=\u00a0\u00bb50&Prime; gutter_size=\u00a0\u00bb3&Prime; column_width_percent=\u00a0\u00bb100&Prime; shift_y=\u00a0\u00bb0&Prime; z_index=\u00a0\u00bb0&Prime; content_parallax=\u00a0\u00bb0&Prime; uncode_shortcode_id=\u00a0\u00bb173715&Prime;][vc_column column_width_percent=\u00a0\u00bb100&Prime; position_vertical=\u00a0\u00bbmiddle\u00a0\u00bb gutter_size=\u00a0\u00bb1&Prime; style=\u00a0\u00bbdark\u00a0\u00bb overlay_alpha=\u00a0\u00bb50&Prime; shift_x=\u00a0\u00bb0&Prime; shift_y=\u00a0\u00bb0&Prime; shift_y_down=\u00a0\u00bb0&Prime; z_index=\u00a0\u00bb0&Prime; medium_width=\u00a0\u00bb0&Prime; mobile_width=\u00a0\u00bb0&Prime; width=\u00a0\u00bb1\/1&Prime; uncode_shortcode_id=\u00a0\u00bb848377&Prime;][uncode_breadcrumbs el_class=\u00a0\u00bbbreadcrumbs-corpo\u00a0\u00bb][vc_empty_space empty_h=\u00a0\u00bb1&Prime;][vc_empty_space empty_h=\u00a0\u00bb0&Prime;][vc_custom_heading text_color=\u00a0\u00bbcolor-xsdn\u00a0\u00bb heading_semantic=\u00a0\u00bbh1&Prime; text_size=\u00a0\u00bbh1&Prime; text_weight=\u00a0\u00bb800&Prime; uncode_shortcode_id=\u00a0\u00bb172540&Prime; text_color_type=\u00a0\u00bbuncode-palette\u00a0\u00bb]RSE &#8211; Environnemental[\/vc_custom_heading][\/vc_column][\/vc_row][vc_row row_height_percent=\u00a0\u00bb0&Prime; override_padding=\u00a0\u00bbyes\u00a0\u00bb h_padding=\u00a0\u00bb2&Prime; top_padding=\u00a0\u00bb2&Prime; bottom_padding=\u00a0\u00bb1&Prime; overlay_alpha=\u00a0\u00bb50&Prime; gutter_size=\u00a0\u00bb3&Prime; column_width_percent=\u00a0\u00bb100&Prime; shift_y=\u00a0\u00bb0&Prime; z_index=\u00a0\u00bb0&Prime; content_parallax=\u00a0\u00bb0&Prime; uncode_shortcode_id=\u00a0\u00bb851474&Prime;][vc_column column_width_percent=\u00a0\u00bb100&Prime; position_vertical=\u00a0\u00bbmiddle\u00a0\u00bb gutter_size=\u00a0\u00bb1&Prime; overlay_alpha=\u00a0\u00bb50&Prime; shift_x=\u00a0\u00bb0&Prime; shift_y=\u00a0\u00bb0&Prime; shift_y_down=\u00a0\u00bb0&Prime; z_index=\u00a0\u00bb0&Prime; medium_width=\u00a0\u00bb0&Prime; mobile_width=\u00a0\u00bb0&Prime; width=\u00a0\u00bb1\/1&Prime; uncode_shortcode_id=\u00a0\u00bb904438&Prime; el_class=\u00a0\u00bbjustify\u00a0\u00bb][vc_column_text uncode_shortcode_id=\u00a0\u00bb833192&Prime;]HGH prend en compte les aspects environnementaux dans tous ses processus et activit\u00e9s.[\/vc_column_text][vc_empty_space empty_h=\u00a0\u00bb1&Prime;][vc_custom_heading uncode_shortcode_id=\u00a0\u00bb148915&Prime; el_id=\u00a0\u00bbmain_challenges\u00a0\u00bb]R\u00e9duction de l\u2019empreinte carbone[\/vc_custom_heading][vc_empty_space empty_h=\u00a0\u00bb1&Prime;][vc_column_text uncode_shortcode_id=\u00a0\u00bb628718&Prime;]Depuis 2022, HGH r\u00e9alise un bilan carbone complet en s\u2019appuyant sur la m\u00e9thodologie de <a href=\"https:\/\/www.ademe.fr\/en\/frontpage\/\" target=\"_blank\" rel=\"noopener\">l\u2019ADEME <\/a>(Agence de l\u2019environnement et de la maitrise de l\u2019\u00e9nergie). Cet outil permet d\u2019identifier les principaux postes d\u2019\u00e9missions de gaz \u00e0 effet de serre et de mettre en \u0153uvre des plans d\u2019actions cibl\u00e9s. L\u2019objectif est clair : r\u00e9duire significativement l\u2019 empreinte environnementale et inscrire HGH dans une dynamique de transition \u00e9cologique durable. Cette d\u00e9marche est \u00e9galement un moyen de f\u00e9d\u00e9rer les \u00e9quipes autour d\u2019un projet collectif et porteur de sens.[\/vc_column_text][\/vc_column][\/vc_row][vc_row row_height_percent=\u00a0\u00bb0&Prime; override_padding=\u00a0\u00bbyes\u00a0\u00bb h_padding=\u00a0\u00bb2&Prime; top_padding=\u00a0\u00bb2&Prime; bottom_padding=\u00a0\u00bb2&Prime; overlay_alpha=\u00a0\u00bb50&Prime; gutter_size=\u00a0\u00bb3&Prime; column_width_percent=\u00a0\u00bb100&Prime; shift_y=\u00a0\u00bb0&Prime; z_index=\u00a0\u00bb0&Prime; content_parallax=\u00a0\u00bb0&Prime; uncode_shortcode_id=\u00a0\u00bb797957&Prime;][vc_column column_width_percent=\u00a0\u00bb100&Prime; position_vertical=\u00a0\u00bbmiddle\u00a0\u00bb gutter_size=\u00a0\u00bb1&Prime; overlay_alpha=\u00a0\u00bb50&Prime; shift_x=\u00a0\u00bb0&Prime; shift_y=\u00a0\u00bb0&Prime; shift_y_down=\u00a0\u00bb0&Prime; z_index=\u00a0\u00bb0&Prime; medium_width=\u00a0\u00bb0&Prime; mobile_width=\u00a0\u00bb0&Prime; width=\u00a0\u00bb1\/1&Prime; uncode_shortcode_id=\u00a0\u00bb904438&Prime; el_class=\u00a0\u00bbjustify\u00a0\u00bb][vc_custom_heading uncode_shortcode_id=\u00a0\u00bb143777&Prime; el_id=\u00a0\u00bbmain_challenges\u00a0\u00bb]Frugalit\u00e9 \u00e9nerg\u00e9tique[\/vc_custom_heading][vc_empty_space empty_h=\u00a0\u00bb1&Prime;][vc_column_text uncode_shortcode_id=\u00a0\u00bb204918&Prime;]De nombreuses r\u00e8gles internes ont \u00e9t\u00e9 instaur\u00e9s visant \u00e0 limiter les consommations \u00e9nerg\u00e9tiques. Cela concerne aussi bien la gestion des locaux que les process de production, par exemple le syst\u00e8me de chauffage r\u00e9versible est garanti par des pompes \u00e0 chaleur.[\/vc_column_text][\/vc_column][\/vc_row][vc_row row_height_percent=\u00a0\u00bb0&Prime; override_padding=\u00a0\u00bbyes\u00a0\u00bb h_padding=\u00a0\u00bb2&Prime; top_padding=\u00a0\u00bb2&Prime; bottom_padding=\u00a0\u00bb1&Prime; back_color=\u00a0\u00bbcolor-gyho\u00a0\u00bb overlay_alpha=\u00a0\u00bb50&Prime; gutter_size=\u00a0\u00bb3&Prime; column_width_percent=\u00a0\u00bb100&Prime; shift_y=\u00a0\u00bb0&Prime; z_index=\u00a0\u00bb0&Prime; content_parallax=\u00a0\u00bb0&Prime; uncode_shortcode_id=\u00a0\u00bb135514&Prime; back_color_type=\u00a0\u00bbuncode-palette\u00a0\u00bb row_name=\u00a0\u00bbmain_challenge\u00a0\u00bb][vc_column width=\u00a0\u00bb1\/1&Prime;][vc_custom_heading uncode_shortcode_id=\u00a0\u00bb132456&Prime; el_id=\u00a0\u00bbmain_challenges\u00a0\u00bb]Mobilit\u00e9 durable[\/vc_custom_heading][\/vc_column][\/vc_row][vc_row row_height_percent=\u00a0\u00bb0&Prime; override_padding=\u00a0\u00bbyes\u00a0\u00bb h_padding=\u00a0\u00bb2&Prime; top_padding=\u00a0\u00bb2&Prime; bottom_padding=\u00a0\u00bb1&Prime; back_color=\u00a0\u00bbcolor-gyho\u00a0\u00bb overlay_alpha=\u00a0\u00bb50&Prime; gutter_size=\u00a0\u00bb3&Prime; column_width_percent=\u00a0\u00bb100&Prime; shift_y=\u00a0\u00bb0&Prime; z_index=\u00a0\u00bb0&Prime; content_parallax=\u00a0\u00bb0&Prime; uncode_shortcode_id=\u00a0\u00bb402548&Prime; back_color_type=\u00a0\u00bbuncode-palette\u00a0\u00bb][vc_column width=\u00a0\u00bb1\/3&Prime;][vc_single_image media=\u00a0\u00bb169580&Prime; media_width_percent=\u00a0\u00bb100&Prime; uncode_shortcode_id=\u00a0\u00bb100061&Prime;][\/vc_column][vc_column column_width_percent=\u00a0\u00bb100&Prime; gutter_size=\u00a0\u00bb1&Prime; overlay_alpha=\u00a0\u00bb50&Prime; shift_x=\u00a0\u00bb0&Prime; shift_y=\u00a0\u00bb0&Prime; shift_y_down=\u00a0\u00bb0&Prime; z_index=\u00a0\u00bb0&Prime; medium_width=\u00a0\u00bb0&Prime; mobile_width=\u00a0\u00bb0&Prime; width=\u00a0\u00bb2\/3&Prime; uncode_shortcode_id=\u00a0\u00bb263055&Prime;][vc_column_text uncode_shortcode_id=\u00a0\u00bb153740&Prime;]HGH encourage les collaborateurs \u00e0 adopter des modes de transport plus respectueux de l\u2019environnement. Pour cela, une prime mobilit\u00e9 durable a \u00e9t\u00e9 mise en place afin de soutenir celles et ceux qui privil\u00e9gient le v\u00e9lo, le covoiturage ou les transports en commun. Ces initiatives traduisent une volont\u00e9 de r\u00e9duire l\u2019impact des activit\u00e9s de l\u2019entreprise au quotidien.[\/vc_column_text][\/vc_column][\/vc_row][vc_row row_height_percent=\u00a0\u00bb0&Prime; back_color=\u00a0\u00bbcolor-gyho\u00a0\u00bb overlay_alpha=\u00a0\u00bb50&Prime; gutter_size=\u00a0\u00bb3&Prime; column_width_percent=\u00a0\u00bb100&Prime; shift_y=\u00a0\u00bb0&Prime; z_index=\u00a0\u00bb0&Prime; uncode_shortcode_id=\u00a0\u00bb191758&Prime; back_color_type=\u00a0\u00bbuncode-palette\u00a0\u00bb][vc_column column_width_percent=\u00a0\u00bb100&Prime; gutter_size=\u00a0\u00bb1&Prime; overlay_alpha=\u00a0\u00bb50&Prime; shift_x=\u00a0\u00bb0&Prime; shift_y=\u00a0\u00bb0&Prime; shift_y_down=\u00a0\u00bb0&Prime; z_index=\u00a0\u00bb0&Prime; medium_width=\u00a0\u00bb0&Prime; mobile_width=\u00a0\u00bb0&Prime; width=\u00a0\u00bb1\/1&Prime; uncode_shortcode_id=\u00a0\u00bb263055&Prime;][vc_custom_heading uncode_shortcode_id=\u00a0\u00bb870859&Prime; el_id=\u00a0\u00bbmain_challenges\u00a0\u00bb]Traitement des d\u00e9chets[\/vc_custom_heading][vc_empty_space empty_h=\u00a0\u00bb1&Prime;][vc_column_text uncode_shortcode_id=\u00a0\u00bb268877&Prime;]Une gestion stricte et responsable de d\u00e9chets est mise en place. Les d\u00e9chets m\u00e9nagers et emballages sont s\u00e9par\u00e9s en deux flux et collect\u00e9s par la SIOM (Syndicat Intercommunal des Ordures M\u00e9nag\u00e8res de la Vall\u00e9e de Chevreuse). Les d\u00e9chets \u00e9lectroniques sont confi\u00e9s \u00e0 la fili\u00e8re DEEE (ECOSYSTEM) , et les d\u00e9chets chimiques sont pris en charge par CHIMIREC. Les piles, n\u00e9ons, m\u00e9taux font \u00e9galement l\u2019objet de fili\u00e8res sp\u00e9cialis\u00e9es.   <\/p>\n<p>Ce maillage de partenaires permet d\u2019assurer une \u00e9limination conforme et respectueuse de l\u2019environnement. Cette approche rigoureuse garantit une meilleure valorisation des mati\u00e8res et une r\u00e9duction des impacts sur l\u2019environnement.[\/vc_column_text][vc_empty_space empty_h=\u00a0\u00bb1&Prime;][vc_custom_heading uncode_shortcode_id=\u00a0\u00bb185458&Prime; el_id=\u00a0\u00bbmain_challenges\u00a0\u00bb]Conformit\u00e9 aux r\u00e9glementations[\/vc_custom_heading][vc_empty_space empty_h=\u00a0\u00bb1&Prime;][vc_column_text uncode_shortcode_id=\u00a0\u00bb553002&Prime;]HGH veille \u00e0 ce que ses activit\u00e9s respectent strictement l\u2019ensemble des r\u00e9glementations applicables, comme par exemple, REACH, RoHS . Ces cadres normatifs sont essentiels pour garantir la s\u00e9curit\u00e9, la fiabilit\u00e9 et la qualit\u00e9 des produits et solutions. Leur application rigoureuse permet de prot\u00e9ger la sant\u00e9 des utilisateurs, de limiter les substances dangereuses et d\u2019assurer une mise sur le march\u00e9 conforme aux standards internationaux. En allant au-del\u00e0 de la simple obligation l\u00e9gale, l\u2019entreprise fait de la conformit\u00e9 r\u00e9glementaire un atout de sa responsabilit\u00e9 envers ses clients et ses partenaires.[\/vc_column_text][\/vc_column][\/vc_row][vc_row row_height_percent=\u00a0\u00bb0&Prime; override_padding=\u00a0\u00bbyes\u00a0\u00bb h_padding=\u00a0\u00bb2&Prime; top_padding=\u00a0\u00bb2&Prime; bottom_padding=\u00a0\u00bb2&Prime; overlay_alpha=\u00a0\u00bb50&Prime; gutter_size=\u00a0\u00bb3&Prime; column_width_percent=\u00a0\u00bb100&Prime; shift_y=\u00a0\u00bb0&Prime; z_index=\u00a0\u00bb0&Prime; content_parallax=\u00a0\u00bb0&Prime; uncode_shortcode_id=\u00a0\u00bb797957&Prime;][vc_column column_width_percent=\u00a0\u00bb100&Prime; position_vertical=\u00a0\u00bbmiddle\u00a0\u00bb gutter_size=\u00a0\u00bb1&Prime; overlay_alpha=\u00a0\u00bb50&Prime; shift_x=\u00a0\u00bb0&Prime; shift_y=\u00a0\u00bb0&Prime; shift_y_down=\u00a0\u00bb0&Prime; z_index=\u00a0\u00bb0&Prime; medium_width=\u00a0\u00bb0&Prime; mobile_width=\u00a0\u00bb0&Prime; width=\u00a0\u00bb2\/3&Prime; uncode_shortcode_id=\u00a0\u00bb136162&Prime;][vc_empty_space empty_h=\u00a0\u00bb1&Prime;][vc_column_text uncode_shortcode_id=\u00a0\u00bb122993&Prime;]Gr\u00e2ce \u00e0 ses initiatives de recherche et d\u00e9veloppement, HGH accompagne ses clients dans leurs actions contre le changement climatique et la r\u00e9duction de leur empreinte carbone.[\/vc_column_text][vc_empty_space empty_h=\u00a0\u00bb1&Prime;][vc_custom_heading uncode_shortcode_id=\u00a0\u00bb138088&Prime; el_id=\u00a0\u00bbmain_challenges\u00a0\u00bb]D\u00e9veloppement de technologies propres[\/vc_custom_heading][vc_empty_space empty_h=\u00a0\u00bb1&Prime;][vc_column_text uncode_shortcode_id=\u00a0\u00bb121662&Prime;]HGH collabore avec ses clients pour mettre en \u0153uvre des syst\u00e8mes et technologies respectueux de l\u2019environnement. Un exemple concret est le projet LOGGI, qui illustre la volont\u00e9 d\u2019apporter des r\u00e9ponses innovantes aux enjeux \u00e9cologiques actuels. Ces d\u00e9veloppements renforcent le r\u00f4le d\u2019acteur engag\u00e9 dans la transition \u00e9nerg\u00e9tique et environnementale, et participent \u00e0 la construction d\u2019un avenir plus durable pour les clients et partenaires.[\/vc_column_text][vc_empty_space empty_h=\u00a0\u00bb1&Prime;][vc_custom_heading uncode_shortcode_id=\u00a0\u00bb423854&Prime; el_id=\u00a0\u00bbmain_challenges\u00a0\u00bb]Conception durable des produits[\/vc_custom_heading][vc_empty_space empty_h=\u00a0\u00bb1&Prime;][vc_column_text uncode_shortcode_id=\u00a0\u00bb799450&Prime;]Les produits HGH sont con\u00e7us pour une fiabilit\u00e9 et une utilisation \u00e0 long terme optimales. Ils sont \u00e9galement r\u00e9parables, HGH assurant un service de r\u00e9paration pendant plus de 10 ans. HGH propose des solutions d&#8217;emballage r\u00e9utilisables afin de minimiser les d\u00e9chets et de garantir un transport s\u00fbr et efficace.[\/vc_column_text][vc_empty_space empty_h=\u00a0\u00bb1&Prime;][\/vc_column][vc_column width=\u00a0\u00bb1\/3&Prime;][vc_single_image media=\u00a0\u00bb169657&Prime; media_width_percent=\u00a0\u00bb62&Prime; alignment=\u00a0\u00bbcenter\u00a0\u00bb uncode_shortcode_id=\u00a0\u00bb184479&Prime;][\/vc_column][\/vc_row][vc_row row_height_percent=\u00a0\u00bb0&Prime; back_color=\u00a0\u00bbcolor-gyho\u00a0\u00bb overlay_alpha=\u00a0\u00bb50&Prime; gutter_size=\u00a0\u00bb3&Prime; column_width_percent=\u00a0\u00bb100&Prime; shift_y=\u00a0\u00bb0&Prime; z_index=\u00a0\u00bb0&Prime; uncode_shortcode_id=\u00a0\u00bb191758&Prime; back_color_type=\u00a0\u00bbuncode-palette\u00a0\u00bb][vc_column column_width_percent=\u00a0\u00bb100&Prime; gutter_size=\u00a0\u00bb1&Prime; overlay_alpha=\u00a0\u00bb50&Prime; shift_x=\u00a0\u00bb0&Prime; shift_y=\u00a0\u00bb0&Prime; shift_y_down=\u00a0\u00bb0&Prime; z_index=\u00a0\u00bb0&Prime; medium_width=\u00a0\u00bb0&Prime; mobile_width=\u00a0\u00bb0&Prime; width=\u00a0\u00bb1\/1&Prime; uncode_shortcode_id=\u00a0\u00bb263055&Prime;][vc_custom_heading uncode_shortcode_id=\u00a0\u00bb936837&Prime; el_id=\u00a0\u00bbmain_challenges\u00a0\u00bb]Observation de l&rsquo;espace et de la Terre et surveillance du changement climatique[\/vc_custom_heading][vc_empty_space empty_h=\u00a0\u00bb1&Prime;][vc_column_text uncode_shortcode_id=\u00a0\u00bb166906&Prime;]Les corps noirs compatibles vide de HGH sont des composants essentiels de la phase d&rsquo;assemblage, d&rsquo;int\u00e9gration, de v\u00e9rification et de test (AIVT) lors du d\u00e9veloppement de satellites. Ils ont jou\u00e9 un r\u00f4le d\u00e9terminant dans les missions Meteosat de troisi\u00e8me g\u00e9n\u00e9ration (MTG), METOP-C et dans de nombreuses missions d&rsquo;observation de la Terre, de m\u00e9t\u00e9orologie et de surveillance environnementale, telles que le programme <a href=\"https:\/\/hgh-infrared.com\/fr\/hgh-a-remporte-un-contrat-aupres-dairbus-defence-and-space\/\">Copernicus<\/a>, qui vise \u00e0 am\u00e9liorer la surveillance des temp\u00e9ratures de surface terrestre et c\u00f4ti\u00e8re afin, entre autres, de soutenir la gestion agricole et les services environnementaux. <\/p>\n<p>HGH participe \u00e0 la mission TRISHNA en fournissant une source de r\u00e9f\u00e9rence haute performance compatible vide. D\u00e9velopp\u00e9e par le CNES et son homologue indien, l&rsquo;ISRO (Organisation indienne de recherche spatiale), la mission <a href=\"https:\/\/cnes.fr\/projets\/trishna\" target=\"_blank\" rel=\"noopener\">TRISHNA <\/a>est con\u00e7ue pour recueillir des images de la surface terrestre dans le domaine solaire et infrarouge thermique avec une r\u00e9solution et une fr\u00e9quence de revisite in\u00e9dites.[\/vc_column_text][\/vc_column][\/vc_row]<\/p>\n<\/div>","protected":false},"excerpt":{"rendered":"<p>[vc_row row_height_percent=\u00a0\u00bb0&Prime; override_padding=\u00a0\u00bbyes\u00a0\u00bb h_padding=\u00a0\u00bb2&Prime; top_padding=\u00a0\u00bb3&Prime; bottom_padding=\u00a0\u00bb3&Prime; back_image=\u00a0\u00bb169627&Prime; overlay_alpha=\u00a0\u00bb50&Prime; gutter_size=\u00a0\u00bb3&Prime; column_width_percent=\u00a0\u00bb100&Prime; shift_y=\u00a0\u00bb0&Prime; z_index=\u00a0\u00bb0&Prime; content_parallax=\u00a0\u00bb0&Prime; uncode_shortcode_id=\u00a0\u00bb173715&Prime;][vc_column column_width_percent=\u00a0\u00bb100&Prime; position_vertical=\u00a0\u00bbmiddle\u00a0\u00bb gutter_size=\u00a0\u00bb1&Prime; style=\u00a0\u00bbdark\u00a0\u00bb overlay_alpha=\u00a0\u00bb50&Prime; shift_x=\u00a0\u00bb0&Prime; [&hellip;]<\/p>\n","protected":false},"author":13,"featured_media":0,"parent":168359,"menu_order":0,"comment_status":"closed","ping_status":"closed","template":"","meta":{"footnotes":""},"class_list":["post-169131","page","type-page","status-publish","hentry"],"_links":{"self":[{"href":"https:\/\/hgh-infrared.com\/fr\/wp-json\/wp\/v2\/pages\/169131","targetHints":{"allow":["GET"]}}],"collection":[{"href":"https:\/\/hgh-infrared.com\/fr\/wp-json\/wp\/v2\/pages"}],"about":[{"href":"https:\/\/hgh-infrared.com\/fr\/wp-json\/wp\/v2\/types\/page"}],"author":[{"embeddable":true,"href":"https:\/\/hgh-infrared.com\/fr\/wp-json\/wp\/v2\/users\/13"}],"replies":[{"embeddable":true,"href":"https:\/\/hgh-infrared.com\/fr\/wp-json\/wp\/v2\/comments?post=169131"}],"version-history":[{"count":26,"href":"https:\/\/hgh-infrared.com\/fr\/wp-json\/wp\/v2\/pages\/169131\/revisions"}],"predecessor-version":[{"id":172286,"href":"https:\/\/hgh-infrared.com\/fr\/wp-json\/wp\/v2\/pages\/169131\/revisions\/172286"}],"up":[{"embeddable":true,"href":"https:\/\/hgh-infrared.com\/fr\/wp-json\/wp\/v2\/pages\/168359"}],"wp:attachment":[{"href":"https:\/\/hgh-infrared.com\/fr\/wp-json\/wp\/v2\/media?parent=169131"}],"curies":[{"name":"wp","href":"https:\/\/api.w.org\/{rel}","templated":true}]}}