{"id":169425,"date":"2025-12-08T07:55:16","date_gmt":"2025-12-08T07:55:16","guid":{"rendered":"https:\/\/hgh-infrared.com\/?page_id=169425"},"modified":"2026-01-14T14:23:44","modified_gmt":"2026-01-14T14:23:44","slug":"innovation","status":"publish","type":"page","link":"https:\/\/hgh-infrared.com\/fr\/innovation\/","title":{"rendered":"Innovation"},"content":{"rendered":"<div class=\"wpb-content-wrapper\"><p>[vc_row row_height_percent=\u00a0\u00bb0&Prime; override_padding=\u00a0\u00bbyes\u00a0\u00bb h_padding=\u00a0\u00bb2&Prime; top_padding=\u00a0\u00bb3&Prime; bottom_padding=\u00a0\u00bb3&Prime; back_image=\u00a0\u00bb169693&Prime; back_position=\u00a0\u00bbright bottom\u00a0\u00bb overlay_alpha=\u00a0\u00bb50&Prime; gutter_size=\u00a0\u00bb3&Prime; column_width_percent=\u00a0\u00bb100&Prime; shift_y=\u00a0\u00bb0&Prime; z_index=\u00a0\u00bb0&Prime; content_parallax=\u00a0\u00bb0&Prime; uncode_shortcode_id=\u00a0\u00bb191229&Prime;][vc_column column_width_percent=\u00a0\u00bb100&Prime; position_vertical=\u00a0\u00bbmiddle\u00a0\u00bb gutter_size=\u00a0\u00bb1&Prime; style=\u00a0\u00bbdark\u00a0\u00bb overlay_alpha=\u00a0\u00bb50&Prime; shift_x=\u00a0\u00bb0&Prime; shift_y=\u00a0\u00bb0&Prime; shift_y_down=\u00a0\u00bb0&Prime; z_index=\u00a0\u00bb0&Prime; medium_width=\u00a0\u00bb0&Prime; mobile_width=\u00a0\u00bb0&Prime; width=\u00a0\u00bb1\/1&Prime; uncode_shortcode_id=\u00a0\u00bb848377&Prime;][uncode_breadcrumbs el_class=\u00a0\u00bbbreadcrumbs-corpo\u00a0\u00bb][vc_empty_space empty_h=\u00a0\u00bb1&Prime;][vc_empty_space empty_h=\u00a0\u00bb0&Prime;][vc_custom_heading text_color=\u00a0\u00bbcolor-xsdn\u00a0\u00bb heading_semantic=\u00a0\u00bbp\u00a0\u00bb text_size=\u00a0\u00bbh1&Prime; text_weight=\u00a0\u00bb800&Prime; uncode_shortcode_id=\u00a0\u00bb163987&Prime; text_color_type=\u00a0\u00bbuncode-palette\u00a0\u00bb]INNOVATION[\/vc_custom_heading][\/vc_column][\/vc_row][vc_row row_height_percent=\u00a0\u00bb0&Prime; overlay_alpha=\u00a0\u00bb50&Prime; gutter_size=\u00a0\u00bb3&Prime; column_width_percent=\u00a0\u00bb100&Prime; shift_y=\u00a0\u00bb0&Prime; z_index=\u00a0\u00bb0&Prime; content_parallax=\u00a0\u00bb0&Prime; uncode_shortcode_id=\u00a0\u00bb611273&Prime; row_name=\u00a0\u00bbmain_challenge\u00a0\u00bb][vc_column width=\u00a0\u00bb1\/1&Prime;][vc_custom_heading text_color=\u00a0\u00bbcolor-jevc\u00a0\u00bb heading_semantic=\u00a0\u00bbh1&Prime; text_weight=\u00a0\u00bb800&Prime; uncode_shortcode_id=\u00a0\u00bb114571&Prime; text_color_type=\u00a0\u00bbuncode-palette\u00a0\u00bb]<strong>L\u2019innovation, pilier fondamental de l\u2019ADN de HGH<\/strong>[\/vc_custom_heading][\/vc_column][\/vc_row][vc_row row_height_percent=\u00a0\u00bb0&Prime; override_padding=\u00a0\u00bbyes\u00a0\u00bb h_padding=\u00a0\u00bb2&Prime; top_padding=\u00a0\u00bb2&Prime; bottom_padding=\u00a0\u00bb0&Prime; overlay_alpha=\u00a0\u00bb50&Prime; gutter_size=\u00a0\u00bb3&Prime; column_width_percent=\u00a0\u00bb100&Prime; shift_y=\u00a0\u00bb0&Prime; z_index=\u00a0\u00bb0&Prime; content_parallax=\u00a0\u00bb0&Prime; uncode_shortcode_id=\u00a0\u00bb317248&Prime;][vc_column column_width_percent=\u00a0\u00bb100&Prime; gutter_size=\u00a0\u00bb1&Prime; overlay_alpha=\u00a0\u00bb50&Prime; shift_x=\u00a0\u00bb0&Prime; shift_y=\u00a0\u00bb0&Prime; shift_y_down=\u00a0\u00bb0&Prime; z_index=\u00a0\u00bb0&Prime; medium_width=\u00a0\u00bb0&Prime; mobile_width=\u00a0\u00bb0&Prime; width=\u00a0\u00bb1\/2&Prime; uncode_shortcode_id=\u00a0\u00bb263055&Prime;][vc_column_text uncode_shortcode_id=\u00a0\u00bb115439&Prime; el_class=\u00a0\u00bbjustify\u00a0\u00bb]Chez HGH, l\u2019innovation est plus qu\u2019une valeur, c\u2019est le moteur du d\u00e9veloppement de l\u2019entreprise et le fondement de chaque action. Chaque jour, HGH rel\u00e8ve les d\u00e9fis technologiques de l\u2019optronique pour concevoir des solutions de haute pr\u00e9cision pour la surveillance, le test et le contr\u00f4le des processus industriels. L\u2019objectif est de fournir des solutions fiables et performantes pour r\u00e9pondre aux besoins en constante \u00e9volution des clients. Avec le <a href=\"https:\/\/hgh-infrared.com\/fr\/presentation\/\">centre de R&amp;D <\/a>situ\u00e9 en France (dans la r\u00e9gion de Paris-Saclay), l\u2019\u00e9quipe d\u2019experts en infrarouge et en optique de HGH \u2013 dont 45% d\u2019ing\u00e9nieurs \u2013 m\u00e8ne une veille technologique active pour rester \u00e0 la pointe du progr\u00e8s. R\u00e9solument tourn\u00e9e vers l\u2019avenir, une grande partie des revenus est investie dans la recherche et le d\u00e9veloppement. Car pour HGH, la croissance passe avant tout par l\u2019innovation.[\/vc_column_text][vc_empty_space empty_h=\u00a0\u00bb1&Prime;][\/vc_column][vc_column width=\u00a0\u00bb1\/2&Prime;][vc_column_text uncode_shortcode_id=\u00a0\u00bb131551&Prime;]<iframe width=\"560\" height=\"315\" src=\"https:\/\/www.youtube.com\/embed\/qQJ1eB1QwX4?autoplay=1&amp;loop=1&amp;playlist=qQJ1eB1QwX4&amp;mute=1\" frameborder=\"0\" allow=\"accelerometer; autoplay; clipboard-write; encrypted-media; gyroscope; picture-in-picture\" allowfullscreen=\"\"><\/iframe>[\/vc_column_text][\/vc_column][\/vc_row][vc_row row_height_percent=\u00a0\u00bb0&Prime; overlay_alpha=\u00a0\u00bb50&Prime; equal_height=\u00a0\u00bbyes\u00a0\u00bb gutter_size=\u00a0\u00bb3&Prime; column_width_percent=\u00a0\u00bb100&Prime; shift_y=\u00a0\u00bb0&Prime; z_index=\u00a0\u00bb0&Prime; uncode_shortcode_id=\u00a0\u00bb573670&Prime;][vc_column width=\u00a0\u00bb1\/1&Prime;][vc_column_text uncode_shortcode_id=\u00a0\u00bb207382&Prime;]<\/p>\n<ul>\n<li>HGH a re\u00e7u de nombreuses r\u00e9compenses pour sa capacit\u00e9 \u00e0 innover en permanence et \u00e0 proposer les derni\u00e8res technologies \u00e9lectro-optiques<\/li>\n<li>20 % du chiffre d&rsquo;affaires est investi dans la R&amp;D<\/li>\n<li>L&rsquo;\u00e9quipe est compos\u00e9e d&rsquo;ing\u00e9nieurs hautement qualifi\u00e9s en optique, m\u00e9canique, \u00e9lectronique et logiciels<\/li>\n<li>Collaboration sur des projets de R&amp;D avec des l<a href=\"https:\/\/hgh-infrared.com\/fr\/partenariats\/\">aboratoires de recherche et des universit\u00e9s prestigieux<\/a><\/li>\n<\/ul>\n<p>[\/vc_column_text][\/vc_column][\/vc_row][vc_row][vc_column width=\u00a0\u00bb1\/6&Prime;][vc_single_image media=\u00a0\u00bb170110&Prime; media_width_percent=\u00a0\u00bb100&Prime; uncode_shortcode_id=\u00a0\u00bb145909&Prime;][\/vc_column][vc_column width=\u00a0\u00bb1\/6&Prime;][vc_single_image media=\u00a0\u00bb170112&Prime; media_width_percent=\u00a0\u00bb100&Prime; uncode_shortcode_id=\u00a0\u00bb145909&Prime;][\/vc_column][vc_column width=\u00a0\u00bb1\/6&Prime;][vc_single_image media=\u00a0\u00bb170114&Prime; media_width_percent=\u00a0\u00bb100&Prime; uncode_shortcode_id=\u00a0\u00bb145909&Prime;][\/vc_column][vc_column width=\u00a0\u00bb1\/6&Prime;][vc_single_image media=\u00a0\u00bb170116&Prime; media_width_percent=\u00a0\u00bb100&Prime; uncode_shortcode_id=\u00a0\u00bb145909&Prime;][\/vc_column][\/vc_row][vc_row row_height_percent=\u00a0\u00bb0&Prime; overlay_alpha=\u00a0\u00bb50&Prime; equal_height=\u00a0\u00bbyes\u00a0\u00bb gutter_size=\u00a0\u00bb3&Prime; column_width_percent=\u00a0\u00bb100&Prime; shift_y=\u00a0\u00bb0&Prime; z_index=\u00a0\u00bb0&Prime; uncode_shortcode_id=\u00a0\u00bb573670&Prime;][vc_column column_width_percent=\u00a0\u00bb100&Prime; align_horizontal=\u00a0\u00bbalign_center\u00a0\u00bb gutter_size=\u00a0\u00bb3&Prime; overlay_alpha=\u00a0\u00bb50&Prime; shift_x=\u00a0\u00bb0&Prime; shift_y=\u00a0\u00bb0&Prime; shift_y_down=\u00a0\u00bb0&Prime; z_index=\u00a0\u00bb0&Prime; medium_width=\u00a0\u00bb0&Prime; mobile_width=\u00a0\u00bb0&Prime; width=\u00a0\u00bb1\/1&Prime; uncode_shortcode_id=\u00a0\u00bb691831&Prime;][vc_custom_heading uncode_shortcode_id=\u00a0\u00bb651739&Prime; el_class=\u00a0\u00bbunderline-rouge-rose\u00a0\u00bb]T\u00e9moignages de clients[\/vc_custom_heading][\/vc_column][\/vc_row][vc_row row_height_percent=\u00a0\u00bb32&Prime; override_padding=\u00a0\u00bbyes\u00a0\u00bb h_padding=\u00a0\u00bb3&Prime; top_padding=\u00a0\u00bb2&Prime; bottom_padding=\u00a0\u00bb3&Prime; overlay_alpha=\u00a0\u00bb50&Prime; equal_height=\u00a0\u00bbyes\u00a0\u00bb gutter_size=\u00a0\u00bb3&Prime; column_width_percent=\u00a0\u00bb100&Prime; shift_y=\u00a0\u00bb0&Prime; z_index=\u00a0\u00bb0&Prime; content_parallax=\u00a0\u00bb0&Prime; uncode_shortcode_id=\u00a0\u00bb213140&Prime; front_end_with_slider=\u00a0\u00bbtrue\u00a0\u00bb][vc_column column_width_percent=\u00a0\u00bb100&Prime; gutter_size=\u00a0\u00bb3&Prime; override_padding=\u00a0\u00bbyes\u00a0\u00bb column_padding=\u00a0\u00bb5&Prime; overlay_alpha=\u00a0\u00bb50&Prime; shift_x=\u00a0\u00bb0&Prime; shift_y=\u00a0\u00bb0&Prime; shift_y_down=\u00a0\u00bb0&Prime; z_index=\u00a0\u00bb0&Prime; medium_width=\u00a0\u00bb0&Prime; mobile_width=\u00a0\u00bb0&Prime; width=\u00a0\u00bb1\/1&Prime; uncode_shortcode_id=\u00a0\u00bb107189&Prime;][uncode_slider slider_interval=\u00a0\u00bb5000&Prime; slider_navspeed=\u00a0\u00bb400&Prime; slider_loop=\u00a0\u00bbyes\u00a0\u00bb advanced_nav=\u00a0\u00bbyes\u00a0\u00bb el_id1=\u00a0\u00bbslider-298989&Prime; el_id=\u00a0\u00bbslider-298989&Prime;][vc_row_inner row_inner_height_percent=\u00a0\u00bb0&Prime; overlay_alpha=\u00a0\u00bb50&Prime; gutter_size=\u00a0\u00bb3&Prime; shift_y=\u00a0\u00bb0&Prime; z_index=\u00a0\u00bb0&Prime; uncode_shortcode_id=\u00a0\u00bb708304&Prime;][vc_column_inner column_width_percent=\u00a0\u00bb100&Prime; gutter_size=\u00a0\u00bb3&Prime; back_color=\u00a0\u00bbcolor-lxmt\u00a0\u00bb overlay_alpha=\u00a0\u00bb50&Prime; radius=\u00a0\u00bblg\u00a0\u00bb shift_x=\u00a0\u00bb0&Prime; shift_y=\u00a0\u00bb0&Prime; shift_y_down=\u00a0\u00bb0&Prime; z_index=\u00a0\u00bb0&Prime; medium_width=\u00a0\u00bb0&Prime; mobile_width=\u00a0\u00bb0&Prime; width=\u00a0\u00bb1\/1&Prime; uncode_shortcode_id=\u00a0\u00bb121208&Prime; back_color_type=\u00a0\u00bbuncode-palette\u00a0\u00bb][vc_column_text uncode_shortcode_id=\u00a0\u00bb521618&Prime;]\u201c<em>Notre politique d\u2019am\u00e9lioration continue nous a conduit \u00e0 chercher l\u2019outil id\u00e9al, afin de mieux ma\u00eetriser la position de la flamme sur nos grilles de grande capacit\u00e9. Les cam\u00e9ras HGH PYROSCAN facilitent et optimisent la d\u00e9tection de flamme. Elles nous offrent la possibilit\u00e9 d\u2019\u00e9valuer la r\u00e9partition des temp\u00e9ratures dans le foyer (&#8230;) Nos contraintes ont bien \u00e9t\u00e9 prises en compte : la cam\u00e9ra s\u2019adapte au foyer et \u00e0 un environnement contraignant, et non l\u2019inverse ! Nous appr\u00e9cions \u00e9galement l\u2019assistance et l\u2019\u00e9coute des \u00e9quipes HGH.<\/em>\u00a0\u00bb<\/p>\n<p><strong>Nathalie Berthier, Ing\u00e9nieur Process, Vinci Environnement<\/strong>[\/vc_column_text][\/vc_column_inner][\/vc_row_inner][vc_row_inner row_inner_height_percent=\u00a0\u00bb0&Prime; overlay_alpha=\u00a0\u00bb50&Prime; gutter_size=\u00a0\u00bb3&Prime; shift_y=\u00a0\u00bb0&Prime; z_index=\u00a0\u00bb0&Prime; uncode_shortcode_id=\u00a0\u00bb575065&Prime; row_height_pixel=\u00a0\u00bb700PX\u00a0\u00bb][vc_column_inner column_width_percent=\u00a0\u00bb100&Prime; gutter_size=\u00a0\u00bb3&Prime; back_color=\u00a0\u00bbcolor-lxmt\u00a0\u00bb overlay_alpha=\u00a0\u00bb50&Prime; radius=\u00a0\u00bblg\u00a0\u00bb shift_x=\u00a0\u00bb0&Prime; shift_y=\u00a0\u00bb0&Prime; shift_y_down=\u00a0\u00bb0&Prime; z_index=\u00a0\u00bb0&Prime; medium_width=\u00a0\u00bb0&Prime; mobile_width=\u00a0\u00bb0&Prime; width=\u00a0\u00bb1\/1&Prime; uncode_shortcode_id=\u00a0\u00bb957345&Prime; back_color_type=\u00a0\u00bbuncode-palette\u00a0\u00bb][vc_column_text uncode_shortcode_id=\u00a0\u00bb818280&Prime;]\u00a0\u00bb<em>L&rsquo;utilisation du scanner HGH apporte une grande valeur ajout\u00e9e pour la gestion du processus de fabrication du clinker ainsi que pour la pr\u00e9vention de tout incident sur la virole du four. C&rsquo;est un outil essentiel pour le bon fonctionnement du four. La cam\u00e9ra PYROSCAN nous a permis de renforcer les outils de surveillance du four et de mieux contr\u00f4ler la qualit\u00e9 de la flamme. Les donn\u00e9es de Pyroscan apportent une forte contribution au syst\u00e8me &lsquo;Kiln Master&rsquo; pour le contr\u00f4le automatis\u00e9 du four<\/em>.\u201d<\/p>\n<p><strong>Amine Mnaouer Plant Maintenance Manager \u00e0 LafargeHolcim<\/strong>[\/vc_column_text][\/vc_column_inner][\/vc_row_inner][vc_row_inner row_inner_height_percent=\u00a0\u00bb0&Prime; overlay_alpha=\u00a0\u00bb50&Prime; gutter_size=\u00a0\u00bb3&Prime; shift_y=\u00a0\u00bb0&Prime; z_index=\u00a0\u00bb0&Prime; uncode_shortcode_id=\u00a0\u00bb201932&Prime;][vc_column_inner column_width_percent=\u00a0\u00bb100&Prime; gutter_size=\u00a0\u00bb3&Prime; expand_height=\u00a0\u00bbyes\u00a0\u00bb back_color=\u00a0\u00bbcolor-lxmt\u00a0\u00bb overlay_alpha=\u00a0\u00bb50&Prime; radius=\u00a0\u00bblg\u00a0\u00bb shift_x=\u00a0\u00bb0&Prime; shift_y=\u00a0\u00bb0&Prime; shift_y_down=\u00a0\u00bb0&Prime; z_index=\u00a0\u00bb0&Prime; medium_width=\u00a0\u00bb0&Prime; mobile_width=\u00a0\u00bb0&Prime; width=\u00a0\u00bb1\/1&Prime; uncode_shortcode_id=\u00a0\u00bb112286&Prime; back_color_type=\u00a0\u00bbuncode-palette\u00a0\u00bb][vc_column_text uncode_shortcode_id=\u00a0\u00bb199599&Prime;]\u201c<em>Au cours des quatre derni\u00e8res ann\u00e9es, Brassets Group a mis en \u0153uvre des mises \u00e0 niveau de s\u00e9curit\u00e9 pour des infrastructures critiques de sites gouvernementaux \u00e0 travers l&rsquo;Australie. Nous avons \u00e9t\u00e9 charg\u00e9s de fournir des syst\u00e8mes \u00e0 longue port\u00e9e, pr\u00e9cis, multicouches et fiables pour diverses applications et localisations&#8230;<\/em>\u00a0\u00bb<\/p>\n<p><a href=\"https:\/\/hgh-infrared.com\/wp-content\/uploads\/2025\/12\/testimony_brassets_group.pdf\">Voir plus<\/a><\/p>\n<p><strong>Brassets Groups<\/strong>[\/vc_column_text][\/vc_column_inner][\/vc_row_inner][\/uncode_slider][uncode_carousel_nav position=\u00a0\u00bbabsolute\u00a0\u00bb padding=\u00a0\u00bb0&Prime; hide_arrows=\u00a0\u00bbyes\u00a0\u00bb dots_position=\u00a0\u00bbel_absolute\u00a0\u00bb dots_space=\u00a0\u00bbyes\u00a0\u00bb dots_padding=\u00a0\u00bb0&Prime; dots_look=\u00a0\u00bbraw\u00a0\u00bb hide_counter=\u00a0\u00bbyes\u00a0\u00bb uncode_shortcode_id=\u00a0\u00bb144151&Prime; target=\u00a0\u00bb#slider-298989&Prime;][\/vc_column][\/vc_row]<\/p>\n<\/div>","protected":false},"excerpt":{"rendered":"<p>[vc_row row_height_percent=\u00a0\u00bb0&Prime; override_padding=\u00a0\u00bbyes\u00a0\u00bb h_padding=\u00a0\u00bb2&Prime; top_padding=\u00a0\u00bb3&Prime; bottom_padding=\u00a0\u00bb3&Prime; back_image=\u00a0\u00bb169693&Prime; back_position=\u00a0\u00bbright bottom\u00a0\u00bb overlay_alpha=\u00a0\u00bb50&Prime; gutter_size=\u00a0\u00bb3&Prime; column_width_percent=\u00a0\u00bb100&Prime; shift_y=\u00a0\u00bb0&Prime; z_index=\u00a0\u00bb0&Prime; content_parallax=\u00a0\u00bb0&Prime; uncode_shortcode_id=\u00a0\u00bb191229&Prime;][vc_column column_width_percent=\u00a0\u00bb100&Prime; position_vertical=\u00a0\u00bbmiddle\u00a0\u00bb gutter_size=\u00a0\u00bb1&Prime; style=\u00a0\u00bbdark\u00a0\u00bb [&hellip;]<\/p>\n","protected":false},"author":13,"featured_media":0,"parent":0,"menu_order":0,"comment_status":"closed","ping_status":"closed","template":"","meta":{"footnotes":""},"class_list":["post-169425","page","type-page","status-publish","hentry"],"_links":{"self":[{"href":"https:\/\/hgh-infrared.com\/fr\/wp-json\/wp\/v2\/pages\/169425","targetHints":{"allow":["GET"]}}],"collection":[{"href":"https:\/\/hgh-infrared.com\/fr\/wp-json\/wp\/v2\/pages"}],"about":[{"href":"https:\/\/hgh-infrared.com\/fr\/wp-json\/wp\/v2\/types\/page"}],"author":[{"embeddable":true,"href":"https:\/\/hgh-infrared.com\/fr\/wp-json\/wp\/v2\/users\/13"}],"replies":[{"embeddable":true,"href":"https:\/\/hgh-infrared.com\/fr\/wp-json\/wp\/v2\/comments?post=169425"}],"version-history":[{"count":38,"href":"https:\/\/hgh-infrared.com\/fr\/wp-json\/wp\/v2\/pages\/169425\/revisions"}],"predecessor-version":[{"id":170176,"href":"https:\/\/hgh-infrared.com\/fr\/wp-json\/wp\/v2\/pages\/169425\/revisions\/170176"}],"wp:attachment":[{"href":"https:\/\/hgh-infrared.com\/fr\/wp-json\/wp\/v2\/media?parent=169425"}],"curies":[{"name":"wp","href":"https:\/\/api.w.org\/{rel}","templated":true}]}}